{"id":945375,"date":"2024-02-08T11:20:48","date_gmt":"2024-02-08T10:20:48","guid":{"rendered":"https:\/\/doll.shop\/produkt\/hollaendsk-docka-sofia-77-cm\/"},"modified":"2026-04-20T21:17:46","modified_gmt":"2026-04-20T19:17:46","slug":"hollaendsk-docka-sofia-77-cm","status":"publish","type":"product","link":"https:\/\/doll.shop\/sv\/produkt\/hollaendsk-docka-sofia-77-cm\/","title":{"rendered":"Holl\u00e4ndsk docka Sofia | 77 cm"},"content":{"rendered":"","protected":false},"excerpt":{"rendered":"<p style=\"font-weight: 400;\">DutchDoll Sofia \u00e4r en 77 cm kompakt sexdocka torso med vackert m\u00f6rkt h\u00e5r och provocerande ljusbl\u00e5 \u00f6gon. Best\u00e4ll din premium sexdocka torso p\u00e5 Doll.shop \ud83d\udc95 Sofia \u00e4r en sexdocka av h\u00f6gsta kvalitet, som alla DutchDoll-modeller. Detta g\u00f6r att du kan uppleva k\u00e4nslan och n\u00f6jet hos en verklighetstrogen kvinna.  <\/p>\n","protected":false},"featured_media":945409,"comment_status":"open","ping_status":"closed","template":"","meta":[],"product_brand":[],"product_cat":[1325],"product_tag":[],"class_list":{"0":"post-945375","1":"product","2":"type-product","3":"status-publish","4":"has-post-thumbnail","6":"product_cat-masturbatorer","7":"pa_brand-dutchdoll-sv","9":"first","10":"instock","11":"taxable","12":"shipping-taxable","13":"purchasable","14":"product-type-simple"},"_links":{"self":[{"href":"https:\/\/doll.shop\/sv\/wp-json\/wp\/v2\/product\/945375","targetHints":{"allow":["GET"]}}],"collection":[{"href":"https:\/\/doll.shop\/sv\/wp-json\/wp\/v2\/product"}],"about":[{"href":"https:\/\/doll.shop\/sv\/wp-json\/wp\/v2\/types\/product"}],"replies":[{"embeddable":true,"href":"https:\/\/doll.shop\/sv\/wp-json\/wp\/v2\/comments?post=945375"}],"wp:featuredmedia":[{"embeddable":true,"href":"https:\/\/doll.shop\/sv\/wp-json\/wp\/v2\/media\/945409"}],"wp:attachment":[{"href":"https:\/\/doll.shop\/sv\/wp-json\/wp\/v2\/media?parent=945375"}],"wp:term":[{"taxonomy":"product_brand","embeddable":true,"href":"https:\/\/doll.shop\/sv\/wp-json\/wp\/v2\/product_brand?post=945375"},{"taxonomy":"product_cat","embeddable":true,"href":"https:\/\/doll.shop\/sv\/wp-json\/wp\/v2\/product_cat?post=945375"},{"taxonomy":"product_tag","embeddable":true,"href":"https:\/\/doll.shop\/sv\/wp-json\/wp\/v2\/product_tag?post=945375"}],"curies":[{"name":"wp","href":"https:\/\/api.w.org\/{rel}","templated":true}]}}