{"id":945296,"date":"2024-08-29T14:55:24","date_gmt":"2024-08-29T12:55:24","guid":{"rendered":"https:\/\/doll.shop\/produkt\/dutchdoll-layla-158-cm\/"},"modified":"2026-04-14T07:32:05","modified_gmt":"2026-04-14T05:32:05","slug":"dutchdoll-layla-158-cm","status":"publish","type":"product","link":"https:\/\/doll.shop\/sv\/produkt\/dutchdoll-layla-158-cm\/","title":{"rendered":"DutchDoll Layla | 158 cm"},"content":{"rendered":"","protected":false},"excerpt":{"rendered":"<p>DutchDoll Layla \u00e4r en verklighetstrogen 158 cm sexdocka som erbjuder b\u00e5de sk\u00f6nhet och funktionalitet. Denna oemotst\u00e5ndliga brunett med vackra gr\u00f6na \u00f6gon och m\u00f6rkt h\u00e5r har en medelstor kupstorlek och lyxiga alternativ som ett handskelett och mjuk hudteknik f\u00f6r en verklighetstrogen k\u00e4nsla. Det avancerade Evo-skelettet s\u00e4kerst\u00e4ller smidiga r\u00f6relser, medan den r\u00f6rliga k\u00e4ken ger realism. Layla v\u00e4ger mindre \u00e4n 30 kg och \u00e4r d\u00e4rf\u00f6r l\u00e4tt att hantera utan att kompromissa med den realistiska upplevelsen. DutchDoll \u00e4r k\u00e4nt f\u00f6r sitt utm\u00e4rkta hantverk och sitt engagemang f\u00f6r kvalitet, vilket \u00e5terspeglas i Laylas design i en harmonisk kombination av h\u00f6g realism och avancerad funktionalitet.<\/p>\n","protected":false},"featured_media":950191,"comment_status":"open","ping_status":"closed","template":"","meta":[],"product_brand":[],"product_cat":[1311,1312],"product_tag":[],"class_list":{"0":"post-945296","1":"product","2":"type-product","3":"status-publish","4":"has-post-thumbnail","6":"product_cat-sexdockor","7":"product_cat-dutchdoll-sv","8":"pa_brand-dutchdoll-sv","10":"first","11":"instock","12":"taxable","13":"shipping-taxable","14":"purchasable","15":"product-type-simple"},"_links":{"self":[{"href":"https:\/\/doll.shop\/sv\/wp-json\/wp\/v2\/product\/945296","targetHints":{"allow":["GET"]}}],"collection":[{"href":"https:\/\/doll.shop\/sv\/wp-json\/wp\/v2\/product"}],"about":[{"href":"https:\/\/doll.shop\/sv\/wp-json\/wp\/v2\/types\/product"}],"replies":[{"embeddable":true,"href":"https:\/\/doll.shop\/sv\/wp-json\/wp\/v2\/comments?post=945296"}],"wp:featuredmedia":[{"embeddable":true,"href":"https:\/\/doll.shop\/sv\/wp-json\/wp\/v2\/media\/950191"}],"wp:attachment":[{"href":"https:\/\/doll.shop\/sv\/wp-json\/wp\/v2\/media?parent=945296"}],"wp:term":[{"taxonomy":"product_brand","embeddable":true,"href":"https:\/\/doll.shop\/sv\/wp-json\/wp\/v2\/product_brand?post=945296"},{"taxonomy":"product_cat","embeddable":true,"href":"https:\/\/doll.shop\/sv\/wp-json\/wp\/v2\/product_cat?post=945296"},{"taxonomy":"product_tag","embeddable":true,"href":"https:\/\/doll.shop\/sv\/wp-json\/wp\/v2\/product_tag?post=945296"}],"curies":[{"name":"wp","href":"https:\/\/api.w.org\/{rel}","templated":true}]}}