{"id":951646,"date":"2026-01-20T15:29:33","date_gmt":"2026-01-20T14:29:33","guid":{"rendered":"https:\/\/doll.shop\/om-oss\/"},"modified":"2026-01-20T16:21:12","modified_gmt":"2026-01-20T15:21:12","slug":"om-oss","status":"publish","type":"page","link":"https:\/\/doll.shop\/sv\/om-oss\/","title":{"rendered":"Om oss"},"content":{"rendered":"\n<style>\n    \/* --- CSS-VARIABLER --- *\/\n    :root {\n        --ds-primary: #be123c;\n        --ds-primary-bg: #fff1f2;\n        --ds-text-dark: #1f2937;\n        --ds-text-light: #6b7280;\n        --ds-border: #e5e7eb;\n        --ds-bg-body: #f9fafb;\n        --ds-radius: 8px;\n    }\n\n    \/* --- GRUNDLAYOUT --- *\/\n    .ds-av-wrapper {\n        font-family: -apple-system, BlinkMacSystemFont, \"Segoe UI\", Roboto, Helvetica, Arial, sans-serif;\n        color: var(--ds-text-dark);\n        line-height: 1.6;\n        max-width: 1200px;\n        margin: 0 auto;\n        padding: 0px;\n    }\n\n    \/* --- HUVUDINNEH\u00c5LL --- *\/\n    .ds-content {\n        background: #fff;\n        padding: 40px;\n        border: 1px solid var(--ds-border);\n        border-radius: var(--ds-radius);\n    }\n\n    .ds-content h2 { \n        margin-top: 0; \n        margin-bottom: 40px; \n        font-size: 28px; \n        color: var(--ds-text-dark);\n        text-align: center;\n    }\n    \n    .ds-article { \n        margin-bottom: 80px;\n    }\n\n    .ds-article:last-child {\n        margin-bottom: 0;\n    }\n    \n    \/* --- RADLAYOUT --- *\/\n    .ds-row {\n        display: flex;\n        align-items: center;\n        gap: 60px;\n    }\n\n    .ds-row.reverse {\n        flex-direction: row-reverse;\n    }\n\n    .ds-col-text { flex: 1; }\n    .ds-col-img { flex: 1; }\n\n    .ds-article h3 { \n        font-size: 22px; \n        font-weight: 700; \n        margin-bottom: 20px; \n        display: flex; \n        align-items: center; \n        margin-top: 0;\n        color: var(--ds-text-dark);\n    }\n    \n    .ds-article h3::before { \n        content: ''; \n        display: inline-block; \n        width: 4px; \n        height: 22px; \n        background-color: var(--ds-primary); \n        margin-right: 12px; \n        border-radius: 2px; \n    }\n    \n    .ds-content p { \n        font-size: 16px; \n        color: #374151; \n        margin-bottom: 16px; \n        line-height: 1.7;\n    }\n    \n    .ds-content img {\n        width: 100%;\n        height: auto;\n        border-radius: var(--ds-radius);\n        box-shadow: 0 4px 20px rgba(0,0,0,0.08);\n        display: block;\n        transition: transform 0.3s ease;\n    }\n\n    .ds-content img:hover {\n        transform: scale(1.01);\n    }\n    \n    \/* --- MOBIL --- *\/\n    @media (max-width: 900px) {\n        .ds-content {\n            padding: 20px;\n            border: none;\n        }\n\n        .ds-content h2 {\n            font-size: 24px;\n            margin-bottom: 30px;\n            text-align: left;\n        }\n\n        .ds-article { \n            margin-bottom: 50px; \n        }\n\n        .ds-row, .ds-row.reverse {\n            flex-direction: column; \n            gap: 20px;\n        }\n\n        .ds-col-text { order: 1; }\n        .ds-col-img { order: 2; width: 100%; }\n\n        .ds-article h3 {\n            font-size: 20px;\n        }\n    }\n<\/style>\n\n<div class=\"ds-av-wrapper\">\n    <main class=\"ds-content\">\n        <h2>Om Doll.shop<\/h2>\n\n        <div class=\"ds-article\">\n            <div class=\"ds-row\">\n                <div class=\"ds-col-text\">\n                    <h3>Specialisten p\u00e5 sexdockor<\/h3>\n                    <p>Doll.shop \u00e4r din p\u00e5litliga specialist p\u00e5 ultrarealistiska sexdockor. Vi levererar sexdockor av premiumkvalitet fr\u00e5n v\u00e5ra lager i Nederl\u00e4nderna till f\u00f6rv\u00e5nansv\u00e4rt l\u00e5ga priser. Du hittar knappast sexdockor billigare n\u00e5gon annanstans.<\/p>\n                <\/div>\n                <div class=\"ds-col-img\">\n                    <img decoding=\"async\" src=\"https:\/\/doll.shop\/wp-content\/uploads\/2022\/09\/uber_doll24.jpg\" alt=\"Doll.shop showroom och specialist\" title=\"\">\n                <\/div>\n            <\/div>\n        <\/div>\n\n        <div class=\"ds-article\">\n            <h3>V\u00e5r historia<\/h3>\n            <p>Vi b\u00f6rjade redan 2010 med att s\u00e4lja realistiska sexdockor i Nederl\u00e4nderna. V\u00e5rt m\u00e5l var tydligt fr\u00e5n start: <strong>sexdockor av h\u00f6g kvalitet f\u00f6r alla<\/strong>. P\u00e5 bara n\u00e5gra \u00e5r v\u00e4xte vi kraftigt och blev den st\u00f6rsta leverant\u00f6ren i Nederl\u00e4nderna och Belgien. Tack vare rekommendationer mellan entusiaster b\u00f6rjade allt fler kunder fr\u00e5n Tyskland och Frankrike bes\u00f6ka v\u00e5rt nederl\u00e4ndska showroom fr\u00e5n och med 2019.<\/p>\n            <p>P\u00e5 beg\u00e4ran av tyska kunder tog vi 2020 v\u00e5ra f\u00f6rsta steg in p\u00e5 den tyska marknaden. Sedan 2021 har vi \u00e4ven personal i Tyskland och en lokal verksamhet d\u00e4r. V\u00e5r ambition \u00e4r att forts\u00e4tta expandera och n\u00e5 \u00e4nnu fler l\u00e4nder i Europa.<\/p>\n        <\/div>\n\n        <div class=\"ds-article\">\n            <div class=\"ds-row reverse\">\n                <div class=\"ds-col-text\">\n                    <h3>Vem k\u00f6per egentligen sexdockor?<\/h3>\n                    <p>Hos Doll.shop k\u00f6ps sexdockor av m\u00e4n, kvinnor och par. Vissa s\u00f6ker en realistisk sexuell upplevelse, andra uppskattar framf\u00f6r allt s\u00e4llskapet.<\/p>\n                    <p>Ut\u00f6ver privatkunder levererar vi \u00e4ven regelbundet dockor till f\u00f6retag inom den kreativa sektorn. V\u00e5ra modeller anv\u00e4nds i filmproduktioner, p\u00e5 museer och i utst\u00e4llningar. Sexdockor \u00e4r inte l\u00e4ngre enbart f\u00f6r privat bruk \u2013 de \u00e4r m\u00e5ngsidiga och kan vara mycket mer \u00e4n bara en partner i sovrummet.<\/p>\n                <\/div>\n                <div class=\"ds-col-img\">\n                    <img decoding=\"async\" src=\"https:\/\/doll.shop\/wp-content\/uploads\/2022\/09\/Liebespuppe_Kunst.jpg\" alt=\"Sexdocka i konstn\u00e4rlig milj\u00f6\" title=\"\">\n                <\/div>\n            <\/div>\n        <\/div>\n\n        <div class=\"ds-article\">\n            <div class=\"ds-row\">\n                <div class=\"ds-col-text\">\n                    <h3>Alltid b\u00e4sta pris<\/h3>\n                    <p>F\u00f6r att g\u00f6ra k\u00e4rleksdockor tillg\u00e4ngliga f\u00f6r alla fokuserar vi st\u00e4ndigt p\u00e5 effektivitet och kostnadsoptimering. Vi k\u00f6per sexdockor i stora volymer, vilket g\u00f6r att vi alltid kan erbjuda dig det b\u00e4sta m\u00f6jliga priset \u2013 utan att kompromissa med service eller toppkvalitet.<\/p>\n                <\/div>\n                <div class=\"ds-col-img\">\n                    <img decoding=\"async\" src=\"https:\/\/doll.shop\/wp-content\/uploads\/2022\/09\/niedrigster_preis.jpg\" alt=\"B\u00e4sta pris-garanti\" title=\"\">\n                <\/div>\n            <\/div>\n        <\/div>\n\n        <div class=\"ds-article\">\n            <div class=\"ds-row reverse\">\n                <div class=\"ds-col-text\">\n                    <h3>Kvalitet och p\u00e5litlighet<\/h3>\n                    <p>En sexdocka \u00e4r ingen vardagsprodukt, och du vill vara s\u00e4ker p\u00e5 att f\u00e5 exakt det du f\u00f6rv\u00e4ntar dig. D\u00e4rf\u00f6r samarbetar vi bland annat med WebwinkelKeur, som regelbundet kontrollerar att vi uppfyller alla lagkrav och att v\u00e5ra kunder \u00e4r n\u00f6jda.<\/p>\n                    <p>\u00c4ven v\u00e5ra leverant\u00f6rer granskas regelbundet f\u00f6r att s\u00e4kerst\u00e4lla h\u00f6g och j\u00e4mn produktkvalitet.<\/p>\n                <\/div>\n                <div class=\"ds-col-img\">\n                    <img decoding=\"async\" src=\"https:\/\/doll.shop\/wp-content\/uploads\/2022\/09\/Sexpuppe_spezialist.jpg\" alt=\"Kvalitetskontroll av sexdockor\" title=\"\">\n                <\/div>\n            <\/div>\n        <\/div>\n\n        <div class=\"ds-article\">\n            <div class=\"ds-row\">\n                <div class=\"ds-col-text\">\n                    <h3>Snabb och diskret leverans<\/h3>\n                    <p>Doll.shop har alltid minst 1&nbsp;000 modeller i lager. Om du best\u00e4ller en lagerf\u00f6rd modell f\u00f6re kl. 14:00 kan vi ofta skicka din best\u00e4llning redan samma dag. Det inneb\u00e4r att din dr\u00f6mkompanjon kan vara hos dig inom bara n\u00e5gra dagar.<\/p>\n                    <p>V\u00e5ra f\u00f6rpackningar visar aldrig namnet p\u00e5 v\u00e5r webbplats, leverant\u00f6ren eller produkten. Hela leveransprocessen \u00e4r helt anonym. Du beh\u00f6ver inte oroa dig f\u00f6r nyfikna blickar \u2013 din best\u00e4llning fr\u00e5n Doll.shop \u00e4r helt privat.<\/p>\n                <\/div>\n                <div class=\"ds-col-img\">\n                    <img decoding=\"async\" src=\"https:\/\/doll.shop\/wp-content\/uploads\/2022\/09\/firedoll-spezialist.jpg\" alt=\"Diskret leverans\" title=\"\">\n                <\/div>\n            <\/div>\n        <\/div>\n\n    <\/main>\n<\/div>\n","protected":false},"excerpt":{"rendered":"<p>Om Doll.shop Specialisten p\u00e5 sexdockor Doll.shop \u00e4r din p\u00e5litliga specialist p\u00e5 ultrarealistiska sexdockor. Vi levererar sexdockor av premiumkvalitet fr\u00e5n v\u00e5ra<\/p>\n","protected":false},"author":1,"featured_media":0,"parent":0,"menu_order":0,"comment_status":"closed","ping_status":"closed","template":"","meta":{"footnotes":""},"class_list":["post-951646","page","type-page","status-publish","hentry"],"_links":{"self":[{"href":"https:\/\/doll.shop\/sv\/wp-json\/wp\/v2\/pages\/951646","targetHints":{"allow":["GET"]}}],"collection":[{"href":"https:\/\/doll.shop\/sv\/wp-json\/wp\/v2\/pages"}],"about":[{"href":"https:\/\/doll.shop\/sv\/wp-json\/wp\/v2\/types\/page"}],"author":[{"embeddable":true,"href":"https:\/\/doll.shop\/sv\/wp-json\/wp\/v2\/users\/1"}],"replies":[{"embeddable":true,"href":"https:\/\/doll.shop\/sv\/wp-json\/wp\/v2\/comments?post=951646"}],"version-history":[{"count":2,"href":"https:\/\/doll.shop\/sv\/wp-json\/wp\/v2\/pages\/951646\/revisions"}],"predecessor-version":[{"id":951672,"href":"https:\/\/doll.shop\/sv\/wp-json\/wp\/v2\/pages\/951646\/revisions\/951672"}],"wp:attachment":[{"href":"https:\/\/doll.shop\/sv\/wp-json\/wp\/v2\/media?parent=951646"}],"curies":[{"name":"wp","href":"https:\/\/api.w.org\/{rel}","templated":true}]}}