{"id":951444,"date":"2026-01-18T07:30:55","date_gmt":"2026-01-18T06:30:55","guid":{"rendered":"https:\/\/doll.shop\/kunskapsbas\/"},"modified":"2026-01-20T09:49:25","modified_gmt":"2026-01-20T08:49:25","slug":"kunskapsbas","status":"publish","type":"page","link":"https:\/\/doll.shop\/sv\/kunskapsbas\/","title":{"rendered":"Kunskapsbas"},"content":{"rendered":"\n<p><code>\t<div class=\"kb-wrapper kb-hub-wrapper\">\n\t\t\n\t\t<div class=\"kb-mobile-hub-nav\">\n\t\t\t<div class=\"kb-mobile-search-wrapper\">\n\t\t\t\t<div class=\"kb-search-container mobile-search\">\n\t\t\t\t\t<svg class=\"kb-search-icon mobile-icon\" xmlns=\"[http:\/\/www.w3.org\/2000\/svg](http:\/\/www.w3.org\/2000\/svg)\" fill=\"none\" viewBox=\"0 0 24 24\" stroke=\"currentColor\">\n\t\t\t\t\t\t<path stroke-linecap=\"round\" stroke-linejoin=\"round\" stroke-width=\"2\" d=\"M21 21l-6-6m2-5a7 7 0 11-14 0 7 7 0 0114 0z\" \/>\n\t\t\t\t\t<\/svg>\n\t\t\t\t\t<input type=\"text\" class=\"kb-sidebar-search dvwz-kb-ajax-input mobile-input\" placeholder=\"S\u00f6k i kunskapsbanken\u2026\" autocomplete=\"off\">\n\t\t\t\t\t<div class=\"dvwz-kb-search-results mobile-results\"><\/div>\n\t\t\t\t<\/div>\n\t\t\t<\/div>\n\t\t<\/div>\n\n\t\t<header class=\"kb-hero\">\n\t\t\t<div class=\"kb-hero-inner\">\n\t\t\t\t<div class=\"kb-hero-text\">\n\t\t\t\t\t<h1>\n\t\t\t\t\t\t<svg xmlns=\"[http:\/\/www.w3.org\/2000\/svg](http:\/\/www.w3.org\/2000\/svg)\" fill=\"none\" viewBox=\"0 0 24 24\" stroke=\"currentColor\">\n\t\t\t\t\t\t\t<path stroke-linecap=\"round\" stroke-linejoin=\"round\" stroke-width=\"2\" d=\"M12 6.253v13m0-13C10.832 5.477 9.246 5 7.5 5S4.168 5.477 3 6.253v13C4.168 18.477 5.754 18 7.5 18s3.332.477 4.5 1.253m0-13C13.168 5.477 14.754 5 16.5 5c1.747 0 3.332.477 4.5 1.253v13C19.832 18.477 18.247 18 16.5 18c-1.746 0-3.332.477-4.5 1.253\" \/>\n\t\t\t\t\t\t<\/svg>\n\t\t\t\t\t\tKunskapsbank\t\t\t\t\t<\/h1>\n\t\t\t\t\t<p>Praktisk information om val, sk\u00f6tsel och diskret anv\u00e4ndning av sexdockor.<\/p>\n\t\t\t\t<\/div>\n\t\t\t\t\n\t\t\t\t<div class=\"kb-search-container kb-desktop-only-search\">\n\t\t\t\t\t<svg class=\"kb-search-icon\" xmlns=\"[http:\/\/www.w3.org\/2000\/svg](http:\/\/www.w3.org\/2000\/svg)\" fill=\"none\" viewBox=\"0 0 24 24\" stroke=\"currentColor\"><path stroke-linecap=\"round\" stroke-linejoin=\"round\" stroke-width=\"2\" d=\"M21 21l-6-6m2-5a7 7 0 11-14 0 7 7 0 0114 0z\" \/><\/svg>\n\t\t\t\t\t<input type=\"text\" class=\"kb-shared-search dvwz-kb-ajax-input\" placeholder=\"S\u00f6k i kunskapsbanken\u2026\" autocomplete=\"off\">\n\t\t\t\t\t<div class=\"dvwz-kb-search-results\"><\/div>\n\t\t\t\t<\/div>\n\t\t\t<\/div>\n\t\t<\/header>\n\n\t\t<div class=\"kb-container\">\n\t\t\t<div class=\"kb-section-label\">\u00c4mnen<\/div>\n\t\t\t<div class=\"kb-grid\">\n\t\t\t\t\t\t\t\t<div class=\"kb-card\">\n\t\t\t\t\t<div class=\"kb-card-header\">\n\t\t\t\t\t\t<div class=\"kb-card-icon\"><svg xmlns=\"[http:\/\/www.w3.org\/2000\/svg](http:\/\/www.w3.org\/2000\/svg)\" fill=\"none\" viewBox=\"0 0 24 24\" stroke=\"currentColor\"><path stroke-linecap=\"round\" stroke-linejoin=\"round\" stroke-width=\"2\" d=\"M3 7v10a2 2 0 002 2h14a2 2 0 002-2V9a2 2 0 00-2-2h-6l-2-2H5a2 2 0 00-2 2z\" \/><\/svg><\/div>\n\t\t\t\t\t\t<h3>Diskretion, betalning &amp; leverans<\/h3>\n\t\t\t\t\t<\/div>\n\t\t\t\t\t<div class=\"kb-card-desc\"><p>Du beh\u00e5ller kontrollen \u00f6ver integritet och leverans. Vi f\u00f6rklarar vad du ser p\u00e5 boxen, hur leverans och sp\u00e5rning fungerar och vilka val du har n\u00e4r du betalar.<\/p><\/div>\n\t\t\t\t\t\t\t\t\t\t\t<ul class=\"kb-link-list\">\n\t\t\t\t\t\t\t\t\t\t\t\t\t\t\t<li class=\"\"><a href=\"https:\/\/doll.shop\/sv\/kennisbank\/leveranstider-och-leverans\/\">Leveranstider och leverans<\/a><\/li>\n\t\t\t\t\t\t\t\t\t\t\t\t\t\t\t<li class=\"\"><a href=\"https:\/\/doll.shop\/sv\/kennisbank\/diskret-forpackning\/\">Diskret f\u00f6rpackning<\/a><\/li>\n\t\t\t\t\t\t\t\t\t\t\t\t\t\t\t<li class=\"\"><a href=\"https:\/\/doll.shop\/sv\/kennisbank\/tull-moms-och-inga-overraskningar-i-efterhand\/\">Tull, moms och inga \u00f6verraskningar i efterhand<\/a><\/li>\n\t\t\t\t\t\t\t\t\t\t\t\t\t\t\t<li class=\"\"><a href=\"https:\/\/doll.shop\/sv\/kennisbank\/diskret-och-saker-betalning\/\">Diskret och s\u00e4ker betalning<\/a><\/li>\n\t\t\t\t\t\t\t\t\t\t\t\t\t\t\t<li class=\"\"><a href=\"https:\/\/doll.shop\/sv\/kennisbank\/leverans-av-kundanpassade-modeller\/\">Leverans av kundanpassade modeller<\/a><\/li>\n\t\t\t\t\t\t\t\t\t\t\t\t\t\t\t<li class=\"kb-hidden-item\"><a href=\"https:\/\/doll.shop\/sv\/kennisbank\/integritet-fore-under-och-efter-bestallningen\/\">Integritet f\u00f6re, under och efter best\u00e4llningen<\/a><\/li>\n\t\t\t\t\t\t\t\t\t\t\t\t\t<\/ul>\n\t\t\t\t\t\t\t\t\t\t\t\t\t<button class=\"kb-show-more-btn\" data-text=\"Visa alla 6 artiklar\">\n\t\t\t\t\t\t\t\tVisa alla 6 artiklar\t\t\t\t\t\t\t<\/button>\n\t\t\t\t\t\t\t\t\t\t\t\t\t\t\t<\/div>\n\t\t\t\t\t\t\t\t<div class=\"kb-card\">\n\t\t\t\t\t<div class=\"kb-card-header\">\n\t\t\t\t\t\t<div class=\"kb-card-icon\"><svg xmlns=\"[http:\/\/www.w3.org\/2000\/svg](http:\/\/www.w3.org\/2000\/svg)\" fill=\"none\" viewBox=\"0 0 24 24\" stroke=\"currentColor\"><path stroke-linecap=\"round\" stroke-linejoin=\"round\" stroke-width=\"2\" d=\"M3 7v10a2 2 0 002 2h14a2 2 0 002-2V9a2 2 0 00-2-2h-6l-2-2H5a2 2 0 00-2 2z\" \/><\/svg><\/div>\n\t\t\t\t\t\t<h3>Manuell<\/h3>\n\t\t\t\t\t<\/div>\n\t\t\t\t\t<div class=\"kb-card-desc\"><p>R\u00e4tt underh\u00e5ll f\u00f6rl\u00e4nger livsl\u00e4ngden och h\u00e5ller allt fr\u00e4scht och vackert. Du f\u00e5r tydliga steg f\u00f6r reng\u00f6ring, torkning, f\u00f6rvaring och hantering av fl\u00e4ckar.<\/p><\/div>\n\t\t\t\t\t\t\t\t\t\t\t<ul class=\"kb-link-list\">\n\t\t\t\t\t\t\t\t\t\t\t\t\t\t\t<li class=\"\"><a href=\"https:\/\/doll.shop\/sv\/kennisbank\/packa-upp-och-installera-for-forsta-gangen\/\">Packa upp och installera f\u00f6r f\u00f6rsta g\u00e5ngen<\/a><\/li>\n\t\t\t\t\t\t\t\t\t\t\t\t\t\t\t<li class=\"\"><a href=\"https:\/\/doll.shop\/sv\/kennisbank\/underhall-och-rengoring-av-en-sexdocka\/\">Underh\u00e5ll och reng\u00f6ring av en sexdocka<\/a><\/li>\n\t\t\t\t\t\t\t\t\t\t\t\t\t\t\t<li class=\"\"><a href=\"https:\/\/doll.shop\/sv\/kennisbank\/hantering-av-flackar-och-missfargningar\/\">Hantering av fl\u00e4ckar och missf\u00e4rgningar<\/a><\/li>\n\t\t\t\t\t\t\t\t\t\t\t\t\t<\/ul>\n\t\t\t\t\t\t\t\t\t\t\t\t\t\t\t<\/div>\n\t\t\t\t\t\t\t\t<div class=\"kb-card\">\n\t\t\t\t\t<div class=\"kb-card-header\">\n\t\t\t\t\t\t<div class=\"kb-card-icon\"><svg xmlns=\"[http:\/\/www.w3.org\/2000\/svg](http:\/\/www.w3.org\/2000\/svg)\" fill=\"none\" viewBox=\"0 0 24 24\" stroke=\"currentColor\"><path stroke-linecap=\"round\" stroke-linejoin=\"round\" stroke-width=\"2\" d=\"M3 7v10a2 2 0 002 2h14a2 2 0 002-2V9a2 2 0 00-2-2h-6l-2-2H5a2 2 0 00-2 2z\" \/><\/svg><\/div>\n\t\t\t\t\t\t<h3>Urvalsst\u00f6d &amp; kundanpassning<\/h3>\n\t\t\t\t\t<\/div>\n\t\t\t\t\t<div class=\"kb-card-desc\"><p>Vilken docka passar dig b\u00e4st? H\u00e4r best\u00e4mmer du material, storlek, tillval och finish. Snabbt. Tydligt och klart. S\u00e5 att du v\u00e4ljer med s\u00e4kerhet och inte \u00e5ngrar dig senare.<\/p><\/div>\n\t\t\t\t\t\t\t\t\t\t\t<ul class=\"kb-link-list\">\n\t\t\t\t\t\t\t\t\t\t\t\t\t\t\t<li class=\"\"><a href=\"https:\/\/doll.shop\/sv\/kennisbank\/alternativ-i-sexdockor-vad-ar-vettigt-och-vad-ar-det-inte\/\">Alternativ i sexdockor: vad \u00e4r vettigt och vad \u00e4r det inte?<\/a><\/li>\n\t\t\t\t\t\t\t\t\t\t\t\t\t\t\t<li class=\"\"><a href=\"https:\/\/doll.shop\/sv\/kennisbank\/vilket-marke-av-sexdocka-passar-dig\/\">Vilket m\u00e4rke av sexdocka passar dig?<\/a><\/li>\n\t\t\t\t\t\t\t\t\t\t\t\t\t<\/ul>\n\t\t\t\t\t\t\t\t\t\t\t\t\t\t\t<\/div>\n\t\t\t\t\t\t\t<\/div>\n\t\t<\/div>\n\t<\/div>\n\t<\/code><\/p>\n","protected":false},"excerpt":{"rendered":"","protected":false},"author":1,"featured_media":0,"parent":0,"menu_order":0,"comment_status":"closed","ping_status":"closed","template":"","meta":{"footnotes":""},"class_list":["post-951444","page","type-page","status-publish","hentry"],"_links":{"self":[{"href":"https:\/\/doll.shop\/sv\/wp-json\/wp\/v2\/pages\/951444","targetHints":{"allow":["GET"]}}],"collection":[{"href":"https:\/\/doll.shop\/sv\/wp-json\/wp\/v2\/pages"}],"about":[{"href":"https:\/\/doll.shop\/sv\/wp-json\/wp\/v2\/types\/page"}],"author":[{"embeddable":true,"href":"https:\/\/doll.shop\/sv\/wp-json\/wp\/v2\/users\/1"}],"replies":[{"embeddable":true,"href":"https:\/\/doll.shop\/sv\/wp-json\/wp\/v2\/comments?post=951444"}],"version-history":[{"count":1,"href":"https:\/\/doll.shop\/sv\/wp-json\/wp\/v2\/pages\/951444\/revisions"}],"predecessor-version":[{"id":951445,"href":"https:\/\/doll.shop\/sv\/wp-json\/wp\/v2\/pages\/951444\/revisions\/951445"}],"wp:attachment":[{"href":"https:\/\/doll.shop\/sv\/wp-json\/wp\/v2\/media?parent=951444"}],"curies":[{"name":"wp","href":"https:\/\/api.w.org\/{rel}","templated":true}]}}