{"id":947928,"date":"2025-09-16T12:48:04","date_gmt":"2025-09-16T10:48:04","guid":{"rendered":"https:\/\/doll.shop\/?post_type=product&#038;p=947928"},"modified":"2026-04-22T12:31:10","modified_gmt":"2026-04-22T10:31:10","slug":"sexdoll-ava-158-cm","status":"publish","type":"product","link":"https:\/\/doll.shop\/pl\/produkt\/sexdoll-ava-158-cm\/","title":{"rendered":"EL doll Sasha | 158 cm"},"content":{"rendered":"","protected":false},"excerpt":{"rendered":"<p>EL doll Sasha to elegancka 158-centymetrowa blondynka o szczup\u0142ej, kobiecej sylwetce i delikatnym, naturalnym wygl\u0105dzie. Jej jasna sk\u00f3ra i promienne blond w\u0142osy nadaj\u0105 jej \u015bwie\u017cy, klasyczny wygl\u0105d, kt\u00f3ry natychmiast przyci\u0105ga uwag\u0119. Dzi\u0119ki pi\u0119knej miseczce C i wyrafinowanym proporcjom Sasha jest zar\u00f3wno zmys\u0142owa, jak i przyst\u0119pna.  <\/p>\n","protected":false},"featured_media":951037,"comment_status":"open","ping_status":"closed","template":"","meta":[],"product_brand":[],"product_cat":[708],"product_tag":[],"class_list":{"0":"post-947928","1":"product","2":"type-product","3":"status-publish","4":"has-post-thumbnail","6":"product_cat-rf-doll-pl","8":"first","9":"instock","10":"sale","11":"taxable","12":"shipping-taxable","13":"purchasable","14":"product-type-simple"},"_links":{"self":[{"href":"https:\/\/doll.shop\/pl\/wp-json\/wp\/v2\/product\/947928","targetHints":{"allow":["GET"]}}],"collection":[{"href":"https:\/\/doll.shop\/pl\/wp-json\/wp\/v2\/product"}],"about":[{"href":"https:\/\/doll.shop\/pl\/wp-json\/wp\/v2\/types\/product"}],"replies":[{"embeddable":true,"href":"https:\/\/doll.shop\/pl\/wp-json\/wp\/v2\/comments?post=947928"}],"wp:featuredmedia":[{"embeddable":true,"href":"https:\/\/doll.shop\/pl\/wp-json\/wp\/v2\/media\/951037"}],"wp:attachment":[{"href":"https:\/\/doll.shop\/pl\/wp-json\/wp\/v2\/media?parent=947928"}],"wp:term":[{"taxonomy":"product_brand","embeddable":true,"href":"https:\/\/doll.shop\/pl\/wp-json\/wp\/v2\/product_brand?post=947928"},{"taxonomy":"product_cat","embeddable":true,"href":"https:\/\/doll.shop\/pl\/wp-json\/wp\/v2\/product_cat?post=947928"},{"taxonomy":"product_tag","embeddable":true,"href":"https:\/\/doll.shop\/pl\/wp-json\/wp\/v2\/product_tag?post=947928"}],"curies":[{"name":"wp","href":"https:\/\/api.w.org\/{rel}","templated":true}]}}