{"id":947920,"date":"2025-09-16T09:50:29","date_gmt":"2025-09-16T07:50:29","guid":{"rendered":"https:\/\/doll.shop\/produkt\/firedoll-stella-156-cm\/"},"modified":"2026-04-26T13:35:28","modified_gmt":"2026-04-26T11:35:28","slug":"firedoll-stella-156-cm","status":"publish","type":"product","link":"https:\/\/doll.shop\/pl\/produkt\/firedoll-stella-156-cm\/","title":{"rendered":"Firedoll Stella | 156 cm"},"content":{"rendered":"","protected":false},"excerpt":{"rendered":"<p>RF Doll Stella to wyrafinowana 156-centymetrowa blondynka o eleganckiej, kobiecej sylwetce i mi\u0119kkim, zach\u0119caj\u0105cym wygl\u0105dzie. Jej jasna sk\u00f3ra i l\u015bni\u0105ce blond w\u0142osy nadaj\u0105 jej \u015bwie\u017cy, stylowy wygl\u0105d. Dzi\u0119ki naturalnej miseczce C i zr\u00f3wnowa\u017conym krzywiznom, Stella emanuje zar\u00f3wno klas\u0105, jak i zmys\u0142owym urokiem.  <\/p>\n","protected":false},"featured_media":947542,"comment_status":"open","ping_status":"closed","template":"","meta":[],"product_brand":[],"product_cat":[794],"product_tag":[],"class_list":{"0":"post-947920","1":"product","2":"type-product","3":"status-publish","4":"has-post-thumbnail","6":"product_cat-firedoll-pl","8":"first","9":"instock","10":"sale","11":"taxable","12":"shipping-taxable","13":"purchasable","14":"product-type-simple"},"_links":{"self":[{"href":"https:\/\/doll.shop\/pl\/wp-json\/wp\/v2\/product\/947920","targetHints":{"allow":["GET"]}}],"collection":[{"href":"https:\/\/doll.shop\/pl\/wp-json\/wp\/v2\/product"}],"about":[{"href":"https:\/\/doll.shop\/pl\/wp-json\/wp\/v2\/types\/product"}],"replies":[{"embeddable":true,"href":"https:\/\/doll.shop\/pl\/wp-json\/wp\/v2\/comments?post=947920"}],"wp:featuredmedia":[{"embeddable":true,"href":"https:\/\/doll.shop\/pl\/wp-json\/wp\/v2\/media\/947542"}],"wp:attachment":[{"href":"https:\/\/doll.shop\/pl\/wp-json\/wp\/v2\/media?parent=947920"}],"wp:term":[{"taxonomy":"product_brand","embeddable":true,"href":"https:\/\/doll.shop\/pl\/wp-json\/wp\/v2\/product_brand?post=947920"},{"taxonomy":"product_cat","embeddable":true,"href":"https:\/\/doll.shop\/pl\/wp-json\/wp\/v2\/product_cat?post=947920"},{"taxonomy":"product_tag","embeddable":true,"href":"https:\/\/doll.shop\/pl\/wp-json\/wp\/v2\/product_tag?post=947920"}],"curies":[{"name":"wp","href":"https:\/\/api.w.org\/{rel}","templated":true}]}}