{"id":947914,"date":"2025-09-16T09:09:35","date_gmt":"2025-09-16T07:09:35","guid":{"rendered":"https:\/\/doll.shop\/?post_type=product&p=947914"},"modified":"2026-04-14T00:16:41","modified_gmt":"2026-04-13T22:16:41","slug":"firedoll-camila-156-cm","status":"publish","type":"product","link":"https:\/\/doll.shop\/pl\/produkt\/firedoll-camila-156-cm\/","title":{"rendered":"Firedoll Camila | 156 cm"},"content":{"rendered":"","protected":false},"excerpt":{"rendered":"<p>Camila to 156-centymetrowa brazylijska pi\u0119kno\u015b\u0107 o naturalnej miseczce D i figlarnym wygl\u0105dzie. Jej mi\u0119kka sk\u00f3ra TPE jest realistyczna, a metalowy szkielet zapewnia p\u0142ynne i stabilne ruchy. Dzi\u0119ki trzem realistycznym otworom Camila oferuje wszechstronne i intensywne doznania, kt\u00f3rych szybko nie zapomnisz.  <\/p>\n","protected":false},"featured_media":947314,"comment_status":"open","ping_status":"closed","template":"","meta":[],"product_brand":[],"product_cat":[794],"product_tag":[],"class_list":{"0":"post-947914","1":"product","2":"type-product","3":"status-publish","4":"has-post-thumbnail","6":"product_cat-firedoll-pl","8":"first","9":"instock","10":"sale","11":"taxable","12":"shipping-taxable","13":"purchasable","14":"product-type-simple"},"_links":{"self":[{"href":"https:\/\/doll.shop\/pl\/wp-json\/wp\/v2\/product\/947914","targetHints":{"allow":["GET"]}}],"collection":[{"href":"https:\/\/doll.shop\/pl\/wp-json\/wp\/v2\/product"}],"about":[{"href":"https:\/\/doll.shop\/pl\/wp-json\/wp\/v2\/types\/product"}],"replies":[{"embeddable":true,"href":"https:\/\/doll.shop\/pl\/wp-json\/wp\/v2\/comments?post=947914"}],"wp:featuredmedia":[{"embeddable":true,"href":"https:\/\/doll.shop\/pl\/wp-json\/wp\/v2\/media\/947314"}],"wp:attachment":[{"href":"https:\/\/doll.shop\/pl\/wp-json\/wp\/v2\/media?parent=947914"}],"wp:term":[{"taxonomy":"product_brand","embeddable":true,"href":"https:\/\/doll.shop\/pl\/wp-json\/wp\/v2\/product_brand?post=947914"},{"taxonomy":"product_cat","embeddable":true,"href":"https:\/\/doll.shop\/pl\/wp-json\/wp\/v2\/product_cat?post=947914"},{"taxonomy":"product_tag","embeddable":true,"href":"https:\/\/doll.shop\/pl\/wp-json\/wp\/v2\/product_tag?post=947914"}],"curies":[{"name":"wp","href":"https:\/\/api.w.org\/{rel}","templated":true}]}}