{"id":947295,"date":"2025-09-11T16:13:17","date_gmt":"2025-09-11T14:13:17","guid":{"rendered":"https:\/\/doll.shop\/?post_type=product&p=947295"},"modified":"2026-03-10T22:55:02","modified_gmt":"2026-03-10T21:55:02","slug":"kompletny-zestaw-pielegnacyjny-dutchdoll","status":"publish","type":"product","link":"https:\/\/doll.shop\/pl\/produkt\/kompletny-zestaw-pielegnacyjny-dutchdoll\/","title":{"rendered":"Kompletny zestaw piel\u0119gnacyjny DutchDoll"},"content":{"rendered":"","protected":false},"excerpt":{"rendered":"<p><span data-teams=\"true\"><strong>Lubrykant na bazie wody DutchDoll, puder piel\u0119gnacyjny<\/strong> i <strong>p\u0142yn do higieny intymnej<\/strong> dzia\u0142aj\u0105 jak prosta rutyna piel\u0119gnacyjna. Zaczynasz od lubrykantu na bazie wody. Jest przezroczysty, lekki i naturalny oraz bezpieczny dla TPE i silikonu. Nadaje si\u0119 r\u00f3wnie\u017c do prezerwatyw lateksowych, dzi\u0119ki czemu mo\u017cesz cieszy\u0107 si\u0119 bez zamieszania. Po u\u017cyciu umyj si\u0119 p\u0142ynem do higieny intymnej bez myd\u0142a. \u0141agodny dla najbardziej intymnych cz\u0119\u015bci, dok\u0142adnie czysty i delikatny dla materia\u0142u. Nast\u0119pnie pozw\u00f3l wszystkim dok\u0142adnie wyschn\u0105\u0107 i posyp Maintenance Powder. Puder poch\u0142ania resztki wilgoci, zapobiega lepko\u015bci i utrzymuje sk\u00f3r\u0119 lalki lub masturbatora jedwabist\u0105 i g\u0142adk\u0105. Gotowy do nast\u0119pnej sesji.        <\/span><\/p>\n","protected":false},"featured_media":948413,"comment_status":"open","ping_status":"closed","template":"","meta":[],"product_brand":[],"product_cat":[826],"product_tag":[],"class_list":{"0":"post-947295","1":"product","2":"type-product","3":"status-publish","4":"has-post-thumbnail","6":"product_cat-akcesoria-dla-lalek-erotycznych","7":"product_shipping_class-maly","9":"first","10":"instock","11":"sale","12":"taxable","13":"shipping-taxable","14":"purchasable","15":"product-type-simple"},"_links":{"self":[{"href":"https:\/\/doll.shop\/pl\/wp-json\/wp\/v2\/product\/947295","targetHints":{"allow":["GET"]}}],"collection":[{"href":"https:\/\/doll.shop\/pl\/wp-json\/wp\/v2\/product"}],"about":[{"href":"https:\/\/doll.shop\/pl\/wp-json\/wp\/v2\/types\/product"}],"replies":[{"embeddable":true,"href":"https:\/\/doll.shop\/pl\/wp-json\/wp\/v2\/comments?post=947295"}],"wp:featuredmedia":[{"embeddable":true,"href":"https:\/\/doll.shop\/pl\/wp-json\/wp\/v2\/media\/948413"}],"wp:attachment":[{"href":"https:\/\/doll.shop\/pl\/wp-json\/wp\/v2\/media?parent=947295"}],"wp:term":[{"taxonomy":"product_brand","embeddable":true,"href":"https:\/\/doll.shop\/pl\/wp-json\/wp\/v2\/product_brand?post=947295"},{"taxonomy":"product_cat","embeddable":true,"href":"https:\/\/doll.shop\/pl\/wp-json\/wp\/v2\/product_cat?post=947295"},{"taxonomy":"product_tag","embeddable":true,"href":"https:\/\/doll.shop\/pl\/wp-json\/wp\/v2\/product_tag?post=947295"}],"curies":[{"name":"wp","href":"https:\/\/api.w.org\/{rel}","templated":true}]}}