{"id":941976,"date":"2024-08-29T14:09:22","date_gmt":"2024-08-29T12:09:22","guid":{"rendered":"https:\/\/doll.shop\/produkt\/dutchdoll-hannah-161-cm\/"},"modified":"2026-04-16T08:37:06","modified_gmt":"2026-04-16T06:37:06","slug":"dutchdoll-hannah-161-cm","status":"publish","type":"product","link":"https:\/\/doll.shop\/pl\/produkt\/dutchdoll-hannah-161-cm\/","title":{"rendered":"DutchDoll Hannah | 161 cm"},"content":{"rendered":"","protected":false},"excerpt":{"rendered":"<p>Hannah to realistyczna lalka erotyczna o d\u0142ugo\u015bci 161 cm, z pi\u0119knymi blond w\u0142osami i b\u0142yszcz\u0105cymi niebieskimi oczami. Jej lekko pulchna sylwetka emanuje kobieco\u015bci\u0105, a jej \u015bwie\u017cy, m\u0142odzie\u0144czy wygl\u0105d tworzy nieodparte po\u0142\u0105czenie elegancji i atrakcyjno\u015bci. Idealna dla tych, kt\u00f3rzy szukaj\u0105 wysoce realistycznego do\u015bwiadczenia, z wygl\u0105dem i szczeg\u00f3\u0142ami starannie zaprojektowanymi, aby spe\u0142ni\u0107 Twoje potrzeby.  <\/p>\n","protected":false},"featured_media":939535,"comment_status":"open","ping_status":"closed","template":"","meta":[],"product_brand":[],"product_cat":[707,834],"product_tag":[],"class_list":{"0":"post-941976","1":"product","2":"type-product","3":"status-publish","4":"has-post-thumbnail","6":"product_cat-sex-doll","7":"product_cat-dutchdoll-pl","8":"pa_brand-dutchdoll-pl","10":"first","11":"instock","12":"taxable","13":"shipping-taxable","14":"purchasable","15":"product-type-simple"},"_links":{"self":[{"href":"https:\/\/doll.shop\/pl\/wp-json\/wp\/v2\/product\/941976","targetHints":{"allow":["GET"]}}],"collection":[{"href":"https:\/\/doll.shop\/pl\/wp-json\/wp\/v2\/product"}],"about":[{"href":"https:\/\/doll.shop\/pl\/wp-json\/wp\/v2\/types\/product"}],"replies":[{"embeddable":true,"href":"https:\/\/doll.shop\/pl\/wp-json\/wp\/v2\/comments?post=941976"}],"wp:featuredmedia":[{"embeddable":true,"href":"https:\/\/doll.shop\/pl\/wp-json\/wp\/v2\/media\/939535"}],"wp:attachment":[{"href":"https:\/\/doll.shop\/pl\/wp-json\/wp\/v2\/media?parent=941976"}],"wp:term":[{"taxonomy":"product_brand","embeddable":true,"href":"https:\/\/doll.shop\/pl\/wp-json\/wp\/v2\/product_brand?post=941976"},{"taxonomy":"product_cat","embeddable":true,"href":"https:\/\/doll.shop\/pl\/wp-json\/wp\/v2\/product_cat?post=941976"},{"taxonomy":"product_tag","embeddable":true,"href":"https:\/\/doll.shop\/pl\/wp-json\/wp\/v2\/product_tag?post=941976"}],"curies":[{"name":"wp","href":"https:\/\/api.w.org\/{rel}","templated":true}]}}