{"id":941975,"date":"2024-08-29T14:13:38","date_gmt":"2024-08-29T12:13:38","guid":{"rendered":"https:\/\/doll.shop\/produkt\/dutchdoll-chloe-161-cm\/"},"modified":"2026-04-16T08:36:55","modified_gmt":"2026-04-16T06:36:55","slug":"dutchdoll-chloe-161-cm","status":"publish","type":"product","link":"https:\/\/doll.shop\/pl\/produkt\/dutchdoll-chloe-161-cm\/","title":{"rendered":"DutchDoll Chloe | 161 cm"},"content":{"rendered":"","protected":false},"excerpt":{"rendered":"<p>Chloe to realistyczna lalka erotyczna o d\u0142ugo\u015bci 161 cm, z pi\u0119knymi ciemnoblond w\u0142osami, kt\u00f3re idealnie pasuj\u0105 do jej uwodzicielskich niebieskich oczu. Jej zmys\u0142owy wygl\u0105d i starannie wykonane detale sprawiaj\u0105, \u017ce jest ona nieodpartym wyborem dla tych, kt\u00f3rzy szukaj\u0105 intensywnych i realistycznych wra\u017ce\u0144. Odkryj nieodparty urok Chloe i daj si\u0119 ca\u0142kowicie ponie\u015b\u0107 jej zapieraj\u0105cemu dech w piersiach pi\u0119knu i urokowi.  <\/p>\n","protected":false},"featured_media":939717,"comment_status":"open","ping_status":"closed","template":"","meta":[],"product_brand":[],"product_cat":[707,834],"product_tag":[],"class_list":{"0":"post-941975","1":"product","2":"type-product","3":"status-publish","4":"has-post-thumbnail","6":"product_cat-sex-doll","7":"product_cat-dutchdoll-pl","8":"pa_brand-dutchdoll-pl","10":"first","11":"instock","12":"taxable","13":"shipping-taxable","14":"purchasable","15":"product-type-simple"},"_links":{"self":[{"href":"https:\/\/doll.shop\/pl\/wp-json\/wp\/v2\/product\/941975","targetHints":{"allow":["GET"]}}],"collection":[{"href":"https:\/\/doll.shop\/pl\/wp-json\/wp\/v2\/product"}],"about":[{"href":"https:\/\/doll.shop\/pl\/wp-json\/wp\/v2\/types\/product"}],"replies":[{"embeddable":true,"href":"https:\/\/doll.shop\/pl\/wp-json\/wp\/v2\/comments?post=941975"}],"wp:featuredmedia":[{"embeddable":true,"href":"https:\/\/doll.shop\/pl\/wp-json\/wp\/v2\/media\/939717"}],"wp:attachment":[{"href":"https:\/\/doll.shop\/pl\/wp-json\/wp\/v2\/media?parent=941975"}],"wp:term":[{"taxonomy":"product_brand","embeddable":true,"href":"https:\/\/doll.shop\/pl\/wp-json\/wp\/v2\/product_brand?post=941975"},{"taxonomy":"product_cat","embeddable":true,"href":"https:\/\/doll.shop\/pl\/wp-json\/wp\/v2\/product_cat?post=941975"},{"taxonomy":"product_tag","embeddable":true,"href":"https:\/\/doll.shop\/pl\/wp-json\/wp\/v2\/product_tag?post=941975"}],"curies":[{"name":"wp","href":"https:\/\/api.w.org\/{rel}","templated":true}]}}