{"id":941972,"date":"2024-08-29T14:17:13","date_gmt":"2024-08-29T12:17:13","guid":{"rendered":"https:\/\/doll.shop\/produkt\/dutchdoll-lana-161-cm\/"},"modified":"2026-04-10T11:32:09","modified_gmt":"2026-04-10T09:32:09","slug":"dutchdoll-lana-161-cm","status":"publish","type":"product","link":"https:\/\/doll.shop\/pl\/produkt\/dutchdoll-lana-161-cm\/","title":{"rendered":"DutchDoll Lana | 161 cm"},"content":{"rendered":"","protected":false},"excerpt":{"rendered":"<p>Poznaj Lan\u0119, osza\u0142amiaj\u0105c\u0105 lalk\u0119 erotyczn\u0105 od DutchDoll. Z jej ognistymi rudymi w\u0142osami i ciep\u0142ymi, zach\u0119caj\u0105cymi br\u0105zowymi oczami, Lana jest czaruj\u0105cym widokiem. Ta realistyczna pi\u0119kno\u015b\u0107 zosta\u0142a zaprojektowana z naciskiem na zmys\u0142owe kr\u0105g\u0142o\u015bci i jest wyposa\u017cona we wszystkie luksusowe opcje. Lana ma mi\u0119kkie \u017celowe piersi i zaawansowany szkielet EVO+, dzi\u0119ki czemu jest niespotykanie elastyczna. Jej mi\u0119kka sk\u00f3ra jest realistyczna, i zapewnia autentyczne odczucia, a wbudowany szkielet d\u0142oni i ruchoma szcz\u0119ka dodaj\u0105 jeszcze wi\u0119cej realizmu. DutchDoll s\u0142ynie z dba\u0142o\u015bci o jako\u015b\u0107 i szczeg\u00f3\u0142y, a Lana jest tego doskona\u0142ym przyk\u0142adem. Oferuje niezr\u00f3wnane po\u0142\u0105czenie zmys\u0142owo\u015bci i luksusu, co czyni j\u0105 idealnym towarzyszem dla tych, kt\u00f3rzy szukaj\u0105 zar\u00f3wno pi\u0119kna, jak i funkcjonalno\u015bci. Odkryj perfekcj\u0119 DutchDoll z Lan\u0105 i do\u015bwiadcz najwy\u017cszego realizmu i wyrafinowania.  <\/p>\n","protected":false},"featured_media":940200,"comment_status":"open","ping_status":"closed","template":"","meta":[],"product_brand":[],"product_cat":[707,834],"product_tag":[],"class_list":{"0":"post-941972","1":"product","2":"type-product","3":"status-publish","4":"has-post-thumbnail","6":"product_cat-sex-doll","7":"product_cat-dutchdoll-pl","8":"pa_brand-dutchdoll-pl","10":"first","11":"instock","12":"taxable","13":"shipping-taxable","14":"purchasable","15":"product-type-simple"},"_links":{"self":[{"href":"https:\/\/doll.shop\/pl\/wp-json\/wp\/v2\/product\/941972","targetHints":{"allow":["GET"]}}],"collection":[{"href":"https:\/\/doll.shop\/pl\/wp-json\/wp\/v2\/product"}],"about":[{"href":"https:\/\/doll.shop\/pl\/wp-json\/wp\/v2\/types\/product"}],"replies":[{"embeddable":true,"href":"https:\/\/doll.shop\/pl\/wp-json\/wp\/v2\/comments?post=941972"}],"wp:featuredmedia":[{"embeddable":true,"href":"https:\/\/doll.shop\/pl\/wp-json\/wp\/v2\/media\/940200"}],"wp:attachment":[{"href":"https:\/\/doll.shop\/pl\/wp-json\/wp\/v2\/media?parent=941972"}],"wp:term":[{"taxonomy":"product_brand","embeddable":true,"href":"https:\/\/doll.shop\/pl\/wp-json\/wp\/v2\/product_brand?post=941972"},{"taxonomy":"product_cat","embeddable":true,"href":"https:\/\/doll.shop\/pl\/wp-json\/wp\/v2\/product_cat?post=941972"},{"taxonomy":"product_tag","embeddable":true,"href":"https:\/\/doll.shop\/pl\/wp-json\/wp\/v2\/product_tag?post=941972"}],"curies":[{"name":"wp","href":"https:\/\/api.w.org\/{rel}","templated":true}]}}