{"id":941971,"date":"2024-08-29T14:49:49","date_gmt":"2024-08-29T12:49:49","guid":{"rendered":"https:\/\/doll.shop\/?post_type=product&p=941971"},"modified":"2026-04-20T14:37:21","modified_gmt":"2026-04-20T12:37:21","slug":"dutchdoll-jade-158-cm","status":"publish","type":"product","link":"https:\/\/doll.shop\/pl\/produkt\/dutchdoll-jade-158-cm\/","title":{"rendered":"DutchDoll Jade | 158 cm"},"content":{"rendered":"","protected":false},"excerpt":{"rendered":"<p>DutchDoll Jade to 158-centymetrowa realistyczna lalka erotyczna o jasnych blond w\u0142osach i zielonych oczach. Ma jedwabi\u015bcie g\u0142adk\u0105 sk\u00f3r\u0119, idealnie ukszta\u0142towane piersi i luksusowe opcje, takie jak: szkielet d\u0142oni, mi\u0119kk\u0105 sk\u00f3r\u0119, evo-szkielet i ruchom\u0105 szcz\u0119k\u0119 dla realistycznych dozna\u0144. Dzi\u0119ki niewielkiej wadze wynosz\u0105cej mniej ni\u017c 30 kg, mo\u017cna j\u0105 \u0142atwo przenosi\u0107. Jade \u0142\u0105czy wyrafinowan\u0105 estetyk\u0119 z \u0142atwo\u015bci\u0105 u\u017cytkowania, zapewniaj\u0105c niezapomniane wra\u017cenia   <\/p>\n","protected":false},"featured_media":940391,"comment_status":"open","ping_status":"closed","template":"","meta":[],"product_brand":[],"product_cat":[707,834],"product_tag":[],"class_list":{"0":"post-941971","1":"product","2":"type-product","3":"status-publish","4":"has-post-thumbnail","6":"product_cat-sex-doll","7":"product_cat-dutchdoll-pl","8":"pa_brand-dutchdoll-pl","10":"first","11":"instock","12":"taxable","13":"shipping-taxable","14":"purchasable","15":"product-type-simple"},"_links":{"self":[{"href":"https:\/\/doll.shop\/pl\/wp-json\/wp\/v2\/product\/941971","targetHints":{"allow":["GET"]}}],"collection":[{"href":"https:\/\/doll.shop\/pl\/wp-json\/wp\/v2\/product"}],"about":[{"href":"https:\/\/doll.shop\/pl\/wp-json\/wp\/v2\/types\/product"}],"replies":[{"embeddable":true,"href":"https:\/\/doll.shop\/pl\/wp-json\/wp\/v2\/comments?post=941971"}],"wp:featuredmedia":[{"embeddable":true,"href":"https:\/\/doll.shop\/pl\/wp-json\/wp\/v2\/media\/940391"}],"wp:attachment":[{"href":"https:\/\/doll.shop\/pl\/wp-json\/wp\/v2\/media?parent=941971"}],"wp:term":[{"taxonomy":"product_brand","embeddable":true,"href":"https:\/\/doll.shop\/pl\/wp-json\/wp\/v2\/product_brand?post=941971"},{"taxonomy":"product_cat","embeddable":true,"href":"https:\/\/doll.shop\/pl\/wp-json\/wp\/v2\/product_cat?post=941971"},{"taxonomy":"product_tag","embeddable":true,"href":"https:\/\/doll.shop\/pl\/wp-json\/wp\/v2\/product_tag?post=941971"}],"curies":[{"name":"wp","href":"https:\/\/api.w.org\/{rel}","templated":true}]}}