{"id":941970,"date":"2024-08-29T14:53:05","date_gmt":"2024-08-29T12:53:05","guid":{"rendered":"https:\/\/doll.shop\/?post_type=product&p=941970"},"modified":"2026-04-24T21:04:20","modified_gmt":"2026-04-24T19:04:20","slug":"dutchdoll-sara-158-cm","status":"publish","type":"product","link":"https:\/\/doll.shop\/pl\/produkt\/dutchdoll-sara-158-cm\/","title":{"rendered":"DutchDoll Sara | 158 cm"},"content":{"rendered":"","protected":false},"excerpt":{"rendered":"<p>Sara to 158-centymetrowa realistyczna lalka erotyczna z blond w\u0142osami, zielonymi oczami i pi\u0119knymi piersiami. Dzi\u0119ki zaawansowanemu szkieletowi d\u0142oni, mi\u0119kkiej sk\u00f3rze, evo-szkieletowi i ruchomej szcz\u0119ce czuje si\u0119 jak \u017cywa i mo\u017ce na\u015bladowa\u0107 naturalne ruchy. Wa\u017c\u0105ca mniej ni\u017c 30 kg, Sara, jest \u0142atwa do przenoszenia i mo\u017cna cieszy\u0107 si\u0119 jej towarzystwem w dowolnym miejscu. DutchDoll s\u0142ynie z wysokiej jako\u015bci i dba\u0142o\u015bci o szczeg\u00f3\u0142y, a Sara jest tego najlepszym przyk\u0142adem. Uosabia zaanga\u017cowanie DutchDoll w kunszt i satysfakcj\u0119 klienta, zapewniaj\u0105c wyj\u0105tkowe wra\u017cenia.    <\/p>\n","protected":false},"featured_media":940580,"comment_status":"open","ping_status":"closed","template":"","meta":[],"product_brand":[],"product_cat":[707,834],"product_tag":[],"class_list":{"0":"post-941970","1":"product","2":"type-product","3":"status-publish","4":"has-post-thumbnail","6":"product_cat-sex-doll","7":"product_cat-dutchdoll-pl","8":"pa_brand-dutchdoll-pl","10":"first","11":"instock","12":"taxable","13":"shipping-taxable","14":"purchasable","15":"product-type-simple"},"_links":{"self":[{"href":"https:\/\/doll.shop\/pl\/wp-json\/wp\/v2\/product\/941970","targetHints":{"allow":["GET"]}}],"collection":[{"href":"https:\/\/doll.shop\/pl\/wp-json\/wp\/v2\/product"}],"about":[{"href":"https:\/\/doll.shop\/pl\/wp-json\/wp\/v2\/types\/product"}],"replies":[{"embeddable":true,"href":"https:\/\/doll.shop\/pl\/wp-json\/wp\/v2\/comments?post=941970"}],"wp:featuredmedia":[{"embeddable":true,"href":"https:\/\/doll.shop\/pl\/wp-json\/wp\/v2\/media\/940580"}],"wp:attachment":[{"href":"https:\/\/doll.shop\/pl\/wp-json\/wp\/v2\/media?parent=941970"}],"wp:term":[{"taxonomy":"product_brand","embeddable":true,"href":"https:\/\/doll.shop\/pl\/wp-json\/wp\/v2\/product_brand?post=941970"},{"taxonomy":"product_cat","embeddable":true,"href":"https:\/\/doll.shop\/pl\/wp-json\/wp\/v2\/product_cat?post=941970"},{"taxonomy":"product_tag","embeddable":true,"href":"https:\/\/doll.shop\/pl\/wp-json\/wp\/v2\/product_tag?post=941970"}],"curies":[{"name":"wp","href":"https:\/\/api.w.org\/{rel}","templated":true}]}}