{"id":941969,"date":"2024-08-29T14:53:42","date_gmt":"2024-08-29T12:53:42","guid":{"rendered":"https:\/\/doll.shop\/?post_type=product&p=941969"},"modified":"2026-04-14T07:19:35","modified_gmt":"2026-04-14T05:19:35","slug":"dutchdoll-lilly-158-cm","status":"publish","type":"product","link":"https:\/\/doll.shop\/pl\/produkt\/dutchdoll-lilly-158-cm\/","title":{"rendered":"DutchDoll Lilly | 158 cm"},"content":{"rendered":"","protected":false},"excerpt":{"rendered":"<p>Lilly to pi\u0119kna i realistyczna 158-centymetrowa blondynka o \u015brednim rozmiarze miseczki, zaprojektowana tak, aby zapewni\u0107 nieodparte wra\u017cenia. Jest wyposa\u017cona w luksusowe opcje, takie jak szkielet d\u0142oni, kt\u00f3ry pozwala umie\u015bci\u0107 jej r\u0119ce w dowolnej pozycji, oraz technologi\u0119 mi\u0119kkiej sk\u00f3ry zapewniaj\u0105c\u0105 realistyczne odczucia. Szkielet evo zapewnia elastyczne i naturalne ruchy, a ruchoma szcz\u0119ka oferuje dodatkow\u0105 przyjemno\u015b\u0107 oraln\u0105. Wa\u017c\u0105ca mniej ni\u017c 30 kg, Lilly, jest r\u00f3wnie\u017c bardzo por\u0119czna i \u0142atwa do przenoszenia. To, co czyni Lilly wyj\u0105tkow\u0105, to zastosowanie przez DutchDoll wysokiej jako\u015bci materia\u0142\u00f3w i technologii. Marka znana jest ze swojego zaanga\u017cowania w rzemios\u0142o i innowacje, co skutkuje produktami, kt\u00f3re s\u0105 nie tylko realistyczne i funkcjonalne, ale tak\u017ce najwy\u017cszej jako\u015bci. Lilly to doskona\u0142y wyb\u00f3r dla tych, kt\u00f3rzy szukaj\u0105 lalki premium.   <\/p>\n","protected":false},"featured_media":940776,"comment_status":"open","ping_status":"closed","template":"","meta":[],"product_brand":[],"product_cat":[707,834],"product_tag":[],"class_list":{"0":"post-941969","1":"product","2":"type-product","3":"status-publish","4":"has-post-thumbnail","6":"product_cat-sex-doll","7":"product_cat-dutchdoll-pl","8":"pa_brand-dutchdoll-pl","10":"first","11":"instock","12":"taxable","13":"shipping-taxable","14":"purchasable","15":"product-type-simple"},"_links":{"self":[{"href":"https:\/\/doll.shop\/pl\/wp-json\/wp\/v2\/product\/941969","targetHints":{"allow":["GET"]}}],"collection":[{"href":"https:\/\/doll.shop\/pl\/wp-json\/wp\/v2\/product"}],"about":[{"href":"https:\/\/doll.shop\/pl\/wp-json\/wp\/v2\/types\/product"}],"replies":[{"embeddable":true,"href":"https:\/\/doll.shop\/pl\/wp-json\/wp\/v2\/comments?post=941969"}],"wp:featuredmedia":[{"embeddable":true,"href":"https:\/\/doll.shop\/pl\/wp-json\/wp\/v2\/media\/940776"}],"wp:attachment":[{"href":"https:\/\/doll.shop\/pl\/wp-json\/wp\/v2\/media?parent=941969"}],"wp:term":[{"taxonomy":"product_brand","embeddable":true,"href":"https:\/\/doll.shop\/pl\/wp-json\/wp\/v2\/product_brand?post=941969"},{"taxonomy":"product_cat","embeddable":true,"href":"https:\/\/doll.shop\/pl\/wp-json\/wp\/v2\/product_cat?post=941969"},{"taxonomy":"product_tag","embeddable":true,"href":"https:\/\/doll.shop\/pl\/wp-json\/wp\/v2\/product_tag?post=941969"}],"curies":[{"name":"wp","href":"https:\/\/api.w.org\/{rel}","templated":true}]}}