{"id":941968,"date":"2024-08-29T14:55:24","date_gmt":"2024-08-29T12:55:24","guid":{"rendered":"https:\/\/doll.shop\/?post_type=product&#038;p=941968"},"modified":"2026-04-20T14:37:03","modified_gmt":"2026-04-20T12:37:03","slug":"dutchdoll-layla-158-cm","status":"publish","type":"product","link":"https:\/\/doll.shop\/pl\/produkt\/dutchdoll-layla-158-cm\/","title":{"rendered":"DutchDoll Layla | 158 cm"},"content":{"rendered":"","protected":false},"excerpt":{"rendered":"<p>DutchDoll Layla to realistyczna 158-centymetrowa lalka erotyczna zaprojektowana tak, aby oferowa\u0107 zar\u00f3wno pi\u0119kno, jak i funkcjonalno\u015b\u0107. Ze wspania\u0142ymi zielonymi oczami i pi\u0119knymi ciemnymi w\u0142osami, ta nieodparta brunetka ma \u015bredni rozmiar miseczki i luksusowe opcje, takie jak szkielet d\u0142oni i technologia mi\u0119kkiej sk\u00f3ry dla realistycznego dotyku. Zaawansowany szkielet evo zapewnia p\u0142ynne ruchy, a ruchoma szcz\u0119ka dodaje dodatkowego realizmu. Wa\u017c\u0105ca mniej ni\u017c 30 kg, Layla, jest r\u00f3wnie\u017c \u0142atwa w obs\u0142udze, bez uszczerbku dla realistycznych wra\u017ce\u0144. DutchDoll s\u0142ynie z doskona\u0142ego rzemios\u0142a i przywi\u0105zania do jako\u015bci, co przek\u0142ada si\u0119 w projekcie Layli na harmonijne po\u0142\u0105czenie wysokiego realizmu i zaawansowanej funkcjonalno\u015bci.<\/p>\n","protected":false},"featured_media":950183,"comment_status":"open","ping_status":"closed","template":"","meta":[],"product_brand":[],"product_cat":[707,834],"product_tag":[],"class_list":{"0":"post-941968","1":"product","2":"type-product","3":"status-publish","4":"has-post-thumbnail","6":"product_cat-sex-doll","7":"product_cat-dutchdoll-pl","8":"pa_brand-dutchdoll-pl","10":"first","11":"instock","12":"featured","13":"taxable","14":"shipping-taxable","15":"purchasable","16":"product-type-simple"},"_links":{"self":[{"href":"https:\/\/doll.shop\/pl\/wp-json\/wp\/v2\/product\/941968","targetHints":{"allow":["GET"]}}],"collection":[{"href":"https:\/\/doll.shop\/pl\/wp-json\/wp\/v2\/product"}],"about":[{"href":"https:\/\/doll.shop\/pl\/wp-json\/wp\/v2\/types\/product"}],"replies":[{"embeddable":true,"href":"https:\/\/doll.shop\/pl\/wp-json\/wp\/v2\/comments?post=941968"}],"wp:featuredmedia":[{"embeddable":true,"href":"https:\/\/doll.shop\/pl\/wp-json\/wp\/v2\/media\/950183"}],"wp:attachment":[{"href":"https:\/\/doll.shop\/pl\/wp-json\/wp\/v2\/media?parent=941968"}],"wp:term":[{"taxonomy":"product_brand","embeddable":true,"href":"https:\/\/doll.shop\/pl\/wp-json\/wp\/v2\/product_brand?post=941968"},{"taxonomy":"product_cat","embeddable":true,"href":"https:\/\/doll.shop\/pl\/wp-json\/wp\/v2\/product_cat?post=941968"},{"taxonomy":"product_tag","embeddable":true,"href":"https:\/\/doll.shop\/pl\/wp-json\/wp\/v2\/product_tag?post=941968"}],"curies":[{"name":"wp","href":"https:\/\/api.w.org\/{rel}","templated":true}]}}