{"id":941966,"date":"2024-09-17T09:12:55","date_gmt":"2024-09-17T07:12:55","guid":{"rendered":"https:\/\/doll.shop\/?post_type=product&#038;p=941966"},"modified":"2026-04-15T12:07:28","modified_gmt":"2026-04-15T10:07:28","slug":"dutchdoll-isabella-158-cm","status":"publish","type":"product","link":"https:\/\/doll.shop\/pl\/produkt\/dutchdoll-isabella-158-cm\/","title":{"rendered":"DutchDoll Isabella | 158 cm"},"content":{"rendered":"","protected":false},"excerpt":{"rendered":"<p>Poznaj Isabell\u0119, smuk\u0142\u0105 158-centymetrow\u0105 pi\u0119kno\u015b\u0107 o s\u0142odkim, atrakcyjnym wygl\u0105dzie. Jej hipnotyzuj\u0105ce niebieskie oczy i d\u0142ugie br\u0105zowe w\u0142osy nadaj\u0105 jej nieodpartego uroku. Isabella to lalka DutchDoll klasy premium, wyposa\u017cona w luksusowe opcje zapewniaj\u0105ce najwy\u017cszy realizm dozna\u0144. Szkielet EVO+ zapewnia naturalny ruch, a jej realistyczna sk\u00f3ra jest mi\u0119kka i wyrafinowana. Dzi\u0119ki szkieletowi d\u0142oni i bogat\u0105 w szczeg\u00f3\u0142y, wyrazist\u0105 twarz, wyposa\u017con\u0105 w ruchom\u0105 szcz\u0119k\u0119, Isabella oferuje niezr\u00f3wnany poziom realizmu, nawet podczas czynno\u015bci oralnych. Dodaj t\u0119 eleganck\u0105 i wysokiej jako\u015bci lalk\u0119 do swojej kolekcji i odkryj doskona\u0142o\u015b\u0107 DutchDoll.     <\/p>\n","protected":false},"featured_media":941334,"comment_status":"open","ping_status":"closed","template":"","meta":[],"product_brand":[],"product_cat":[707,834],"product_tag":[],"class_list":{"0":"post-941966","1":"product","2":"type-product","3":"status-publish","4":"has-post-thumbnail","6":"product_cat-sex-doll","7":"product_cat-dutchdoll-pl","8":"pa_brand-dutchdoll-pl","10":"first","11":"instock","12":"taxable","13":"shipping-taxable","14":"purchasable","15":"product-type-simple"},"_links":{"self":[{"href":"https:\/\/doll.shop\/pl\/wp-json\/wp\/v2\/product\/941966","targetHints":{"allow":["GET"]}}],"collection":[{"href":"https:\/\/doll.shop\/pl\/wp-json\/wp\/v2\/product"}],"about":[{"href":"https:\/\/doll.shop\/pl\/wp-json\/wp\/v2\/types\/product"}],"replies":[{"embeddable":true,"href":"https:\/\/doll.shop\/pl\/wp-json\/wp\/v2\/comments?post=941966"}],"wp:featuredmedia":[{"embeddable":true,"href":"https:\/\/doll.shop\/pl\/wp-json\/wp\/v2\/media\/941334"}],"wp:attachment":[{"href":"https:\/\/doll.shop\/pl\/wp-json\/wp\/v2\/media?parent=941966"}],"wp:term":[{"taxonomy":"product_brand","embeddable":true,"href":"https:\/\/doll.shop\/pl\/wp-json\/wp\/v2\/product_brand?post=941966"},{"taxonomy":"product_cat","embeddable":true,"href":"https:\/\/doll.shop\/pl\/wp-json\/wp\/v2\/product_cat?post=941966"},{"taxonomy":"product_tag","embeddable":true,"href":"https:\/\/doll.shop\/pl\/wp-json\/wp\/v2\/product_tag?post=941966"}],"curies":[{"name":"wp","href":"https:\/\/api.w.org\/{rel}","templated":true}]}}