{"id":34474,"date":"2024-02-26T15:11:18","date_gmt":"2024-02-26T14:11:18","guid":{"rendered":"https:\/\/doll.shop\/produkt\/lalka-wm-marie-claire-156-cm\/"},"modified":"2026-03-11T04:19:00","modified_gmt":"2026-03-11T03:19:00","slug":"lalka-wm-marie-claire-156-cm","status":"publish","type":"product","link":"https:\/\/doll.shop\/pl\/produkt\/lalka-wm-marie-claire-156-cm\/","title":{"rendered":"Lalka WM Marie-Claire | 156 cm"},"content":{"rendered":"","protected":false},"excerpt":{"rendered":"<p>Oto Marie-Claire od WM Doll, pon\u0119tna 156-centymetrowa brunetka z pi\u0119knymi kr\u0105g\u0142o\u015bciami. Jej pe\u0142ne biodra, j\u0119drne uda, kr\u0105g\u0142e po\u015bladki i du\u017ce piersi zach\u0119caj\u0105 do zmys\u0142owego dotyku. Wykonana z cudownie mi\u0119kkiego termoplastycznego elastomeru (TPE), Marie-Claire sprawia wra\u017cenie realistycznej. Dzi\u0119ki mocnemu szkieletowi premium jest ruchoma od st\u00f3p do g\u0142\u00f3w i mo\u017ce siedzie\u0107, le\u017ce\u0107 i sta\u0107. Na co czekasz? Do\u015bwiadcz intensywnego luksusu Marie-Claire!<\/p>\n","protected":false},"featured_media":34475,"comment_status":"open","ping_status":"closed","template":"","meta":[],"product_brand":[],"product_cat":[707,747],"product_tag":[],"class_list":{"0":"post-34474","1":"product","2":"type-product","3":"status-publish","4":"has-post-thumbnail","6":"product_cat-sex-doll","7":"product_cat-wm-doll-pl","8":"pa_brand-wm-doll-pl","10":"first","11":"onbackorder","12":"taxable","13":"shipping-taxable","14":"purchasable","15":"product-type-simple"},"_links":{"self":[{"href":"https:\/\/doll.shop\/pl\/wp-json\/wp\/v2\/product\/34474","targetHints":{"allow":["GET"]}}],"collection":[{"href":"https:\/\/doll.shop\/pl\/wp-json\/wp\/v2\/product"}],"about":[{"href":"https:\/\/doll.shop\/pl\/wp-json\/wp\/v2\/types\/product"}],"replies":[{"embeddable":true,"href":"https:\/\/doll.shop\/pl\/wp-json\/wp\/v2\/comments?post=34474"}],"wp:featuredmedia":[{"embeddable":true,"href":"https:\/\/doll.shop\/pl\/wp-json\/wp\/v2\/media\/34475"}],"wp:attachment":[{"href":"https:\/\/doll.shop\/pl\/wp-json\/wp\/v2\/media?parent=34474"}],"wp:term":[{"taxonomy":"product_brand","embeddable":true,"href":"https:\/\/doll.shop\/pl\/wp-json\/wp\/v2\/product_brand?post=34474"},{"taxonomy":"product_cat","embeddable":true,"href":"https:\/\/doll.shop\/pl\/wp-json\/wp\/v2\/product_cat?post=34474"},{"taxonomy":"product_tag","embeddable":true,"href":"https:\/\/doll.shop\/pl\/wp-json\/wp\/v2\/product_tag?post=34474"}],"curies":[{"name":"wp","href":"https:\/\/api.w.org\/{rel}","templated":true}]}}