{"id":34459,"date":"2024-02-26T15:53:13","date_gmt":"2024-02-26T14:53:13","guid":{"rendered":"https:\/\/doll.shop\/produkt\/wm-doll-lais-156-cm\/"},"modified":"2026-03-11T04:09:27","modified_gmt":"2026-03-11T03:09:27","slug":"wm-doll-lais-156-cm","status":"publish","type":"product","link":"https:\/\/doll.shop\/pl\/produkt\/wm-doll-lais-156-cm\/","title":{"rendered":"WM Doll Lais | 156 cm"},"content":{"rendered":"","protected":false},"excerpt":{"rendered":"<p>WM Doll Lais to uwodzicielski model wykonany z najwy\u017cszej jako\u015bci elastomeru (TPE). Oferuje realizm i ciasne otwory na ciele zapewniaj\u0105ce intensywne doznania. Jej mocny wewn\u0119trzny szkielet i stopa z funkcj\u0105 stania zapewniaj\u0105 \u0142atw\u0105 zmian\u0119 pozycji, a nawet stanie. \u017belowe piersi zapewniaj\u0105 niezr\u00f3wnane, naturalne odczucia. Dzi\u0119ki certyfikatowi autentyczno\u015bci i dyskretnemu opakowaniu masz pewno\u015b\u0107 trwa\u0142o\u015bci i jako\u015bci, a wszystko to w stylowej anonimowo\u015bci. Za czym jeszcze pragniesz?<\/p>\n","protected":false},"featured_media":34460,"comment_status":"open","ping_status":"closed","template":"","meta":[],"product_brand":[],"product_cat":[707,747],"product_tag":[],"class_list":{"0":"post-34459","1":"product","2":"type-product","3":"status-publish","4":"has-post-thumbnail","6":"product_cat-sex-doll","7":"product_cat-wm-doll-pl","8":"pa_brand-wm-doll-pl","10":"first","11":"onbackorder","12":"taxable","13":"shipping-taxable","14":"purchasable","15":"product-type-simple"},"_links":{"self":[{"href":"https:\/\/doll.shop\/pl\/wp-json\/wp\/v2\/product\/34459","targetHints":{"allow":["GET"]}}],"collection":[{"href":"https:\/\/doll.shop\/pl\/wp-json\/wp\/v2\/product"}],"about":[{"href":"https:\/\/doll.shop\/pl\/wp-json\/wp\/v2\/types\/product"}],"replies":[{"embeddable":true,"href":"https:\/\/doll.shop\/pl\/wp-json\/wp\/v2\/comments?post=34459"}],"wp:featuredmedia":[{"embeddable":true,"href":"https:\/\/doll.shop\/pl\/wp-json\/wp\/v2\/media\/34460"}],"wp:attachment":[{"href":"https:\/\/doll.shop\/pl\/wp-json\/wp\/v2\/media?parent=34459"}],"wp:term":[{"taxonomy":"product_brand","embeddable":true,"href":"https:\/\/doll.shop\/pl\/wp-json\/wp\/v2\/product_brand?post=34459"},{"taxonomy":"product_cat","embeddable":true,"href":"https:\/\/doll.shop\/pl\/wp-json\/wp\/v2\/product_cat?post=34459"},{"taxonomy":"product_tag","embeddable":true,"href":"https:\/\/doll.shop\/pl\/wp-json\/wp\/v2\/product_tag?post=34459"}],"curies":[{"name":"wp","href":"https:\/\/api.w.org\/{rel}","templated":true}]}}