{"id":33831,"date":"2023-08-01T09:51:22","date_gmt":"2023-08-01T07:51:22","guid":{"rendered":"https:\/\/doll.shop\/produkt\/dutchdoll-natasha-167-cm\/"},"modified":"2026-04-13T10:42:50","modified_gmt":"2026-04-13T08:42:50","slug":"dutchdoll-natasha-167-cm","status":"publish","type":"product","link":"https:\/\/doll.shop\/pl\/produkt\/dutchdoll-natasha-167-cm\/","title":{"rendered":"DutchDoll Natasha | 167 cm"},"content":{"rendered":"","protected":false},"excerpt":{"rendered":"<p>DutchDoll Natasha wygl\u0105da jak szwedzka blondynka o jasnoniebieskich oczach. Ta 167-centymetrowa lalka erotyczna naturalnej wielko\u015bci ma pi\u0119kne kr\u0105g\u0142o\u015bci i uwodzicielsk\u0105 sylwetk\u0119 klepsydry. Nowo zaprojektowany materia\u0142 TPE klasy premium zapewnia wyj\u0105tkowo realistyczne wra\u017cenia. Dzi\u0119ki \u0142atwemu w u\u017cyciu szkieletowi EVO+ mo\u017cna bez wysi\u0142ku ustawi\u0107 je w dowolnej pozycji. Uzupe\u0142nieniem s\u0105 dodatkowe \u017celowe piersi, szkielet palca i j\u0119zyk.<\/p>\n","protected":false},"featured_media":942410,"comment_status":"open","ping_status":"closed","template":"","meta":[],"product_brand":[],"product_cat":[834,707],"product_tag":[],"class_list":{"0":"post-33831","1":"product","2":"type-product","3":"status-publish","4":"has-post-thumbnail","6":"product_cat-dutchdoll-pl","7":"product_cat-sex-doll","8":"pa_brand-dutchdoll-pl","10":"first","11":"instock","12":"taxable","13":"shipping-taxable","14":"purchasable","15":"product-type-simple"},"_links":{"self":[{"href":"https:\/\/doll.shop\/pl\/wp-json\/wp\/v2\/product\/33831","targetHints":{"allow":["GET"]}}],"collection":[{"href":"https:\/\/doll.shop\/pl\/wp-json\/wp\/v2\/product"}],"about":[{"href":"https:\/\/doll.shop\/pl\/wp-json\/wp\/v2\/types\/product"}],"replies":[{"embeddable":true,"href":"https:\/\/doll.shop\/pl\/wp-json\/wp\/v2\/comments?post=33831"}],"wp:featuredmedia":[{"embeddable":true,"href":"https:\/\/doll.shop\/pl\/wp-json\/wp\/v2\/media\/942410"}],"wp:attachment":[{"href":"https:\/\/doll.shop\/pl\/wp-json\/wp\/v2\/media?parent=33831"}],"wp:term":[{"taxonomy":"product_brand","embeddable":true,"href":"https:\/\/doll.shop\/pl\/wp-json\/wp\/v2\/product_brand?post=33831"},{"taxonomy":"product_cat","embeddable":true,"href":"https:\/\/doll.shop\/pl\/wp-json\/wp\/v2\/product_cat?post=33831"},{"taxonomy":"product_tag","embeddable":true,"href":"https:\/\/doll.shop\/pl\/wp-json\/wp\/v2\/product_tag?post=33831"}],"curies":[{"name":"wp","href":"https:\/\/api.w.org\/{rel}","templated":true}]}}