{"id":33666,"date":"2023-08-01T10:53:12","date_gmt":"2023-08-01T08:53:12","guid":{"rendered":"https:\/\/doll.shop\/produkt\/dutchdoll-mia-159-cm\/"},"modified":"2026-04-23T19:01:37","modified_gmt":"2026-04-23T17:01:37","slug":"dutchdoll-mia-159-cm","status":"publish","type":"product","link":"https:\/\/doll.shop\/pl\/produkt\/dutchdoll-mia-159-cm\/","title":{"rendered":"DutchDoll Mia | 159 cm"},"content":{"rendered":"","protected":false},"excerpt":{"rendered":"<p>DutchDoll\u00ae Mia to 159-centymetrowa skandynawska pi\u0119kno\u015b\u0107 o zmys\u0142owej figurze klepsydry i czaruj\u0105cych jasnoblond w\u0142osach. Jej du\u017ce piersi (rozmiar miseczki E) i realistyczne rysy twarzy sprawiaj\u0105, \u017ce nie mo\u017cna si\u0119 jej oprze\u0107. Wysokiej jako\u015bci TPE (V3.0) u\u017cyty do produkcji tej lalki zapewnia maksymalny komfort i realizm, a niska waga 29 kg czyni j\u0105 niezwykle elastyczn\u0105. Dzi\u0119ki szkieletowi EVO+ i szkieletowi palca mo\u017cna \u0142atwo ustawi\u0107 je w dowolnej pozycji, a nawet pozwoli\u0107 im trzyma\u0107 lekkie przedmioty. Niezale\u017cnie od tego, czy jeste\u015b samotny, chcesz urozmaici\u0107 swoje \u017cycie seksualne, czy spe\u0142ni\u0107 swoje fantazje, Mia jest zawsze do Twojej dyspozycji. Zam\u00f3w teraz i prze\u017cyj swoje najdziksze fantazje z DutchDoll\u00ae!<\/p>\n","protected":false},"featured_media":33807,"comment_status":"open","ping_status":"closed","template":"","meta":[],"product_brand":[],"product_cat":[834,707],"product_tag":[],"class_list":{"0":"post-33666","1":"product","2":"type-product","3":"status-publish","4":"has-post-thumbnail","6":"product_cat-dutchdoll-pl","7":"product_cat-sex-doll","8":"pa_brand-dutchdoll-pl","10":"first","11":"instock","12":"taxable","13":"shipping-taxable","14":"purchasable","15":"product-type-simple"},"_links":{"self":[{"href":"https:\/\/doll.shop\/pl\/wp-json\/wp\/v2\/product\/33666","targetHints":{"allow":["GET"]}}],"collection":[{"href":"https:\/\/doll.shop\/pl\/wp-json\/wp\/v2\/product"}],"about":[{"href":"https:\/\/doll.shop\/pl\/wp-json\/wp\/v2\/types\/product"}],"replies":[{"embeddable":true,"href":"https:\/\/doll.shop\/pl\/wp-json\/wp\/v2\/comments?post=33666"}],"wp:featuredmedia":[{"embeddable":true,"href":"https:\/\/doll.shop\/pl\/wp-json\/wp\/v2\/media\/33807"}],"wp:attachment":[{"href":"https:\/\/doll.shop\/pl\/wp-json\/wp\/v2\/media?parent=33666"}],"wp:term":[{"taxonomy":"product_brand","embeddable":true,"href":"https:\/\/doll.shop\/pl\/wp-json\/wp\/v2\/product_brand?post=33666"},{"taxonomy":"product_cat","embeddable":true,"href":"https:\/\/doll.shop\/pl\/wp-json\/wp\/v2\/product_cat?post=33666"},{"taxonomy":"product_tag","embeddable":true,"href":"https:\/\/doll.shop\/pl\/wp-json\/wp\/v2\/product_tag?post=33666"}],"curies":[{"name":"wp","href":"https:\/\/api.w.org\/{rel}","templated":true}]}}