{"id":33636,"date":"2023-08-01T10:22:35","date_gmt":"2023-08-01T08:22:35","guid":{"rendered":"https:\/\/doll.shop\/produkt\/dutchdoll-freya-157-cm\/"},"modified":"2026-04-14T13:05:34","modified_gmt":"2026-04-14T11:05:34","slug":"dutchdoll-freya-157-cm","status":"publish","type":"product","link":"https:\/\/doll.shop\/pl\/produkt\/dutchdoll-freya-157-cm\/","title":{"rendered":"DutchDoll Freya | 157 cm"},"content":{"rendered":"","protected":false},"excerpt":{"rendered":"<p>DutchDoll Freya to uwodzicielska 157-centymetrowa blondynka z du\u017cym biustem. Wysokiej jako\u015bci TPE (V.3.0), szkielet EVO+ i \u017celowe piersi zapewniaj\u0105 realistyczne wra\u017cenia.<\/p>\n<p>Dzi\u0119ki wadze wynosz\u0105cej zaledwie 29 kg, Freya mo\u017ce by\u0107 przenoszona bez wysi\u0142ku i ustawiana w r\u00f3\u017cnych pozycjach.<\/p>\n<p>Jej ciemnoblond w\u0142osy, niebieskie oczy, figura klepsydry i miseczka w rozmiarze E sprawiaj\u0105, \u017ce wygl\u0105da bardzo seksownie. Wybierz idealne po\u0142\u0105czenie wyrafinowania i kobiecych kr\u0105g\u0142o\u015bci z modelem 157E. Realistyczny i zmys\u0142owy wyb\u00f3r.<\/p>\n","protected":false},"featured_media":33720,"comment_status":"open","ping_status":"closed","template":"","meta":[],"product_brand":[],"product_cat":[834,707],"product_tag":[],"class_list":{"0":"post-33636","1":"product","2":"type-product","3":"status-publish","4":"has-post-thumbnail","6":"product_cat-dutchdoll-pl","7":"product_cat-sex-doll","8":"pa_brand-dutchdoll-pl","10":"first","11":"instock","12":"taxable","13":"shipping-taxable","14":"purchasable","15":"product-type-simple"},"_links":{"self":[{"href":"https:\/\/doll.shop\/pl\/wp-json\/wp\/v2\/product\/33636","targetHints":{"allow":["GET"]}}],"collection":[{"href":"https:\/\/doll.shop\/pl\/wp-json\/wp\/v2\/product"}],"about":[{"href":"https:\/\/doll.shop\/pl\/wp-json\/wp\/v2\/types\/product"}],"replies":[{"embeddable":true,"href":"https:\/\/doll.shop\/pl\/wp-json\/wp\/v2\/comments?post=33636"}],"wp:featuredmedia":[{"embeddable":true,"href":"https:\/\/doll.shop\/pl\/wp-json\/wp\/v2\/media\/33720"}],"wp:attachment":[{"href":"https:\/\/doll.shop\/pl\/wp-json\/wp\/v2\/media?parent=33636"}],"wp:term":[{"taxonomy":"product_brand","embeddable":true,"href":"https:\/\/doll.shop\/pl\/wp-json\/wp\/v2\/product_brand?post=33636"},{"taxonomy":"product_cat","embeddable":true,"href":"https:\/\/doll.shop\/pl\/wp-json\/wp\/v2\/product_cat?post=33636"},{"taxonomy":"product_tag","embeddable":true,"href":"https:\/\/doll.shop\/pl\/wp-json\/wp\/v2\/product_tag?post=33636"}],"curies":[{"name":"wp","href":"https:\/\/api.w.org\/{rel}","templated":true}]}}