{"id":33513,"date":"2023-07-31T12:15:27","date_gmt":"2023-07-31T10:15:27","guid":{"rendered":"https:\/\/doll.shop\/produkt\/dutchdoll-emma-167-cm\/"},"modified":"2026-03-11T13:09:26","modified_gmt":"2026-03-11T12:09:26","slug":"dutchdoll-emma-167-cm","status":"publish","type":"product","link":"https:\/\/doll.shop\/pl\/produkt\/dutchdoll-emma-167-cm\/","title":{"rendered":"DutchDoll Emma | 167 cm"},"content":{"rendered":"","protected":false},"excerpt":{"rendered":"<p>Emma jest uosobieniem pi\u0119kna i elegancji. Ze swoim wzrostem 167 cm, szczup\u0142\u0105 sylwetk\u0105 i niebieskimi oczami b\u0142yszczy jak top modelka. Szkielet EVO+, szkielet palca i funkcja podstawki sprawiaj\u0105, \u017ce Emma jest niezwykle elastyczna i przyjazna dla u\u017cytkownika. Ich wysokiej jako\u015bci sk\u00f3ra TPE jest rewelacyjnie realistyczna.<\/p>\n<p>Ciesz si\u0119 szczeg\u00f3\u0142ow\u0105 symetri\u0105 jej twarzy z oczami w kszta\u0142cie migda\u0142\u00f3w, ma\u0142ym nosem i pe\u0142nymi ustami. Poznaj holendersk\u0105 jako\u015b\u0107 DutchDoll\u00ae &#8211; trwa\u0142\u0105, \u0142atw\u0105 w piel\u0119gnacji i w kusz\u0105cej cenie. Podaruj sobie idealnego towarzysza: DutchDoll\u00ae Emma.<\/p>\n","protected":false},"featured_media":33644,"comment_status":"open","ping_status":"closed","template":"","meta":[],"product_brand":[],"product_cat":[834,707],"product_tag":[],"class_list":{"0":"post-33513","1":"product","2":"type-product","3":"status-publish","4":"has-post-thumbnail","6":"product_cat-dutchdoll-pl","7":"product_cat-sex-doll","8":"pa_brand-dutchdoll-pl","10":"first","11":"outofstock","12":"sale","13":"taxable","14":"shipping-taxable","15":"purchasable","16":"product-type-simple"},"_links":{"self":[{"href":"https:\/\/doll.shop\/pl\/wp-json\/wp\/v2\/product\/33513","targetHints":{"allow":["GET"]}}],"collection":[{"href":"https:\/\/doll.shop\/pl\/wp-json\/wp\/v2\/product"}],"about":[{"href":"https:\/\/doll.shop\/pl\/wp-json\/wp\/v2\/types\/product"}],"replies":[{"embeddable":true,"href":"https:\/\/doll.shop\/pl\/wp-json\/wp\/v2\/comments?post=33513"}],"wp:featuredmedia":[{"embeddable":true,"href":"https:\/\/doll.shop\/pl\/wp-json\/wp\/v2\/media\/33644"}],"wp:attachment":[{"href":"https:\/\/doll.shop\/pl\/wp-json\/wp\/v2\/media?parent=33513"}],"wp:term":[{"taxonomy":"product_brand","embeddable":true,"href":"https:\/\/doll.shop\/pl\/wp-json\/wp\/v2\/product_brand?post=33513"},{"taxonomy":"product_cat","embeddable":true,"href":"https:\/\/doll.shop\/pl\/wp-json\/wp\/v2\/product_cat?post=33513"},{"taxonomy":"product_tag","embeddable":true,"href":"https:\/\/doll.shop\/pl\/wp-json\/wp\/v2\/product_tag?post=33513"}],"curies":[{"name":"wp","href":"https:\/\/api.w.org\/{rel}","templated":true}]}}