{"id":33459,"date":"2023-08-01T10:00:52","date_gmt":"2023-08-01T08:00:52","guid":{"rendered":"https:\/\/doll.shop\/produkt\/dutchdoll-ariana-167-cm\/"},"modified":"2026-04-10T16:49:37","modified_gmt":"2026-04-10T14:49:37","slug":"dutchdoll-ariana-167-cm","status":"publish","type":"product","link":"https:\/\/doll.shop\/pl\/produkt\/dutchdoll-ariana-167-cm\/","title":{"rendered":"DutchDoll Ariana | 167 cm"},"content":{"rendered":"","protected":false},"excerpt":{"rendered":"<p>Poznaj DutchDoll\u00ae Arian\u0119, w\u0142osk\u0105 pi\u0119kno\u015b\u0107, kt\u00f3ra spe\u0142ni wszystkie Twoje \u017cyczenia. Jej pe\u0142ne usta i zmys\u0142owe oczy sprawi\u0105, \u017ce serce zabije szybciej. Ariana to 167 centymetrowa lalka erotyczna z uwodzicielskimi kr\u0105g\u0142o\u015bciami i \u017celowymi piersiami zapewniaj\u0105cymi realistyczne doznania. Dzi\u0119ki materia\u0142owi TPE V3.0 jej sk\u00f3ra jest niemal nie do odr\u00f3\u017cnienia od sk\u00f3ry prawdziwej kobiety. Szkielet EVO+ oferuje optymaln\u0105 elastyczno\u015b\u0107 dla \u0142atwego pozycjonowania, a szkielet palca i funkcja stojaka w podstawie sprawiaj\u0105, \u017ce jest praktyczny i wszechstronny. Pu\u015b\u0107 wodze fantazji i odkryj bezgraniczn\u0105 pasj\u0119 lalki DutchDoll\u00ae Ariana.<\/p>\n","protected":false},"featured_media":942115,"comment_status":"open","ping_status":"closed","template":"","meta":[],"product_brand":[],"product_cat":[834,707],"product_tag":[],"class_list":{"0":"post-33459","1":"product","2":"type-product","3":"status-publish","4":"has-post-thumbnail","6":"product_cat-dutchdoll-pl","7":"product_cat-sex-doll","8":"pa_brand-dutchdoll-pl","10":"first","11":"instock","12":"taxable","13":"shipping-taxable","14":"purchasable","15":"product-type-simple"},"_links":{"self":[{"href":"https:\/\/doll.shop\/pl\/wp-json\/wp\/v2\/product\/33459","targetHints":{"allow":["GET"]}}],"collection":[{"href":"https:\/\/doll.shop\/pl\/wp-json\/wp\/v2\/product"}],"about":[{"href":"https:\/\/doll.shop\/pl\/wp-json\/wp\/v2\/types\/product"}],"replies":[{"embeddable":true,"href":"https:\/\/doll.shop\/pl\/wp-json\/wp\/v2\/comments?post=33459"}],"wp:featuredmedia":[{"embeddable":true,"href":"https:\/\/doll.shop\/pl\/wp-json\/wp\/v2\/media\/942115"}],"wp:attachment":[{"href":"https:\/\/doll.shop\/pl\/wp-json\/wp\/v2\/media?parent=33459"}],"wp:term":[{"taxonomy":"product_brand","embeddable":true,"href":"https:\/\/doll.shop\/pl\/wp-json\/wp\/v2\/product_brand?post=33459"},{"taxonomy":"product_cat","embeddable":true,"href":"https:\/\/doll.shop\/pl\/wp-json\/wp\/v2\/product_cat?post=33459"},{"taxonomy":"product_tag","embeddable":true,"href":"https:\/\/doll.shop\/pl\/wp-json\/wp\/v2\/product_tag?post=33459"}],"curies":[{"name":"wp","href":"https:\/\/api.w.org\/{rel}","templated":true}]}}