{"id":33274,"date":"2023-08-01T09:45:38","date_gmt":"2023-08-01T07:45:38","guid":{"rendered":"https:\/\/doll.shop\/produkt\/dutchdoll-anna-167-cm\/"},"modified":"2026-01-16T17:58:51","modified_gmt":"2026-01-16T16:58:51","slug":"dutchdoll-anna-167-cm","status":"publish","type":"product","link":"https:\/\/doll.shop\/pl\/produkt\/dutchdoll-anna-167-cm\/","title":{"rendered":"DutchDoll Anna | 167 cm"},"content":{"rendered":"","protected":false},"excerpt":{"rendered":"<p>DutchDoll\u00ae Anna to mierz\u0105ca 167 cm wzrostu blond lalka erotyczna o pi\u0119knych kr\u0105g\u0142o\u015bciach i idealnej figurze klepsydry. Jej \u015bredniej d\u0142ugo\u015bci, kr\u0119cone w\u0142osy, jasnoniebieskie oczy i jedwabiste, pe\u0142ne usta rzuc\u0105 na ciebie urok. Anna oferuje luksusowe opcje, takie jak szkielet EVO+, szkielet palca, funkcja podstawki i \u017celowe piersi. Ich najwy\u017cszej klasy szkielet i wysokiej jako\u015bci materia\u0142y zapewniaj\u0105 realistyczne wra\u017cenia. Jej realistyczna pochwa, odbyt i usta z j\u0119zykiem zapewniaj\u0105 dodatkow\u0105 przyjemno\u015b\u0107. Odkryj przyjazny dla u\u017cytkownika szkielet EVO+ u\u0142atwiaj\u0105cy pozycjonowanie. DutchDoll\u00ae Anna to najlepszy wyb\u00f3r dla niezapomnianych, realistycznych i przyjemnych dozna\u0144.<\/p>\n","protected":false},"featured_media":33280,"comment_status":"open","ping_status":"closed","template":"","meta":[],"product_brand":[],"product_cat":[834,707],"product_tag":[],"class_list":{"0":"post-33274","1":"product","2":"type-product","3":"status-publish","4":"has-post-thumbnail","6":"product_cat-dutchdoll-pl","7":"product_cat-sex-doll","8":"pa_brand-dutchdoll-pl","10":"first","11":"outofstock","12":"sale","13":"taxable","14":"shipping-taxable","15":"purchasable","16":"product-type-simple"},"_links":{"self":[{"href":"https:\/\/doll.shop\/pl\/wp-json\/wp\/v2\/product\/33274","targetHints":{"allow":["GET"]}}],"collection":[{"href":"https:\/\/doll.shop\/pl\/wp-json\/wp\/v2\/product"}],"about":[{"href":"https:\/\/doll.shop\/pl\/wp-json\/wp\/v2\/types\/product"}],"replies":[{"embeddable":true,"href":"https:\/\/doll.shop\/pl\/wp-json\/wp\/v2\/comments?post=33274"}],"wp:featuredmedia":[{"embeddable":true,"href":"https:\/\/doll.shop\/pl\/wp-json\/wp\/v2\/media\/33280"}],"wp:attachment":[{"href":"https:\/\/doll.shop\/pl\/wp-json\/wp\/v2\/media?parent=33274"}],"wp:term":[{"taxonomy":"product_brand","embeddable":true,"href":"https:\/\/doll.shop\/pl\/wp-json\/wp\/v2\/product_brand?post=33274"},{"taxonomy":"product_cat","embeddable":true,"href":"https:\/\/doll.shop\/pl\/wp-json\/wp\/v2\/product_cat?post=33274"},{"taxonomy":"product_tag","embeddable":true,"href":"https:\/\/doll.shop\/pl\/wp-json\/wp\/v2\/product_tag?post=33274"}],"curies":[{"name":"wp","href":"https:\/\/api.w.org\/{rel}","templated":true}]}}