{"id":33102,"date":"2023-08-01T10:48:06","date_gmt":"2023-08-01T08:48:06","guid":{"rendered":"https:\/\/doll.shop\/produkt\/dutchdoll-kate-159-cm\/"},"modified":"2026-04-06T21:35:52","modified_gmt":"2026-04-06T19:35:52","slug":"dutchdoll-kate-159-cm","status":"publish","type":"product","link":"https:\/\/doll.shop\/pl\/produkt\/dutchdoll-kate-159-cm\/","title":{"rendered":"DutchDoll Kate | 159 cm"},"content":{"rendered":"","protected":false},"excerpt":{"rendered":"<p>Kate wygl\u0105da jak prawdziwa klasyczna pi\u0119kno\u015b\u0107. Solidna i pewna siebie, jest eleganck\u0105 brunetk\u0105 o wzro\u015bcie 159 cm z osza\u0142amiaj\u0105c\u0105 figur\u0105 klepsydry i du\u017cymi, realistycznymi piersiami. Symetryczna twarz Kate, pe\u0142ne usta i zmys\u0142owe oczy sprawiaj\u0105, \u017ce nie mo\u017cna si\u0119 jej oprze\u0107.<\/p>\n<p>Ciesz si\u0119 realistycznymi doznaniami dzi\u0119ki wysokiej jako\u015bci materia\u0142owi TPE (V3.0) i mi\u0119kkim, \u017celowym piersiom zapewniaj\u0105cym optymalny komfort. Dzi\u0119ki szkieletowi EVO+ i szkieletowi palc\u00f3w Kate porusza si\u0119 bez wysi\u0142ku w ka\u017cdej pozycji, nawet trzymanie lekkich przedmiot\u00f3w jest mo\u017cliwe.<\/p>\n<p>DutchDoll\u00ae jest znana z jako\u015bci i \u0142atwo\u015bci u\u017cytkowania, a dzi\u0119ki Kate oferuje wyj\u0105tkow\u0105, atrakcyjn\u0105 Sex Doll, kt\u00f3ra spe\u0142nia wszystkie Twoje potrzeby. Jako holenderska marka, DutchDoll\u00ae od 2017 roku zajmuje si\u0119 produkcj\u0105 wysokiej jako\u015bci lalek erotycznych na ka\u017cd\u0105 kiesze\u0144. Poznaj Kate i do\u015bwiadcz najwy\u017cszej przyjemno\u015bci z DutchDoll\u00ae.<\/p>\n","protected":false},"featured_media":33120,"comment_status":"open","ping_status":"closed","template":"","meta":[],"product_brand":[],"product_cat":[834,707],"product_tag":[],"class_list":{"0":"post-33102","1":"product","2":"type-product","3":"status-publish","4":"has-post-thumbnail","6":"product_cat-dutchdoll-pl","7":"product_cat-sex-doll","8":"pa_brand-dutchdoll-pl","10":"first","11":"instock","12":"taxable","13":"shipping-taxable","14":"purchasable","15":"product-type-simple"},"_links":{"self":[{"href":"https:\/\/doll.shop\/pl\/wp-json\/wp\/v2\/product\/33102","targetHints":{"allow":["GET"]}}],"collection":[{"href":"https:\/\/doll.shop\/pl\/wp-json\/wp\/v2\/product"}],"about":[{"href":"https:\/\/doll.shop\/pl\/wp-json\/wp\/v2\/types\/product"}],"replies":[{"embeddable":true,"href":"https:\/\/doll.shop\/pl\/wp-json\/wp\/v2\/comments?post=33102"}],"wp:featuredmedia":[{"embeddable":true,"href":"https:\/\/doll.shop\/pl\/wp-json\/wp\/v2\/media\/33120"}],"wp:attachment":[{"href":"https:\/\/doll.shop\/pl\/wp-json\/wp\/v2\/media?parent=33102"}],"wp:term":[{"taxonomy":"product_brand","embeddable":true,"href":"https:\/\/doll.shop\/pl\/wp-json\/wp\/v2\/product_brand?post=33102"},{"taxonomy":"product_cat","embeddable":true,"href":"https:\/\/doll.shop\/pl\/wp-json\/wp\/v2\/product_cat?post=33102"},{"taxonomy":"product_tag","embeddable":true,"href":"https:\/\/doll.shop\/pl\/wp-json\/wp\/v2\/product_tag?post=33102"}],"curies":[{"name":"wp","href":"https:\/\/api.w.org\/{rel}","templated":true}]}}