{"id":33100,"date":"2023-08-01T10:15:29","date_gmt":"2023-08-01T08:15:29","guid":{"rendered":"https:\/\/doll.shop\/produkt\/dutchdoll-eva-157-cm\/"},"modified":"2026-04-13T19:03:57","modified_gmt":"2026-04-13T17:03:57","slug":"dutchdoll-eva-157-cm","status":"publish","type":"product","link":"https:\/\/doll.shop\/pl\/produkt\/dutchdoll-eva-157-cm\/","title":{"rendered":"DutchDoll Eva | 157 cm"},"content":{"rendered":"","protected":false},"excerpt":{"rendered":"<p>Eva wygl\u0105da jak najlepsza uwodzicielka, spe\u0142niaj\u0105ca wszystkie Twoje naj\u015bmielsze marzenia. Ta lekka lalka erotyczna wa\u017cy zaledwie 29 kg, dzi\u0119ki czemu mo\u017cna j\u0105 \u0142atwo przenosi\u0107 i obs\u0142ugiwa\u0107. Szkielet EVO+ pozwala ustawi\u0107 j\u0105 w pozycjach podobnych do tych, w jakich znajduje si\u0119 prawdziwa kobieta.<\/p>\n","protected":false},"featured_media":33104,"comment_status":"open","ping_status":"closed","template":"","meta":[],"product_brand":[],"product_cat":[834,707],"product_tag":[],"class_list":{"0":"post-33100","1":"product","2":"type-product","3":"status-publish","4":"has-post-thumbnail","6":"product_cat-dutchdoll-pl","7":"product_cat-sex-doll","8":"pa_brand-dutchdoll-pl","10":"first","11":"instock","12":"taxable","13":"shipping-taxable","14":"purchasable","15":"product-type-simple"},"_links":{"self":[{"href":"https:\/\/doll.shop\/pl\/wp-json\/wp\/v2\/product\/33100","targetHints":{"allow":["GET"]}}],"collection":[{"href":"https:\/\/doll.shop\/pl\/wp-json\/wp\/v2\/product"}],"about":[{"href":"https:\/\/doll.shop\/pl\/wp-json\/wp\/v2\/types\/product"}],"replies":[{"embeddable":true,"href":"https:\/\/doll.shop\/pl\/wp-json\/wp\/v2\/comments?post=33100"}],"wp:featuredmedia":[{"embeddable":true,"href":"https:\/\/doll.shop\/pl\/wp-json\/wp\/v2\/media\/33104"}],"wp:attachment":[{"href":"https:\/\/doll.shop\/pl\/wp-json\/wp\/v2\/media?parent=33100"}],"wp:term":[{"taxonomy":"product_brand","embeddable":true,"href":"https:\/\/doll.shop\/pl\/wp-json\/wp\/v2\/product_brand?post=33100"},{"taxonomy":"product_cat","embeddable":true,"href":"https:\/\/doll.shop\/pl\/wp-json\/wp\/v2\/product_cat?post=33100"},{"taxonomy":"product_tag","embeddable":true,"href":"https:\/\/doll.shop\/pl\/wp-json\/wp\/v2\/product_tag?post=33100"}],"curies":[{"name":"wp","href":"https:\/\/api.w.org\/{rel}","templated":true}]}}