{"id":32867,"date":"2022-08-07T09:53:38","date_gmt":"2022-08-07T07:53:38","guid":{"rendered":"https:\/\/doll.shop\/produkt\/lalka-wm-mirthe-159-cm\/"},"modified":"2026-03-10T18:45:53","modified_gmt":"2026-03-10T17:45:53","slug":"lalka-wm-mirthe-159-cm","status":"publish","type":"product","link":"https:\/\/doll.shop\/pl\/produkt\/lalka-wm-mirthe-159-cm\/","title":{"rendered":"Lalka WM Mirthe | 159 cm"},"content":{"rendered":"","protected":false},"excerpt":{"rendered":"<p>WM Doll Mirthe wygl\u0105da jak nauczycielka, kt\u00f3r\u0105 zawsze uwa\u017ca\u0142e\u015b za pi\u0119kn\u0105, kiedy by\u0142e\u015b w szkole. Wspania\u0142\u0105 rzecz\u0105 jest to, \u017ce nie jeste\u015b ju\u017c w szkole i mo\u017cesz pozna\u0107 Mirthe w prawdziwym \u017cyciu. Mirthe jest raczej drobn\u0105 blondynk\u0105 o wzro\u015bcie 159 cm. Ma pi\u0119kn\u0105 twarz i wygl\u0105da na dobrze wychowan\u0105. To natychmiast rodzi pytanie, czy w rzeczywisto\u015bci jest to tak nieszkodliwe. Oczywi\u015bcie nie chcemy psu\u0107 Ci ca\u0142ej niespodzianki, ale mo\u017cemy powiedzie\u0107 ci jedno: Mirthe te\u017c mo\u017ce by\u0107 inna! Pomimo niewielkich rozmiar\u00f3w, ta lalka ma stosunkowo du\u017ce piersi z miseczk\u0105 C. Tak pi\u0119kny wygl\u0105d w po\u0142\u0105czeniu z tak gor\u0105cym cia\u0142em to naprawd\u0119 interesuj\u0105ce po\u0142\u0105czenie. To sprawia, \u017ce ta premium Sex Doll jest naprawd\u0119 nieodpart\u0105 dam\u0105. Wspania\u0142e jest oczywi\u015bcie to, \u017ce nie musisz opiera\u0107 si\u0119 tej \u0142asce!<\/p>\n","protected":false},"featured_media":32978,"comment_status":"open","ping_status":"closed","template":"","meta":[],"product_brand":[],"product_cat":[747,707],"product_tag":[],"class_list":{"0":"post-32867","1":"product","2":"type-product","3":"status-publish","4":"has-post-thumbnail","6":"product_cat-wm-doll-pl","7":"product_cat-sex-doll","8":"pa_brand-wm-doll-pl","10":"first","11":"onbackorder","12":"taxable","13":"shipping-taxable","14":"purchasable","15":"product-type-simple"},"_links":{"self":[{"href":"https:\/\/doll.shop\/pl\/wp-json\/wp\/v2\/product\/32867","targetHints":{"allow":["GET"]}}],"collection":[{"href":"https:\/\/doll.shop\/pl\/wp-json\/wp\/v2\/product"}],"about":[{"href":"https:\/\/doll.shop\/pl\/wp-json\/wp\/v2\/types\/product"}],"replies":[{"embeddable":true,"href":"https:\/\/doll.shop\/pl\/wp-json\/wp\/v2\/comments?post=32867"}],"wp:featuredmedia":[{"embeddable":true,"href":"https:\/\/doll.shop\/pl\/wp-json\/wp\/v2\/media\/32978"}],"wp:attachment":[{"href":"https:\/\/doll.shop\/pl\/wp-json\/wp\/v2\/media?parent=32867"}],"wp:term":[{"taxonomy":"product_brand","embeddable":true,"href":"https:\/\/doll.shop\/pl\/wp-json\/wp\/v2\/product_brand?post=32867"},{"taxonomy":"product_cat","embeddable":true,"href":"https:\/\/doll.shop\/pl\/wp-json\/wp\/v2\/product_cat?post=32867"},{"taxonomy":"product_tag","embeddable":true,"href":"https:\/\/doll.shop\/pl\/wp-json\/wp\/v2\/product_tag?post=32867"}],"curies":[{"name":"wp","href":"https:\/\/api.w.org\/{rel}","templated":true}]}}