{"id":32771,"date":"2022-09-08T10:20:42","date_gmt":"2022-09-08T08:20:42","guid":{"rendered":"https:\/\/doll.shop\/produkt\/lalka-ak-annabel-175cm\/"},"modified":"2025-12-05T12:33:29","modified_gmt":"2025-12-05T11:33:29","slug":"lalka-ak-annabel-175cm","status":"publish","type":"product","link":"https:\/\/doll.shop\/pl\/produkt\/lalka-ak-annabel-175cm\/","title":{"rendered":"Lalka AK Annabel | 175cm"},"content":{"rendered":"","protected":false},"excerpt":{"rendered":"<p>Czy wiesz, \u017ce AK Doll produkuje wysokiej jako\u015bci lalki erotyczne z silikonu? Oczywi\u015bcie mamy r\u00f3wnie\u017c takie modele dla ciebie w Doll.shop. Ta bardzo wysoka brunetka jest naprawd\u0119 wykonana w ca\u0142o\u015bci z silikonu. Przy wzro\u015bcie 175 cm ta lalka erotyczna jest naprawd\u0119 imponuj\u0105ca. Co wi\u0119cej, dzi\u0119ki zastosowanemu materia\u0142owi ta lalka jest jeszcze bardziej realistyczna ni\u017c lalka erotyczna wykonana z TPE. Modele silikonowe maj\u0105 naprawd\u0119 zdumiewaj\u0105cy stopie\u0144 realizmu. Waga lalki ma zazwyczaj du\u017cy wp\u0142yw na to, jak \u0142atwo si\u0119 ni\u0105 pos\u0142ugiwa\u0107. Pomimo bardzo du\u017cych rozmiar\u00f3w tej kobiety, wa\u017cy ona tylko 38 kilogram\u00f3w. Ma to wiele wsp\u00f3lnego z materia\u0142em lalki (silikon), poniewa\u017c materia\u0142 ten jest nieco l\u017cejszy ni\u017c TPE.<\/p>\n<p>Ta Sex Doll ma pi\u0119kn\u0105 twarz i prawdziwe wymarzone cia\u0142o. Ma wspania\u0142e, idealnie ukszta\u0142towane piersi. Ma d\u0142ugie, czarne w\u0142osy, kt\u00f3re nadaj\u0105 jej bardzo szlachetny wygl\u0105d. Dzi\u0119ki \u017celowym piersiom, kt\u00f3re ma ta silikonowa lalka od AK Doll, piersi s\u0105 niezwykle realistyczne. Ma ona r\u00f3wnie\u017c szczup\u0142\u0105 budow\u0119 z p\u0142askim brzuchem i bardzo d\u0142ugimi nogami, co szybko doprowadzi Ci\u0119 do szale\u0144stwa.<\/p>\n<p>Nale\u017cy pami\u0119ta\u0107, \u017ce wszystkie modele s\u0105 standardowo wyposa\u017cone w zdejmowan\u0105 peruk\u0119. Je\u015bli chcesz mie\u0107 wszczepion\u0105 peruk\u0119, skontaktuj si\u0119 z nami, aby uzyska\u0107 wi\u0119cej informacji.<\/p>\n","protected":false},"featured_media":32868,"comment_status":"open","ping_status":"closed","template":"","meta":[],"product_brand":[],"product_cat":[813,707],"product_tag":[],"class_list":{"0":"post-32771","1":"product","2":"type-product","3":"status-publish","4":"has-post-thumbnail","6":"product_cat-lalki-angel-kiss-ak-dolls","7":"product_cat-sex-doll","8":"pa_brand-ak-doll-pl","10":"first","11":"onbackorder","12":"taxable","13":"shipping-taxable","14":"purchasable","15":"product-type-simple"},"_links":{"self":[{"href":"https:\/\/doll.shop\/pl\/wp-json\/wp\/v2\/product\/32771","targetHints":{"allow":["GET"]}}],"collection":[{"href":"https:\/\/doll.shop\/pl\/wp-json\/wp\/v2\/product"}],"about":[{"href":"https:\/\/doll.shop\/pl\/wp-json\/wp\/v2\/types\/product"}],"replies":[{"embeddable":true,"href":"https:\/\/doll.shop\/pl\/wp-json\/wp\/v2\/comments?post=32771"}],"wp:featuredmedia":[{"embeddable":true,"href":"https:\/\/doll.shop\/pl\/wp-json\/wp\/v2\/media\/32868"}],"wp:attachment":[{"href":"https:\/\/doll.shop\/pl\/wp-json\/wp\/v2\/media?parent=32771"}],"wp:term":[{"taxonomy":"product_brand","embeddable":true,"href":"https:\/\/doll.shop\/pl\/wp-json\/wp\/v2\/product_brand?post=32771"},{"taxonomy":"product_cat","embeddable":true,"href":"https:\/\/doll.shop\/pl\/wp-json\/wp\/v2\/product_cat?post=32771"},{"taxonomy":"product_tag","embeddable":true,"href":"https:\/\/doll.shop\/pl\/wp-json\/wp\/v2\/product_tag?post=32771"}],"curies":[{"name":"wp","href":"https:\/\/api.w.org\/{rel}","templated":true}]}}