{"id":32732,"date":"2022-09-19T08:13:06","date_gmt":"2022-09-19T06:13:06","guid":{"rendered":"https:\/\/doll.shop\/produkt\/firedoll-lisa-marie-166-cm\/"},"modified":"2026-04-29T17:37:19","modified_gmt":"2026-04-29T15:37:19","slug":"firedoll-lisa-marie-166-cm","status":"publish","type":"product","link":"https:\/\/doll.shop\/pl\/produkt\/firedoll-lisa-marie-166-cm\/","title":{"rendered":"Firedoll Lisa-Marie | 166 cm"},"content":{"rendered":"","protected":false},"excerpt":{"rendered":"<p>Jedno jest pewne: rzadko mo\u017cna zobaczy\u0107 takie pi\u0119kno! Firedoll Lisa-Marie jest naprawd\u0119 wyj\u0105tkowa. Gdyby\u015b zobaczy\u0142 t\u0119 kobiet\u0119 na ulicy, prawdopodobnie nie uwierzy\u0142by\u015b w\u0142asnym oczom. Nie martw si\u0119, nie musisz si\u0119 szczypa\u0107, aby sprawdzi\u0107, czy nadal \u015bpisz. Taka jest rzeczywisto\u015b\u0107! Doll.shop, Tw\u00f3j zaufany sprzedawca, po raz kolejny ma dla Ciebie naprawd\u0119 charyzmatyczn\u0105 lalk\u0119 erotyczn\u0105. Je\u015bli szukasz bardzo aktywnej kobiety o wysportowanym ciele i pi\u0119knej twarzy, zdecydowanie nie powiniene\u015b przegapi\u0107 Firedoll Lisa-Marie. Lisa-Marie ma 166 cm wzrostu i wyr\u00f3\u017cnia si\u0119 d\u0142ugimi, smuk\u0142ymi nogami. Nie zawiera absolutnie \u017cadnego t\u0142uszczu. Kr\u0105g\u0142o\u015bci tej Sex Doll sprawiaj\u0105, \u017ce przyci\u0105ga wzrok. Lisa-Marie ma pi\u0119kny dekolt i zgrabne po\u015bladki. Dzi\u0119ki sportowej sylwetce tej lalki erotycznej mo\u017cesz by\u0107 pewien, \u017ce nigdy nie b\u0119dziesz si\u0119 z ni\u0105 nudzi\u0107. Lisa-Marie rozpie\u015bci Ci\u0119 w dzie\u0144 i w nocy, i spe\u0142ni wszystkie Twoje \u017cyczenia. Rozpocznij t\u0119 przygod\u0119 i poznaj Lis\u0119-Marie ju\u017c teraz!<\/p>\n","protected":false},"featured_media":32778,"comment_status":"open","ping_status":"closed","template":"","meta":[],"product_brand":[],"product_cat":[794,707],"product_tag":[],"class_list":{"0":"post-32732","1":"product","2":"type-product","3":"status-publish","4":"has-post-thumbnail","6":"product_cat-firedoll-pl","7":"product_cat-sex-doll","8":"pa_brand-firedoll-pl","10":"first","11":"instock","12":"sale","13":"featured","14":"taxable","15":"shipping-taxable","16":"purchasable","17":"product-type-simple"},"_links":{"self":[{"href":"https:\/\/doll.shop\/pl\/wp-json\/wp\/v2\/product\/32732","targetHints":{"allow":["GET"]}}],"collection":[{"href":"https:\/\/doll.shop\/pl\/wp-json\/wp\/v2\/product"}],"about":[{"href":"https:\/\/doll.shop\/pl\/wp-json\/wp\/v2\/types\/product"}],"replies":[{"embeddable":true,"href":"https:\/\/doll.shop\/pl\/wp-json\/wp\/v2\/comments?post=32732"}],"wp:featuredmedia":[{"embeddable":true,"href":"https:\/\/doll.shop\/pl\/wp-json\/wp\/v2\/media\/32778"}],"wp:attachment":[{"href":"https:\/\/doll.shop\/pl\/wp-json\/wp\/v2\/media?parent=32732"}],"wp:term":[{"taxonomy":"product_brand","embeddable":true,"href":"https:\/\/doll.shop\/pl\/wp-json\/wp\/v2\/product_brand?post=32732"},{"taxonomy":"product_cat","embeddable":true,"href":"https:\/\/doll.shop\/pl\/wp-json\/wp\/v2\/product_cat?post=32732"},{"taxonomy":"product_tag","embeddable":true,"href":"https:\/\/doll.shop\/pl\/wp-json\/wp\/v2\/product_tag?post=32732"}],"curies":[{"name":"wp","href":"https:\/\/api.w.org\/{rel}","templated":true}]}}