{"id":32597,"date":"2022-08-07T10:38:05","date_gmt":"2022-08-07T08:38:05","guid":{"rendered":"https:\/\/doll.shop\/produkt\/wm-lalka-cornelia-164cm\/"},"modified":"2025-12-05T12:34:07","modified_gmt":"2025-12-05T11:34:07","slug":"wm-lalka-cornelia-164cm","status":"publish","type":"product","link":"https:\/\/doll.shop\/pl\/produkt\/wm-lalka-cornelia-164cm\/","title":{"rendered":"WM Lalka Cornelia | 164cm"},"content":{"rendered":"","protected":false},"excerpt":{"rendered":"<p>Jest wielu m\u0119\u017cczyzn, kt\u00f3rzy lubi\u0105 nieco ni\u017csze kobiety. Mniejsze lalki erotyczne mog\u0105 mie\u0107 r\u00f3wnie\u017c ogromn\u0105 zalet\u0119 dla klienta, poniewa\u017c lalki te wa\u017c\u0105 mniej i dlatego s\u0105 \u0142atwiejsze w obs\u0142udze. Dlatego WM Doll oferuje r\u00f3wnie\u017c wiele lalek erotycznych premium w szerokiej gamie rozmiar\u00f3w. W\u015br\u00f3d nich s\u0105 r\u00f3wnie\u017c seks lalki lalki o wysoko\u015bci 164 cm. WM Doll Cornelia jest jedn\u0105 z tych pi\u0119knych kobiet. Ten model od WM Doll mo\u017ce by\u0107 idealnym wyborem dla Ciebie, je\u015bli lubisz ni\u017csze kobiety. Nie nale\u017cy jednak lekcewa\u017cy\u0107 tej niskiej Sex Doll. Naprawd\u0119 ma niesamowit\u0105 ilo\u015b\u0107 energii i wykorzysta j\u0105, by rozpieszcza\u0107 Ci\u0119 w ka\u017cdej chwili.<\/p>\n","protected":false},"featured_media":32660,"comment_status":"open","ping_status":"closed","template":"","meta":[],"product_brand":[],"product_cat":[747,707],"product_tag":[],"class_list":{"0":"post-32597","1":"product","2":"type-product","3":"status-publish","4":"has-post-thumbnail","6":"product_cat-wm-doll-pl","7":"product_cat-sex-doll","8":"pa_brand-wm-doll-pl","10":"first","11":"onbackorder","12":"taxable","13":"shipping-taxable","14":"purchasable","15":"product-type-simple"},"_links":{"self":[{"href":"https:\/\/doll.shop\/pl\/wp-json\/wp\/v2\/product\/32597","targetHints":{"allow":["GET"]}}],"collection":[{"href":"https:\/\/doll.shop\/pl\/wp-json\/wp\/v2\/product"}],"about":[{"href":"https:\/\/doll.shop\/pl\/wp-json\/wp\/v2\/types\/product"}],"replies":[{"embeddable":true,"href":"https:\/\/doll.shop\/pl\/wp-json\/wp\/v2\/comments?post=32597"}],"wp:featuredmedia":[{"embeddable":true,"href":"https:\/\/doll.shop\/pl\/wp-json\/wp\/v2\/media\/32660"}],"wp:attachment":[{"href":"https:\/\/doll.shop\/pl\/wp-json\/wp\/v2\/media?parent=32597"}],"wp:term":[{"taxonomy":"product_brand","embeddable":true,"href":"https:\/\/doll.shop\/pl\/wp-json\/wp\/v2\/product_brand?post=32597"},{"taxonomy":"product_cat","embeddable":true,"href":"https:\/\/doll.shop\/pl\/wp-json\/wp\/v2\/product_cat?post=32597"},{"taxonomy":"product_tag","embeddable":true,"href":"https:\/\/doll.shop\/pl\/wp-json\/wp\/v2\/product_tag?post=32597"}],"curies":[{"name":"wp","href":"https:\/\/api.w.org\/{rel}","templated":true}]}}