{"id":32469,"date":"2022-09-20T10:11:30","date_gmt":"2022-09-20T08:11:30","guid":{"rendered":"https:\/\/doll.shop\/produkt\/wkladka-shemale\/"},"modified":"2026-04-14T15:18:45","modified_gmt":"2026-04-14T13:18:45","slug":"wkladka-shemale","status":"publish","type":"product","link":"https:\/\/doll.shop\/pl\/produkt\/wkladka-shemale\/","title":{"rendered":"Wk\u0142adka Shemale"},"content":{"rendered":"","protected":false},"excerpt":{"rendered":"<p>Je\u015bli lubisz dobrze si\u0119 bawi\u0107 w \u0142\u00f3\u017cku ze swoim partnerem lub partnerk\u0105, wk\u0142adka Shemale mo\u017ce by\u0107 dla Ciebie idealn\u0105 opcj\u0105. Mo\u017cesz wi\u0119c u\u017cy\u0107 swojej lalki erotycznej razem. Wk\u0142adka Shemale jest bardzo \u0142atwa do umieszczenia w pochwie. Wygl\u0105d jest bardzo realistyczny i bardzo przypomina wygl\u0105d prawdziwego penisa. Obecnie w magazynie dost\u0119pna jest tylko wersja 15 cm. Jednak ta wk\u0142adka jest uniwersalna i pasuje do wszystkich lalek erotycznych dowolnej marki.<\/p>\n","protected":false},"featured_media":32557,"comment_status":"open","ping_status":"closed","template":"","meta":[],"product_brand":[],"product_cat":[826],"product_tag":[],"class_list":{"0":"post-32469","1":"product","2":"type-product","3":"status-publish","4":"has-post-thumbnail","6":"product_cat-akcesoria-dla-lalek-erotycznych","7":"product_shipping_class-maly","9":"first","10":"instock","11":"taxable","12":"shipping-taxable","13":"purchasable","14":"product-type-simple"},"_links":{"self":[{"href":"https:\/\/doll.shop\/pl\/wp-json\/wp\/v2\/product\/32469","targetHints":{"allow":["GET"]}}],"collection":[{"href":"https:\/\/doll.shop\/pl\/wp-json\/wp\/v2\/product"}],"about":[{"href":"https:\/\/doll.shop\/pl\/wp-json\/wp\/v2\/types\/product"}],"replies":[{"embeddable":true,"href":"https:\/\/doll.shop\/pl\/wp-json\/wp\/v2\/comments?post=32469"}],"wp:featuredmedia":[{"embeddable":true,"href":"https:\/\/doll.shop\/pl\/wp-json\/wp\/v2\/media\/32557"}],"wp:attachment":[{"href":"https:\/\/doll.shop\/pl\/wp-json\/wp\/v2\/media?parent=32469"}],"wp:term":[{"taxonomy":"product_brand","embeddable":true,"href":"https:\/\/doll.shop\/pl\/wp-json\/wp\/v2\/product_brand?post=32469"},{"taxonomy":"product_cat","embeddable":true,"href":"https:\/\/doll.shop\/pl\/wp-json\/wp\/v2\/product_cat?post=32469"},{"taxonomy":"product_tag","embeddable":true,"href":"https:\/\/doll.shop\/pl\/wp-json\/wp\/v2\/product_tag?post=32469"}],"curies":[{"name":"wp","href":"https:\/\/api.w.org\/{rel}","templated":true}]}}