{"id":32462,"date":"2022-06-09T10:41:58","date_gmt":"2022-06-09T08:41:58","guid":{"rendered":"https:\/\/doll.shop\/produkt\/lalka-milosci-alexis-157-cm\/"},"modified":"2025-12-05T12:35:49","modified_gmt":"2025-12-05T11:35:49","slug":"lalka-milosci-alexis-157-cm","status":"publish","type":"product","link":"https:\/\/doll.shop\/pl\/produkt\/lalka-milosci-alexis-157-cm\/","title":{"rendered":"Lalka erotyczna Alexis | 157 cm"},"content":{"rendered":"","protected":false},"excerpt":{"rendered":"<p>WM Doll Alexis to prawdziwa sportowa bomba z niespo\u017cyt\u0105 energi\u0105. Mo\u017ce sprawi\u0107, \u017ce Twoje \u017cycie stanie si\u0119 o wiele bardziej ekscytuj\u0105ce, a dzi\u0119ki sprawno\u015bci fizycznej mo\u017ce s\u0142u\u017cy\u0107 Ci przez wiele godzin. Alexis jest stosunkowo niewielka, a zatem \u0142atwa w obs\u0142udze. Nie nale\u017cy jednak lekcewa\u017cy\u0107 tej seks lalki. Ona naprawd\u0119 ma wszystko! Lubisz brunetki z kr\u0119conymi w\u0142osami i niebia\u0144skim cia\u0142em? Nie przegap wi\u0119c swojej szansy i przyjrzyj si\u0119 bli\u017cej Alexis.<\/p>\n","protected":false},"featured_media":32502,"comment_status":"open","ping_status":"closed","template":"","meta":[],"product_brand":[],"product_cat":[707,747],"product_tag":[],"class_list":{"0":"post-32462","1":"product","2":"type-product","3":"status-publish","4":"has-post-thumbnail","6":"product_cat-sex-doll","7":"product_cat-wm-doll-pl","8":"pa_brand-wm-doll-pl","10":"first","11":"onbackorder","12":"taxable","13":"shipping-taxable","14":"purchasable","15":"product-type-simple"},"_links":{"self":[{"href":"https:\/\/doll.shop\/pl\/wp-json\/wp\/v2\/product\/32462","targetHints":{"allow":["GET"]}}],"collection":[{"href":"https:\/\/doll.shop\/pl\/wp-json\/wp\/v2\/product"}],"about":[{"href":"https:\/\/doll.shop\/pl\/wp-json\/wp\/v2\/types\/product"}],"replies":[{"embeddable":true,"href":"https:\/\/doll.shop\/pl\/wp-json\/wp\/v2\/comments?post=32462"}],"wp:featuredmedia":[{"embeddable":true,"href":"https:\/\/doll.shop\/pl\/wp-json\/wp\/v2\/media\/32502"}],"wp:attachment":[{"href":"https:\/\/doll.shop\/pl\/wp-json\/wp\/v2\/media?parent=32462"}],"wp:term":[{"taxonomy":"product_brand","embeddable":true,"href":"https:\/\/doll.shop\/pl\/wp-json\/wp\/v2\/product_brand?post=32462"},{"taxonomy":"product_cat","embeddable":true,"href":"https:\/\/doll.shop\/pl\/wp-json\/wp\/v2\/product_cat?post=32462"},{"taxonomy":"product_tag","embeddable":true,"href":"https:\/\/doll.shop\/pl\/wp-json\/wp\/v2\/product_tag?post=32462"}],"curies":[{"name":"wp","href":"https:\/\/api.w.org\/{rel}","templated":true}]}}