{"id":32442,"date":"2022-09-20T10:46:40","date_gmt":"2022-09-20T08:46:40","guid":{"rendered":"https:\/\/doll.shop\/produkt\/seksowny-stroj-z-bizuteria\/"},"modified":"2025-12-05T12:31:39","modified_gmt":"2025-12-05T11:31:39","slug":"seksowny-stroj-z-bizuteria","status":"publish","type":"product","link":"https:\/\/doll.shop\/pl\/produkt\/seksowny-stroj-z-bizuteria\/","title":{"rendered":"Seksowny ubi\u00f3r z bi\u017cuteri\u0105"},"content":{"rendered":"","protected":false},"excerpt":{"rendered":"<p>Doll.shop oferuje mo\u017cliwo\u015b\u0107 ubierania lalek erotycznych na r\u00f3\u017cne okazje. Ten &#8222;seksowny ubi\u00f3r&#8221; to pi\u0119kny, uwodzicielski element garderoby. Ten ubi\u00f3r zosta\u0142 specjalnie zaprojektowany dla lalek, wi\u0119c z pewno\u015bci\u0105 b\u0119dzie idealnie pasowa\u0142 do Twojej lalki erotycznej. Co wi\u0119cej, ten ubi\u00f3r pasuje do wielu r\u00f3\u017cnych modeli jak ula\u0142.<\/p>\n<p>Ten ubi\u00f3r sk\u0142ada si\u0119 z trzech element\u00f3w: ma\u0142ej sp\u00f3dniczki, topu i bi\u017cuterii.<\/p>\n","protected":false},"featured_media":30922,"comment_status":"open","ping_status":"closed","template":"","meta":[],"product_brand":[],"product_cat":[826],"product_tag":[],"class_list":{"0":"post-32442","1":"product","2":"type-product","3":"status-publish","4":"has-post-thumbnail","6":"product_cat-akcesoria-dla-lalek-erotycznych","7":"product_shipping_class-maly","9":"first","10":"outofstock","11":"taxable","12":"shipping-taxable","13":"purchasable","14":"product-type-simple"},"_links":{"self":[{"href":"https:\/\/doll.shop\/pl\/wp-json\/wp\/v2\/product\/32442","targetHints":{"allow":["GET"]}}],"collection":[{"href":"https:\/\/doll.shop\/pl\/wp-json\/wp\/v2\/product"}],"about":[{"href":"https:\/\/doll.shop\/pl\/wp-json\/wp\/v2\/types\/product"}],"replies":[{"embeddable":true,"href":"https:\/\/doll.shop\/pl\/wp-json\/wp\/v2\/comments?post=32442"}],"wp:featuredmedia":[{"embeddable":true,"href":"https:\/\/doll.shop\/pl\/wp-json\/wp\/v2\/media\/30922"}],"wp:attachment":[{"href":"https:\/\/doll.shop\/pl\/wp-json\/wp\/v2\/media?parent=32442"}],"wp:term":[{"taxonomy":"product_brand","embeddable":true,"href":"https:\/\/doll.shop\/pl\/wp-json\/wp\/v2\/product_brand?post=32442"},{"taxonomy":"product_cat","embeddable":true,"href":"https:\/\/doll.shop\/pl\/wp-json\/wp\/v2\/product_cat?post=32442"},{"taxonomy":"product_tag","embeddable":true,"href":"https:\/\/doll.shop\/pl\/wp-json\/wp\/v2\/product_tag?post=32442"}],"curies":[{"name":"wp","href":"https:\/\/api.w.org\/{rel}","templated":true}]}}