{"id":32424,"date":"2022-08-06T09:14:06","date_gmt":"2022-08-06T07:14:06","guid":{"rendered":"https:\/\/doll.shop\/produkt\/wm-lalka-babette-172-cm\/"},"modified":"2025-12-05T12:34:41","modified_gmt":"2025-12-05T11:34:41","slug":"wm-lalka-babette-172-cm","status":"publish","type":"product","link":"https:\/\/doll.shop\/pl\/produkt\/wm-lalka-babette-172-cm\/","title":{"rendered":"WM Lalka Babette | 172 cm"},"content":{"rendered":"","protected":false},"excerpt":{"rendered":"<p>WM Doll Babette jest naprawd\u0119 szalon\u0105 kobiet\u0105, nawet bez piercing\u00f3w na zdj\u0119ciach. Nale\u017cy pami\u0119ta\u0107, \u017ce kolczyki pokazane na zdj\u0119ciach nie s\u0105 do\u0142\u0105czone do tej lalki erotycznej. Ale szczeg\u00f3\u0142y na zdj\u0119ciach pomog\u0105 Ci zrozumie\u0107, jak dzika jest ta kobieta. Babette jest naprawd\u0119 wysok\u0105 kobiet\u0105 ma a\u017c 172 cm. Jest taka wysportowana i tryska energi\u0105. Babette ma urocz\u0105 twarz, wspania\u0142e d\u0142ugie nogi i niesamowicie smuk\u0142e cia\u0142o. Ta brunetka ma stosunkowo ma\u0142e, ale naprawd\u0119 doskonale ukszta\u0142towane piersi, kt\u00f3re idealnie pasuj\u0105 do jej sylwetki. Ma r\u00f3wnie\u017c wspania\u0142e po\u015bladki, kt\u00f3re pi\u0119knie podkre\u015blaj\u0105 jej niemal idealn\u0105 figur\u0119. Kiedy po raz pierwszy zobaczysz Babette w prawdziwym \u017cyciu, b\u0119dziesz si\u0119 zastanawia\u0107, czy nie \u015bnisz. Ale nie musisz si\u0119 o to martwi\u0107. Babette jest prawdziwa i jest co najmniej tak samo nieodparta w prawdziwym \u017cyciu, jak na zdj\u0119ciach.<\/p>\n","protected":false},"featured_media":32470,"comment_status":"open","ping_status":"closed","template":"","meta":[],"product_brand":[],"product_cat":[747,707],"product_tag":[],"class_list":{"0":"post-32424","1":"product","2":"type-product","3":"status-publish","4":"has-post-thumbnail","6":"product_cat-wm-doll-pl","7":"product_cat-sex-doll","8":"pa_brand-wm-doll-pl","10":"first","11":"onbackorder","12":"taxable","13":"shipping-taxable","14":"purchasable","15":"product-type-simple"},"_links":{"self":[{"href":"https:\/\/doll.shop\/pl\/wp-json\/wp\/v2\/product\/32424","targetHints":{"allow":["GET"]}}],"collection":[{"href":"https:\/\/doll.shop\/pl\/wp-json\/wp\/v2\/product"}],"about":[{"href":"https:\/\/doll.shop\/pl\/wp-json\/wp\/v2\/types\/product"}],"replies":[{"embeddable":true,"href":"https:\/\/doll.shop\/pl\/wp-json\/wp\/v2\/comments?post=32424"}],"wp:featuredmedia":[{"embeddable":true,"href":"https:\/\/doll.shop\/pl\/wp-json\/wp\/v2\/media\/32470"}],"wp:attachment":[{"href":"https:\/\/doll.shop\/pl\/wp-json\/wp\/v2\/media?parent=32424"}],"wp:term":[{"taxonomy":"product_brand","embeddable":true,"href":"https:\/\/doll.shop\/pl\/wp-json\/wp\/v2\/product_brand?post=32424"},{"taxonomy":"product_cat","embeddable":true,"href":"https:\/\/doll.shop\/pl\/wp-json\/wp\/v2\/product_cat?post=32424"},{"taxonomy":"product_tag","embeddable":true,"href":"https:\/\/doll.shop\/pl\/wp-json\/wp\/v2\/product_tag?post=32424"}],"curies":[{"name":"wp","href":"https:\/\/api.w.org\/{rel}","templated":true}]}}