{"id":32279,"date":"2022-09-20T10:49:59","date_gmt":"2022-09-20T08:49:59","guid":{"rendered":"https:\/\/doll.shop\/produkt\/bielizna-dla-lalki-erotycznej\/"},"modified":"2025-12-05T12:31:25","modified_gmt":"2025-12-05T11:31:25","slug":"bielizna-dla-lalki-erotycznej","status":"publish","type":"product","link":"https:\/\/doll.shop\/pl\/produkt\/bielizna-dla-lalki-erotycznej\/","title":{"rendered":"Bielizna dla Sex Doll"},"content":{"rendered":"","protected":false},"excerpt":{"rendered":"<p>Wiele kobiet wydaje du\u017co pieni\u0119dzy na pi\u0119kn\u0105 bielizn\u0119 i nie bez powodu. Pi\u0119kny biustonosz mo\u017ce znacznie lepiej wyeksponowa\u0107 kobiece piersi, a tak\u017ce piersi Sex Doll. Czy mo\u017cesz sobie wyobrazi\u0107 t\u0119 pi\u0119kn\u0105 bielizn\u0119 na swojej ukochanej lalce? Je\u015bli masz ochot\u0119 na romantyczne chwile ze swoj\u0105 lalk\u0105, zdecydowanie powiniene\u015b dwa razy pomy\u015ble\u0107 o zakupie tej bielizny.<\/p>\n","protected":false},"featured_media":939273,"comment_status":"open","ping_status":"closed","template":"","meta":[],"product_brand":[],"product_cat":[826],"product_tag":[],"class_list":{"0":"post-32279","1":"product","2":"type-product","3":"status-publish","4":"has-post-thumbnail","6":"product_cat-akcesoria-dla-lalek-erotycznych","7":"product_shipping_class-maly","9":"first","10":"outofstock","11":"taxable","12":"shipping-taxable","13":"purchasable","14":"product-type-simple"},"_links":{"self":[{"href":"https:\/\/doll.shop\/pl\/wp-json\/wp\/v2\/product\/32279","targetHints":{"allow":["GET"]}}],"collection":[{"href":"https:\/\/doll.shop\/pl\/wp-json\/wp\/v2\/product"}],"about":[{"href":"https:\/\/doll.shop\/pl\/wp-json\/wp\/v2\/types\/product"}],"replies":[{"embeddable":true,"href":"https:\/\/doll.shop\/pl\/wp-json\/wp\/v2\/comments?post=32279"}],"wp:featuredmedia":[{"embeddable":true,"href":"https:\/\/doll.shop\/pl\/wp-json\/wp\/v2\/media\/939273"}],"wp:attachment":[{"href":"https:\/\/doll.shop\/pl\/wp-json\/wp\/v2\/media?parent=32279"}],"wp:term":[{"taxonomy":"product_brand","embeddable":true,"href":"https:\/\/doll.shop\/pl\/wp-json\/wp\/v2\/product_brand?post=32279"},{"taxonomy":"product_cat","embeddable":true,"href":"https:\/\/doll.shop\/pl\/wp-json\/wp\/v2\/product_cat?post=32279"},{"taxonomy":"product_tag","embeddable":true,"href":"https:\/\/doll.shop\/pl\/wp-json\/wp\/v2\/product_tag?post=32279"}],"curies":[{"name":"wp","href":"https:\/\/api.w.org\/{rel}","templated":true}]}}