{"id":32223,"date":"2022-08-12T08:31:38","date_gmt":"2022-08-12T06:31:38","guid":{"rendered":"https:\/\/doll.shop\/produkt\/ak-doll-serena-175cm\/"},"modified":"2026-03-11T01:33:37","modified_gmt":"2026-03-11T00:33:37","slug":"ak-doll-serena-175cm","status":"publish","type":"product","link":"https:\/\/doll.shop\/pl\/produkt\/ak-doll-serena-175cm\/","title":{"rendered":"AK Doll Serena | 175cm"},"content":{"rendered":"","protected":false},"excerpt":{"rendered":"<p>Ta lalka erotyczna od marki AK Doll ma pi\u0119kn\u0105 twarz i po prostu idealne cia\u0142o modelki fitness. Ma wspania\u0142e, idealnie ukszta\u0142towane piersi. Dzi\u0119ki \u017celowym piersiom, kt\u00f3re ma ta silikonowa lalka, piersi s\u0105 niezwykle realistyczne. Ta lalka ma r\u00f3wnie\u017c szczup\u0142\u0105 budow\u0119 z p\u0142askim brzuchem i bardzo d\u0142ugimi nogami, co szybko doprowadzi Ci\u0119 do szale\u0144stwa. Je\u015bli masz ochot\u0119 na przygod\u0119, zdecydowanie powiniene\u015b\/powinna\u015b pozna\u0107 t\u0119 idealn\u0105 kobiet\u0119!<\/p>\n<p>Nale\u017cy pami\u0119ta\u0107, \u017ce wszystkie modele s\u0105 standardowo wyposa\u017cone w zdejmowan\u0105 peruk\u0119. Je\u015bli chcesz mie\u0107 wszczepion\u0105 peruk\u0119, skontaktuj si\u0119 z nami, aby uzyska\u0107 wi\u0119cej informacji.<\/p>\n","protected":false},"featured_media":32281,"comment_status":"open","ping_status":"closed","template":"","meta":[],"product_brand":[],"product_cat":[813,707],"product_tag":[],"class_list":{"0":"post-32223","1":"product","2":"type-product","3":"status-publish","4":"has-post-thumbnail","6":"product_cat-lalki-angel-kiss-ak-dolls","7":"product_cat-sex-doll","8":"pa_brand-ak-doll-pl","10":"first","11":"onbackorder","12":"taxable","13":"shipping-taxable","14":"purchasable","15":"product-type-simple"},"_links":{"self":[{"href":"https:\/\/doll.shop\/pl\/wp-json\/wp\/v2\/product\/32223","targetHints":{"allow":["GET"]}}],"collection":[{"href":"https:\/\/doll.shop\/pl\/wp-json\/wp\/v2\/product"}],"about":[{"href":"https:\/\/doll.shop\/pl\/wp-json\/wp\/v2\/types\/product"}],"replies":[{"embeddable":true,"href":"https:\/\/doll.shop\/pl\/wp-json\/wp\/v2\/comments?post=32223"}],"wp:featuredmedia":[{"embeddable":true,"href":"https:\/\/doll.shop\/pl\/wp-json\/wp\/v2\/media\/32281"}],"wp:attachment":[{"href":"https:\/\/doll.shop\/pl\/wp-json\/wp\/v2\/media?parent=32223"}],"wp:term":[{"taxonomy":"product_brand","embeddable":true,"href":"https:\/\/doll.shop\/pl\/wp-json\/wp\/v2\/product_brand?post=32223"},{"taxonomy":"product_cat","embeddable":true,"href":"https:\/\/doll.shop\/pl\/wp-json\/wp\/v2\/product_cat?post=32223"},{"taxonomy":"product_tag","embeddable":true,"href":"https:\/\/doll.shop\/pl\/wp-json\/wp\/v2\/product_tag?post=32223"}],"curies":[{"name":"wp","href":"https:\/\/api.w.org\/{rel}","templated":true}]}}