{"id":32093,"date":"2022-11-21T10:26:07","date_gmt":"2022-11-21T09:26:07","guid":{"rendered":"https:\/\/doll.shop\/produkt\/ak-doll-martha-165cm\/"},"modified":"2026-01-16T17:57:23","modified_gmt":"2026-01-16T16:57:23","slug":"ak-doll-martha-165cm","status":"publish","type":"product","link":"https:\/\/doll.shop\/pl\/produkt\/ak-doll-martha-165cm\/","title":{"rendered":"AK Doll Martha | 165cm"},"content":{"rendered":"","protected":false},"excerpt":{"rendered":"<p>Ta brunetka ma 165 cm wzrostu i przyci\u0105ga wzrok. Dzi\u0119ki bardzo realistycznemu rozmiarowi ta lalka erotyczna wygl\u0105da nieopisanie realistycznie. Ma bardzo smuk\u0142\u0105 budow\u0119 i atrakcyjne, d\u0142ugie nogi. Jej g\u00f3rna cz\u0119\u015b\u0107 cia\u0142a jest r\u00f3wnie\u017c bardzo szczup\u0142a, z wyj\u0105tkiem piersi. Ma p\u0142aski, bardzo wysportowany brzuch i wspania\u0142e, idealnie okr\u0105g\u0142e piersi. Jednak ta lalka nie jest przeznaczona tylko dla mi\u0142o\u015bnik\u00f3w piersi. Ma te\u017c \u015bwietny ty\u0142ek. A tak\u017ce pi\u0119kn\u0105 twarz, kt\u00f3ra jest idealnie symetryczna. Kiedy zobaczysz to pi\u0119kno po raz pierwszy, prawdopodobnie nie uwierzysz w\u0142asnym oczom. Trudno sobie wyobrazi\u0107, \u017ce kto\u015b mo\u017ce wygl\u0105da\u0107 tak dobrze w realu. Mo\u017cesz naprawd\u0119 zrobi\u0107 wszystko, co chcesz z t\u0105 lalk\u0105 erotyczn\u0105 AK Doll. Nie ma znaczenia, czy jeste\u015b bardziej w nastroju na przytulanie w \u0142\u00f3\u017cku, czy chcesz spe\u0142ni\u0107 swoje najdziksze fantazje z t\u0105 Sex Doll. Kiedy m\u00f3wimy, \u017ce wszystko jest mo\u017cliwe, mamy to na my\u015bli. Mo\u017cesz wypr\u00f3bowa\u0107 r\u00f3\u017cne pozycje podczas seksu, ale mo\u017cesz tak\u017ce zdecydowa\u0107 si\u0119 na odgrywanie r\u00f3l z lalk\u0105 od AK Doll. W ka\u017cdej chwili mo\u017cesz zdecydowa\u0107, co chcesz robi\u0107 ze swoj\u0105 wymarzon\u0105 kobiet\u0105.<\/p>\n<p>Nale\u017cy pami\u0119ta\u0107, \u017ce wszystkie modele AK Doll s\u0105 standardowo dostarczane ze zdejmowan\u0105 peruk\u0105. Je\u015bli chcesz mie\u0107 wszczepion\u0105 peruk\u0119, skontaktuj si\u0119 z nami, aby uzyska\u0107 wi\u0119cej informacji.<\/p>\n","protected":false},"featured_media":32099,"comment_status":"open","ping_status":"closed","template":"","meta":[],"product_brand":[],"product_cat":[813,707],"product_tag":[],"class_list":{"0":"post-32093","1":"product","2":"type-product","3":"status-publish","4":"has-post-thumbnail","6":"product_cat-lalki-angel-kiss-ak-dolls","7":"product_cat-sex-doll","8":"pa_brand-ak-doll-pl","10":"first","11":"onbackorder","12":"taxable","13":"shipping-taxable","14":"purchasable","15":"product-type-simple"},"_links":{"self":[{"href":"https:\/\/doll.shop\/pl\/wp-json\/wp\/v2\/product\/32093","targetHints":{"allow":["GET"]}}],"collection":[{"href":"https:\/\/doll.shop\/pl\/wp-json\/wp\/v2\/product"}],"about":[{"href":"https:\/\/doll.shop\/pl\/wp-json\/wp\/v2\/types\/product"}],"replies":[{"embeddable":true,"href":"https:\/\/doll.shop\/pl\/wp-json\/wp\/v2\/comments?post=32093"}],"wp:featuredmedia":[{"embeddable":true,"href":"https:\/\/doll.shop\/pl\/wp-json\/wp\/v2\/media\/32099"}],"wp:attachment":[{"href":"https:\/\/doll.shop\/pl\/wp-json\/wp\/v2\/media?parent=32093"}],"wp:term":[{"taxonomy":"product_brand","embeddable":true,"href":"https:\/\/doll.shop\/pl\/wp-json\/wp\/v2\/product_brand?post=32093"},{"taxonomy":"product_cat","embeddable":true,"href":"https:\/\/doll.shop\/pl\/wp-json\/wp\/v2\/product_cat?post=32093"},{"taxonomy":"product_tag","embeddable":true,"href":"https:\/\/doll.shop\/pl\/wp-json\/wp\/v2\/product_tag?post=32093"}],"curies":[{"name":"wp","href":"https:\/\/api.w.org\/{rel}","templated":true}]}}