{"id":31999,"date":"2023-02-09T11:19:43","date_gmt":"2023-02-09T10:19:43","guid":{"rendered":"https:\/\/doll.shop\/produkt\/ak-doll-maja-165cm\/"},"modified":"2025-12-05T12:29:02","modified_gmt":"2025-12-05T11:29:02","slug":"ak-doll-maja-165cm","status":"publish","type":"product","link":"https:\/\/doll.shop\/pl\/produkt\/ak-doll-maja-165cm\/","title":{"rendered":"AK Doll Maja | 165cm"},"content":{"rendered":"","protected":false},"excerpt":{"rendered":"<p>Maja to wysokiej jako\u015bci lalka erotyczna marki AK Doll, kt\u00f3ra wygl\u0105da znacznie lepiej ni\u017c w rzeczywisto\u015bci. Je\u015bli masz ochot\u0119 na niezapomnian\u0105 przygod\u0119 z pi\u0119kn\u0105 brunetk\u0105, zdecydowanie powiniene\u015b przyjrze\u0107 si\u0119 bli\u017cej tej lalce mi\u0142o\u015bci. Maja ma 165 cm wzrostu i dlatego mo\u017ce by\u0107 idealn\u0105 partnerk\u0105 dla Ciebie, niezale\u017cnie od Twojego wzrostu, wieku czy wielko\u015bci mi\u0119\u015bni. Maja ma czaruj\u0105c\u0105, pi\u0119kn\u0105 twarz z cudownymi, pe\u0142nymi ustami, kt\u00f3re zapraszaj\u0105 do poca\u0142unku. Opr\u00f3cz \u0142adnej twarzy, AK Doll Maja ma r\u00f3wnie\u017c cia\u0142o supermodelki z pi\u0119knymi pulchnymi piersiami. Je\u015bli zdecydujesz si\u0119 na t\u0119 lalk\u0119 erotyczn\u0105, kt\u00f3ra jest wykonana w ca\u0142o\u015bci z silikonu, twoje \u017cycie seksualne z pewno\u015bci\u0105 zostanie przeniesione na zupe\u0142nie nowy poziom.<\/p>\n","protected":false},"featured_media":32026,"comment_status":"open","ping_status":"closed","template":"","meta":[],"product_brand":[],"product_cat":[813,707],"product_tag":[],"class_list":{"0":"post-31999","1":"product","2":"type-product","3":"status-publish","4":"has-post-thumbnail","6":"product_cat-lalki-angel-kiss-ak-dolls","7":"product_cat-sex-doll","8":"pa_brand-ak-doll-pl","10":"first","11":"onbackorder","12":"taxable","13":"shipping-taxable","14":"purchasable","15":"product-type-simple"},"_links":{"self":[{"href":"https:\/\/doll.shop\/pl\/wp-json\/wp\/v2\/product\/31999","targetHints":{"allow":["GET"]}}],"collection":[{"href":"https:\/\/doll.shop\/pl\/wp-json\/wp\/v2\/product"}],"about":[{"href":"https:\/\/doll.shop\/pl\/wp-json\/wp\/v2\/types\/product"}],"replies":[{"embeddable":true,"href":"https:\/\/doll.shop\/pl\/wp-json\/wp\/v2\/comments?post=31999"}],"wp:featuredmedia":[{"embeddable":true,"href":"https:\/\/doll.shop\/pl\/wp-json\/wp\/v2\/media\/32026"}],"wp:attachment":[{"href":"https:\/\/doll.shop\/pl\/wp-json\/wp\/v2\/media?parent=31999"}],"wp:term":[{"taxonomy":"product_brand","embeddable":true,"href":"https:\/\/doll.shop\/pl\/wp-json\/wp\/v2\/product_brand?post=31999"},{"taxonomy":"product_cat","embeddable":true,"href":"https:\/\/doll.shop\/pl\/wp-json\/wp\/v2\/product_cat?post=31999"},{"taxonomy":"product_tag","embeddable":true,"href":"https:\/\/doll.shop\/pl\/wp-json\/wp\/v2\/product_tag?post=31999"}],"curies":[{"name":"wp","href":"https:\/\/api.w.org\/{rel}","templated":true}]}}