{"id":31853,"date":"2022-12-12T10:25:24","date_gmt":"2022-12-12T09:25:24","guid":{"rendered":"https:\/\/doll.shop\/produkt\/ak-doll-thea-175-cm\/"},"modified":"2025-12-05T12:29:43","modified_gmt":"2025-12-05T11:29:43","slug":"ak-doll-thea-175-cm","status":"publish","type":"product","link":"https:\/\/doll.shop\/pl\/produkt\/ak-doll-thea-175-cm\/","title":{"rendered":"AK Doll Thea | 175 cm"},"content":{"rendered":"","protected":false},"excerpt":{"rendered":"<p>Doll.shop przedstawia AK Doll Thea, wyj\u0105tkow\u0105 lalk\u0119 erotyczn\u0105 premium. Je\u015bli interesuj\u0105 Ci\u0119 tylko najlepsze z najlepszych, zdecydowanie nie powiniene\u015b przegapi\u0107 tej wspania\u0142ej brunetki. <\/p>\n<p>Ta Sex Doll jest bardzo imponuj\u0105ca i ma 175 cm wzrostu. To czyni j\u0105 idealnym partnerem dla wszystkich mi\u0142o\u015bnik\u00f3w wysokich kobiet. Thea ma czaruj\u0105co d\u0142ugie, smuk\u0142e nogi, kt\u00f3re szybko doprowadzaj\u0105 do szale\u0144stwa. Co wi\u0119cej, ta brunetka ma naprawd\u0119 wymarzone cia\u0142o. Ma pi\u0119kne, du\u017ce piersi, a tak\u017ce atrakcyjne, wysportowane po\u015bladki. Ponadto AK Doll Thea jest og\u00f3lnie bardzo szczup\u0142a i ma kobiece kr\u0105g\u0142o\u015bci tylko w odpowiednich miejscach. Thea ma bardzo jasny kolor sk\u00f3ry, dzi\u0119ki czemu wygl\u0105da bardzo elegancko. Ta lalka mi\u0142o\u015bci od marki AK Doll ma nie tylko idealne cia\u0142o, ale tak\u017ce bardzo urocz\u0105 i pi\u0119kn\u0105 twarz. Wyobra\u017a sobie pi\u0119kne i romantyczne chwile, kt\u00f3re mo\u017cesz sp\u0119dzi\u0107 z The\u0105 podczas kolacji. Mo\u017cesz tak\u017ce pu\u015bci\u0107 wodze fantazji i spe\u0142ni\u0107 wszystkie swoje seksualne pragnienia z t\u0105 wymarzon\u0105 kobiet\u0105.<\/p>\n","protected":false},"featured_media":31919,"comment_status":"open","ping_status":"closed","template":"","meta":[],"product_brand":[],"product_cat":[813,707],"product_tag":[],"class_list":{"0":"post-31853","1":"product","2":"type-product","3":"status-publish","4":"has-post-thumbnail","6":"product_cat-lalki-angel-kiss-ak-dolls","7":"product_cat-sex-doll","8":"pa_brand-ak-doll-pl","10":"first","11":"onbackorder","12":"taxable","13":"shipping-taxable","14":"purchasable","15":"product-type-simple"},"_links":{"self":[{"href":"https:\/\/doll.shop\/pl\/wp-json\/wp\/v2\/product\/31853","targetHints":{"allow":["GET"]}}],"collection":[{"href":"https:\/\/doll.shop\/pl\/wp-json\/wp\/v2\/product"}],"about":[{"href":"https:\/\/doll.shop\/pl\/wp-json\/wp\/v2\/types\/product"}],"replies":[{"embeddable":true,"href":"https:\/\/doll.shop\/pl\/wp-json\/wp\/v2\/comments?post=31853"}],"wp:featuredmedia":[{"embeddable":true,"href":"https:\/\/doll.shop\/pl\/wp-json\/wp\/v2\/media\/31919"}],"wp:attachment":[{"href":"https:\/\/doll.shop\/pl\/wp-json\/wp\/v2\/media?parent=31853"}],"wp:term":[{"taxonomy":"product_brand","embeddable":true,"href":"https:\/\/doll.shop\/pl\/wp-json\/wp\/v2\/product_brand?post=31853"},{"taxonomy":"product_cat","embeddable":true,"href":"https:\/\/doll.shop\/pl\/wp-json\/wp\/v2\/product_cat?post=31853"},{"taxonomy":"product_tag","embeddable":true,"href":"https:\/\/doll.shop\/pl\/wp-json\/wp\/v2\/product_tag?post=31853"}],"curies":[{"name":"wp","href":"https:\/\/api.w.org\/{rel}","templated":true}]}}