{"id":31838,"date":"2022-09-20T11:04:21","date_gmt":"2022-09-20T09:04:21","guid":{"rendered":"https:\/\/doll.shop\/produkt\/dodatkowa-para-oczu\/"},"modified":"2025-10-28T22:34:10","modified_gmt":"2025-10-28T21:34:10","slug":"dodatkowa-para-oczu","status":"publish","type":"product","link":"https:\/\/doll.shop\/pl\/produkt\/dodatkowa-para-oczu\/","title":{"rendered":"Dodatkowa para oczu"},"content":{"rendered":"","protected":false},"excerpt":{"rendered":"<p>Kup dodatkow\u0105 par\u0119 oczu dla swojej lalki erotycznej!<\/p>\n<p>W ten spos\u00f3b mo\u017cesz szybko nada\u0107 swojej seks lalce zupe\u0142nie inny wygl\u0105d. Mo\u017cesz zam\u00f3wi\u0107 oczy w r\u00f3\u017cnych kolorach w Doll.shop, aby mie\u0107 wi\u0119cej r\u00f3\u017cnorodno\u015bci w swoim \u017cyciu z lalk\u0105 erotyczn\u0105. Do wyboru s\u0105 cztery kolory: niebieski, zielony, br\u0105zowy i czarny. Na pewno znajdziesz kolor, kt\u00f3ry b\u0119dzie pasowa\u0142 do Twojej Sex Doll. Pary oczu, kt\u00f3re mo\u017cesz u nas zam\u00f3wi\u0107, pasuj\u0105 do wszystkich lalek erotycznych dowolnej marki!<\/p>\n","protected":false},"featured_media":32023,"comment_status":"open","ping_status":"closed","template":"","meta":[],"product_brand":[],"product_cat":[826],"product_tag":[],"class_list":{"0":"post-31838","1":"product","2":"type-product","3":"status-publish","4":"has-post-thumbnail","6":"product_cat-akcesoria-dla-lalek-erotycznych","7":"product_shipping_class-maly","9":"first","10":"instock","11":"taxable","12":"shipping-taxable","13":"purchasable","14":"product-type-variable"},"_links":{"self":[{"href":"https:\/\/doll.shop\/pl\/wp-json\/wp\/v2\/product\/31838","targetHints":{"allow":["GET"]}}],"collection":[{"href":"https:\/\/doll.shop\/pl\/wp-json\/wp\/v2\/product"}],"about":[{"href":"https:\/\/doll.shop\/pl\/wp-json\/wp\/v2\/types\/product"}],"replies":[{"embeddable":true,"href":"https:\/\/doll.shop\/pl\/wp-json\/wp\/v2\/comments?post=31838"}],"wp:featuredmedia":[{"embeddable":true,"href":"https:\/\/doll.shop\/pl\/wp-json\/wp\/v2\/media\/32023"}],"wp:attachment":[{"href":"https:\/\/doll.shop\/pl\/wp-json\/wp\/v2\/media?parent=31838"}],"wp:term":[{"taxonomy":"product_brand","embeddable":true,"href":"https:\/\/doll.shop\/pl\/wp-json\/wp\/v2\/product_brand?post=31838"},{"taxonomy":"product_cat","embeddable":true,"href":"https:\/\/doll.shop\/pl\/wp-json\/wp\/v2\/product_cat?post=31838"},{"taxonomy":"product_tag","embeddable":true,"href":"https:\/\/doll.shop\/pl\/wp-json\/wp\/v2\/product_tag?post=31838"}],"curies":[{"name":"wp","href":"https:\/\/api.w.org\/{rel}","templated":true}]}}