{"id":31696,"date":"2023-02-09T11:29:31","date_gmt":"2023-02-09T10:29:31","guid":{"rendered":"https:\/\/doll.shop\/produkt\/wm-lalka-thea-159-cm\/"},"modified":"2024-05-16T16:34:09","modified_gmt":"2024-05-16T14:34:09","slug":"wm-lalka-thea-159-cm","status":"publish","type":"product","link":"https:\/\/doll.shop\/pl\/produkt\/wm-lalka-thea-159-cm\/","title":{"rendered":"WM Lalka Thea | 159 cm"},"content":{"rendered":"","protected":false},"excerpt":{"rendered":"<p>WM Doll Thea wygl\u0105da jak o\u017cywiona blondynka z katalogu mody. Przy wzro\u015bcie 159 cm, ta lalka mi\u0142o\u015bci jest stosunkowo ma\u0142a i dlatego jest idealnym wyborem dla wszystkich m\u0119\u017cczyzn, kt\u00f3rzy uwa\u017caj\u0105 mniejsze kobiety za atrakcyjne. Thea wygl\u0105da troch\u0119 jak Kopciuszek i ma nie tylko pi\u0119kn\u0105 twarz, ale tak\u017ce niezwykle atrakcyjn\u0105, wysportowan\u0105 sylwetk\u0119. Je\u015bli szukasz kobiety z niespo\u017cyt\u0105 energi\u0105, WM Doll Thea mo\u017ce by\u0107 dla ciebie idealn\u0105 kobiet\u0105. Thea ma idealny b\u0105belkowy ty\u0142ek i cudowne, okr\u0105g\u0142e piersi, kt\u00f3re sprawiaj\u0105, \u017ce ka\u017cdy m\u0119\u017cczyzna si\u0119 poci.<\/p>\n","protected":false},"featured_media":31816,"comment_status":"open","ping_status":"closed","template":"","meta":[],"product_brand":[],"product_cat":[747,707],"product_tag":[],"class_list":{"0":"post-31696","1":"product","2":"type-product","3":"status-publish","4":"has-post-thumbnail","6":"product_cat-wm-doll-pl","7":"product_cat-sex-doll","8":"pa_brand-wm-doll-pl","10":"first","11":"onbackorder","12":"taxable","13":"shipping-taxable","14":"purchasable","15":"product-type-simple"},"_links":{"self":[{"href":"https:\/\/doll.shop\/pl\/wp-json\/wp\/v2\/product\/31696","targetHints":{"allow":["GET"]}}],"collection":[{"href":"https:\/\/doll.shop\/pl\/wp-json\/wp\/v2\/product"}],"about":[{"href":"https:\/\/doll.shop\/pl\/wp-json\/wp\/v2\/types\/product"}],"replies":[{"embeddable":true,"href":"https:\/\/doll.shop\/pl\/wp-json\/wp\/v2\/comments?post=31696"}],"wp:featuredmedia":[{"embeddable":true,"href":"https:\/\/doll.shop\/pl\/wp-json\/wp\/v2\/media\/31816"}],"wp:attachment":[{"href":"https:\/\/doll.shop\/pl\/wp-json\/wp\/v2\/media?parent=31696"}],"wp:term":[{"taxonomy":"product_brand","embeddable":true,"href":"https:\/\/doll.shop\/pl\/wp-json\/wp\/v2\/product_brand?post=31696"},{"taxonomy":"product_cat","embeddable":true,"href":"https:\/\/doll.shop\/pl\/wp-json\/wp\/v2\/product_cat?post=31696"},{"taxonomy":"product_tag","embeddable":true,"href":"https:\/\/doll.shop\/pl\/wp-json\/wp\/v2\/product_tag?post=31696"}],"curies":[{"name":"wp","href":"https:\/\/api.w.org\/{rel}","templated":true}]}}