{"id":31563,"date":"2022-10-27T09:39:50","date_gmt":"2022-10-27T07:39:50","guid":{"rendered":"https:\/\/doll.shop\/produkt\/firedoll-sarina-166-cm\/"},"modified":"2026-04-20T21:02:06","modified_gmt":"2026-04-20T19:02:06","slug":"firedoll-sarina-166-cm","status":"publish","type":"product","link":"https:\/\/doll.shop\/pl\/produkt\/firedoll-sarina-166-cm\/","title":{"rendered":"Firedoll Sarina | 166 cm"},"content":{"rendered":"","protected":false},"excerpt":{"rendered":"<p>Sarina to wysokiej jako\u015bci lalka erotyczna od marki Firedoll o wysoko\u015bci 166 cm. Ta kobieta naprawd\u0119 ma wszystko! Nie lekcewa\u017c tej pi\u0119kno\u015bci, poniewa\u017c potrafi by\u0107 naprawd\u0119 dzika.<\/p>\n<p>W tej chwili mo\u017cna kupi\u0107 t\u0119 wspania\u0142\u0105 lalk\u0119 erotyczn\u0105 w absolutnie uczciwej cenie w Doll.shop. Jeste\u015bmy najta\u0144szym dostawc\u0105 realistycznych Sex Doll w ca\u0142ej Polsce. Pami\u0119taj, aby kupi\u0107 swoj\u0105 now\u0105 lalk\u0119 erotyczn\u0105 od Doll.shop, zaufanego sprzedawcy.<\/p>\n","protected":false},"featured_media":31566,"comment_status":"open","ping_status":"closed","template":"","meta":[],"product_brand":[],"product_cat":[794,707],"product_tag":[],"class_list":{"0":"post-31563","1":"product","2":"type-product","3":"status-publish","4":"has-post-thumbnail","6":"product_cat-firedoll-pl","7":"product_cat-sex-doll","8":"pa_brand-firedoll-pl","10":"first","11":"instock","12":"sale","13":"taxable","14":"shipping-taxable","15":"purchasable","16":"product-type-simple"},"_links":{"self":[{"href":"https:\/\/doll.shop\/pl\/wp-json\/wp\/v2\/product\/31563","targetHints":{"allow":["GET"]}}],"collection":[{"href":"https:\/\/doll.shop\/pl\/wp-json\/wp\/v2\/product"}],"about":[{"href":"https:\/\/doll.shop\/pl\/wp-json\/wp\/v2\/types\/product"}],"replies":[{"embeddable":true,"href":"https:\/\/doll.shop\/pl\/wp-json\/wp\/v2\/comments?post=31563"}],"wp:featuredmedia":[{"embeddable":true,"href":"https:\/\/doll.shop\/pl\/wp-json\/wp\/v2\/media\/31566"}],"wp:attachment":[{"href":"https:\/\/doll.shop\/pl\/wp-json\/wp\/v2\/media?parent=31563"}],"wp:term":[{"taxonomy":"product_brand","embeddable":true,"href":"https:\/\/doll.shop\/pl\/wp-json\/wp\/v2\/product_brand?post=31563"},{"taxonomy":"product_cat","embeddable":true,"href":"https:\/\/doll.shop\/pl\/wp-json\/wp\/v2\/product_cat?post=31563"},{"taxonomy":"product_tag","embeddable":true,"href":"https:\/\/doll.shop\/pl\/wp-json\/wp\/v2\/product_tag?post=31563"}],"curies":[{"name":"wp","href":"https:\/\/api.w.org\/{rel}","templated":true}]}}