{"id":31562,"date":"2023-02-09T10:59:19","date_gmt":"2023-02-09T09:59:19","guid":{"rendered":"https:\/\/doll.shop\/produkt\/ak-doll-alessia-175-cm\/"},"modified":"2026-03-10T22:20:20","modified_gmt":"2026-03-10T21:20:20","slug":"ak-doll-alessia-175-cm","status":"publish","type":"product","link":"https:\/\/doll.shop\/pl\/produkt\/ak-doll-alessia-175-cm\/","title":{"rendered":"AK Doll Alessia | 175 cm"},"content":{"rendered":"","protected":false},"excerpt":{"rendered":"<p>Ta pi\u0119kna blondynka od marki AK Doll wyr\u00f3\u017cnia si\u0119 niesamowicie wysportowan\u0105 sylwetk\u0105. Alessia ma czaruj\u0105cy u\u015bmiech, kt\u00f3ry doprowadza ka\u017cdego m\u0119\u017cczyzn\u0119 do szale\u0144stwa. Przy wzro\u015bcie 175 cm ta lalka erotyczna jest do\u015b\u0107 du\u017ca. Dlatego AK Doll Alessia jest idealnym wyborem dla wszystkich m\u0119\u017cczyzn, kt\u00f3rzy lubi\u0105 wysokie kobiety. Alessia ma wspania\u0142e piersi i dobrze wyrze\u017abione po\u015bladki. D\u0142ugie, smuk\u0142e nogi i wyj\u0105tkowo p\u0142aski brzuch dodatkowo podkre\u015blaj\u0105 sportowy charakter tej lalki erotycznej. Alessia jest wykonana w ca\u0142o\u015bci z silikonu i dlatego jest nie tylko niezwykle wysokiej jako\u015bci, ale tak\u017ce niezwykle realistyczna.<\/p>\n","protected":false},"featured_media":31636,"comment_status":"open","ping_status":"closed","template":"","meta":[],"product_brand":[],"product_cat":[813,707],"product_tag":[],"class_list":{"0":"post-31562","1":"product","2":"type-product","3":"status-publish","4":"has-post-thumbnail","6":"product_cat-lalki-angel-kiss-ak-dolls","7":"product_cat-sex-doll","8":"pa_brand-ak-doll-pl","10":"first","11":"onbackorder","12":"taxable","13":"shipping-taxable","14":"purchasable","15":"product-type-simple"},"_links":{"self":[{"href":"https:\/\/doll.shop\/pl\/wp-json\/wp\/v2\/product\/31562","targetHints":{"allow":["GET"]}}],"collection":[{"href":"https:\/\/doll.shop\/pl\/wp-json\/wp\/v2\/product"}],"about":[{"href":"https:\/\/doll.shop\/pl\/wp-json\/wp\/v2\/types\/product"}],"replies":[{"embeddable":true,"href":"https:\/\/doll.shop\/pl\/wp-json\/wp\/v2\/comments?post=31562"}],"wp:featuredmedia":[{"embeddable":true,"href":"https:\/\/doll.shop\/pl\/wp-json\/wp\/v2\/media\/31636"}],"wp:attachment":[{"href":"https:\/\/doll.shop\/pl\/wp-json\/wp\/v2\/media?parent=31562"}],"wp:term":[{"taxonomy":"product_brand","embeddable":true,"href":"https:\/\/doll.shop\/pl\/wp-json\/wp\/v2\/product_brand?post=31562"},{"taxonomy":"product_cat","embeddable":true,"href":"https:\/\/doll.shop\/pl\/wp-json\/wp\/v2\/product_cat?post=31562"},{"taxonomy":"product_tag","embeddable":true,"href":"https:\/\/doll.shop\/pl\/wp-json\/wp\/v2\/product_tag?post=31562"}],"curies":[{"name":"wp","href":"https:\/\/api.w.org\/{rel}","templated":true}]}}