{"id":31485,"date":"2022-03-28T13:53:26","date_gmt":"2022-03-28T11:53:26","guid":{"rendered":"https:\/\/doll.shop\/produkt\/firedoll-zora-166-cm\/"},"modified":"2026-05-03T23:37:17","modified_gmt":"2026-05-03T21:37:17","slug":"firedoll-zora-166-cm","status":"publish","type":"product","link":"https:\/\/doll.shop\/pl\/produkt\/firedoll-zora-166-cm\/","title":{"rendered":"Firedoll Zora | 166 cm"},"content":{"rendered":"","protected":false},"excerpt":{"rendered":"<p>Firedoll Zora to niesamowita Latynoska z cia\u0142em modelki. Dzi\u0119ki rozmiarowi 166 cm ta seks lalka od Firedoll wygl\u0105da niezwykle realistycznie. Wyr\u00f3\u017cnia si\u0119 z t\u0142umu swoimi wyj\u0105tkowymi czerwono-br\u0105zowymi w\u0142osami i bezczeln\u0105, ale ujmuj\u0105c\u0105 charyzm\u0105. Daj si\u0119 zaskoczy\u0107 i dowiedz si\u0119, co tak naprawd\u0119 sprawia, \u017ce Zora dzia\u0142a. Mo\u017cemy zapewni\u0107 Ci\u0119 o jednym: z t\u0105 Latynosk\u0105 nie b\u0119dziesz si\u0119 nudzi\u0107.<\/p>\n","protected":false},"featured_media":31496,"comment_status":"open","ping_status":"closed","template":"","meta":[],"product_brand":[],"product_cat":[794,707],"product_tag":[],"class_list":{"0":"post-31485","1":"product","2":"type-product","3":"status-publish","4":"has-post-thumbnail","6":"product_cat-firedoll-pl","7":"product_cat-sex-doll","8":"pa_brand-firedoll-pl","10":"first","11":"instock","12":"sale","13":"featured","14":"taxable","15":"shipping-taxable","16":"purchasable","17":"product-type-simple"},"_links":{"self":[{"href":"https:\/\/doll.shop\/pl\/wp-json\/wp\/v2\/product\/31485","targetHints":{"allow":["GET"]}}],"collection":[{"href":"https:\/\/doll.shop\/pl\/wp-json\/wp\/v2\/product"}],"about":[{"href":"https:\/\/doll.shop\/pl\/wp-json\/wp\/v2\/types\/product"}],"replies":[{"embeddable":true,"href":"https:\/\/doll.shop\/pl\/wp-json\/wp\/v2\/comments?post=31485"}],"wp:featuredmedia":[{"embeddable":true,"href":"https:\/\/doll.shop\/pl\/wp-json\/wp\/v2\/media\/31496"}],"wp:attachment":[{"href":"https:\/\/doll.shop\/pl\/wp-json\/wp\/v2\/media?parent=31485"}],"wp:term":[{"taxonomy":"product_brand","embeddable":true,"href":"https:\/\/doll.shop\/pl\/wp-json\/wp\/v2\/product_brand?post=31485"},{"taxonomy":"product_cat","embeddable":true,"href":"https:\/\/doll.shop\/pl\/wp-json\/wp\/v2\/product_cat?post=31485"},{"taxonomy":"product_tag","embeddable":true,"href":"https:\/\/doll.shop\/pl\/wp-json\/wp\/v2\/product_tag?post=31485"}],"curies":[{"name":"wp","href":"https:\/\/api.w.org\/{rel}","templated":true}]}}