{"id":31438,"date":"2022-03-24T10:47:53","date_gmt":"2022-03-24T09:47:53","guid":{"rendered":"https:\/\/doll.shop\/produkt\/lalka-erotyczna-yara-158-cm\/"},"modified":"2026-04-22T10:36:32","modified_gmt":"2026-04-22T08:36:32","slug":"lalka-erotyczna-yara-158-cm","status":"publish","type":"product","link":"https:\/\/doll.shop\/pl\/produkt\/lalka-erotyczna-yara-158-cm\/","title":{"rendered":"EL doll Riley | 158 cm"},"content":{"rendered":"<p>RF Doll Yara nie bez powodu jest naszym bestsellerem. Ta Sex Doll ma 158 cm wzrostu i wspania\u0142e ciemnobr\u0105zowe w\u0142osy. Ze wzgl\u0119du na sw\u00f3j rozmiar, model ten jest \u0142atwy w obs\u0142udze. Yara ma bardzo uderzaj\u0105cy, uwodzicielski wygl\u0105d. Kiedy ju\u017c zobaczysz to pi\u0119kno, nie b\u0119dziesz m\u00f3g\u0142 oderwa\u0107 od niej wzroku.    <\/p>\n<h3>Plusy tej lalki erotycznej:<\/h3>\n<ul>\n<li>Naturalnej wysoko\u015bci (158 cm)<\/li>\n<li>Renomowana marka<\/li>\n<li>Ulubieniec klient\u00f3w<\/li>\n<li>Niesamowity stosunek ceny do jako\u015bci<\/li>\n<\/ul>\n<h3>Jako\u015b\u0107 w RF Doll<\/h3>\n<p>Wszystkie lalki mi\u0142osne RF Doll s\u0105 wykonane z TPE (termoplastycznego elastomeru), kt\u00f3ry nadaje sk\u00f3rze lalek bardzo naturalny wygl\u0105d. Dla lepszej stabilno\u015bci i \u0142atwiejszego przenoszenia, wszystkie lalki RF Doll maj\u0105 standardowo stop\u0119 z wbudowan\u0105 funkcj\u0105 stania (znan\u0105 r\u00f3wnie\u017c jako stopa stoj\u0105ca). Ka\u017cda lalka tej marki ma r\u00f3wnie\u017c szkielet, kt\u00f3ry jest wykonany z metalu. Ten wewn\u0119trzny szkielet jest bardzo stabilny i mocny oraz zapewnia lalce dodatkow\u0105 stabilno\u015b\u0107.   <\/p>\n<h3>Mo\u017cliwo\u015bci seksualne z Yar\u0105<\/h3>\n<p>Yara jest naprawd\u0119 dzika. Yara to idealna partnerka seksualna dla Ciebie. Je\u015bli nie jeste\u015b w nastroju i chcesz po prostu zrelaksowa\u0107 si\u0119 na kanapie, nie ma problemu. Yara jest naprawd\u0119 spontaniczna i zrobi wszystko, na co masz ochot\u0119. Dzi\u0119ki Yarze Twoje wieczory z pewno\u015bci\u0105 nie b\u0119d\u0105 samotne, a Twoje \u017cycie seksualne wejdzie na zupe\u0142nie nowy poziom dzi\u0119ki tej atrakcyjnej lalce. Czy chcia\u0142by\u015b, aby napalona i ch\u0119tna brunetka zrobi\u0142a Ci loda, aby uczci\u0107 d\u0142ugi tydzie\u0144 w pracy? To \u017caden problem! Yara mo\u017ce spe\u0142ni\u0107 ka\u017cde Twoje seksualne pragnienie. Je\u015bli wolisz uprawia\u0107 normalny seks z Yar\u0105, nic nie stoi na przeszkodzie. Najlepiej jest u\u017cy\u0107 lubrykantu na bazie wody, aby uzyska\u0107 przyjemniejsze doznania seksualne. Wolisz j\u0105 wzi\u0105\u0107 od ty\u0142u? Dzi\u0119ki wbudowanemu metalowemu szkieletowi i stopie z funkcj\u0105 stania z pewno\u015bci\u0105 nie jest to ju\u017c problemem. Mo\u017cesz eksperymentowa\u0107 z niezliczonymi pozycjami. Je\u015bli chcesz wzi\u0105\u0107 Yar\u0119 od ty\u0142u, ale bardziej lubisz seks analny, to te\u017c nie jest przeszkod\u0105. Z tym \u015br\u00f3dziemnomorskim pi\u0119knem mo\u017cesz spe\u0142ni\u0107 wszystkie swoje fantazje.              <\/p>\n","protected":false},"excerpt":{"rendered":"<p>EL doll Riley jest bardzo atrakcyjn\u0105 brunetk\u0105. Ma pi\u0119kne orzechowe oczy i wyr\u00f3\u017cnia si\u0119 pi\u0119knym wygl\u0105dem. Gdy tylko spojrzysz jej w oczy, nie mo\u017cesz oderwa\u0107 od niej wzroku. Riley wa\u017cy 32 kilogramy. Ma 158 cm wzrostu i wspania\u0142e ciemnobr\u0105zowe w\u0142osy. Je\u015bli lubisz \u015br\u00f3dziemnomorskie brunetki, zdecydowanie powiniene\u015b przyjrze\u0107 si\u0119 Riley.     <\/p>\n","protected":false},"featured_media":952239,"comment_status":"open","ping_status":"closed","template":"","meta":[],"product_brand":[],"product_cat":[707,708],"product_tag":[],"class_list":{"0":"post-31438","1":"product","2":"type-product","3":"status-publish","4":"has-post-thumbnail","6":"product_cat-sex-doll","7":"product_cat-rf-doll-pl","8":"pa_brand-el-doll","10":"first","11":"instock","12":"sale","13":"featured","14":"taxable","15":"shipping-taxable","16":"purchasable","17":"product-type-simple"},"_links":{"self":[{"href":"https:\/\/doll.shop\/pl\/wp-json\/wp\/v2\/product\/31438","targetHints":{"allow":["GET"]}}],"collection":[{"href":"https:\/\/doll.shop\/pl\/wp-json\/wp\/v2\/product"}],"about":[{"href":"https:\/\/doll.shop\/pl\/wp-json\/wp\/v2\/types\/product"}],"replies":[{"embeddable":true,"href":"https:\/\/doll.shop\/pl\/wp-json\/wp\/v2\/comments?post=31438"}],"wp:featuredmedia":[{"embeddable":true,"href":"https:\/\/doll.shop\/pl\/wp-json\/wp\/v2\/media\/952239"}],"wp:attachment":[{"href":"https:\/\/doll.shop\/pl\/wp-json\/wp\/v2\/media?parent=31438"}],"wp:term":[{"taxonomy":"product_brand","embeddable":true,"href":"https:\/\/doll.shop\/pl\/wp-json\/wp\/v2\/product_brand?post=31438"},{"taxonomy":"product_cat","embeddable":true,"href":"https:\/\/doll.shop\/pl\/wp-json\/wp\/v2\/product_cat?post=31438"},{"taxonomy":"product_tag","embeddable":true,"href":"https:\/\/doll.shop\/pl\/wp-json\/wp\/v2\/product_tag?post=31438"}],"curies":[{"name":"wp","href":"https:\/\/api.w.org\/{rel}","templated":true}]}}