{"id":31330,"date":"2022-04-21T13:57:42","date_gmt":"2022-04-21T11:57:42","guid":{"rendered":"https:\/\/doll.shop\/produkt\/wm-doll-cato-166-cm\/"},"modified":"2025-12-05T12:37:41","modified_gmt":"2025-12-05T11:37:41","slug":"wm-doll-cato-166-cm","status":"publish","type":"product","link":"https:\/\/doll.shop\/pl\/produkt\/wm-doll-cato-166-cm\/","title":{"rendered":"WM Doll Cato | 166 cm"},"content":{"rendered":"","protected":false},"excerpt":{"rendered":"<p>WM Doll Cato jest naprawd\u0119 urocz\u0105 brunetk\u0105. Ta wspania\u0142a kobieta wyr\u00f3\u017cnia si\u0119 dzik\u0105, kr\u0119con\u0105 fryzur\u0105. Wygl\u0105da tak uroczo w pewien spos\u00f3b. Pytanie brzmi, co sprawia, \u017ce Cato dzia\u0142a w prawdziwym \u017cyciu? To w du\u017cej mierze zale\u017cy od ciebie, poniewa\u017c Cato jest naprawd\u0119 elastyczna i chce tylko Ci\u0119 zadowoli\u0107. Poznaj t\u0119 modelk\u0119 ju\u017c teraz i ciesz si\u0119 jej idealn\u0105 figur\u0105 i pi\u0119knymi, pe\u0142nymi piersiami.<\/p>\n","protected":false},"featured_media":31392,"comment_status":"open","ping_status":"closed","template":"","meta":[],"product_brand":[],"product_cat":[747,707],"product_tag":[],"class_list":{"0":"post-31330","1":"product","2":"type-product","3":"status-publish","4":"has-post-thumbnail","6":"product_cat-wm-doll-pl","7":"product_cat-sex-doll","8":"pa_brand-wm-doll-pl","10":"first","11":"onbackorder","12":"taxable","13":"shipping-taxable","14":"purchasable","15":"product-type-simple"},"_links":{"self":[{"href":"https:\/\/doll.shop\/pl\/wp-json\/wp\/v2\/product\/31330","targetHints":{"allow":["GET"]}}],"collection":[{"href":"https:\/\/doll.shop\/pl\/wp-json\/wp\/v2\/product"}],"about":[{"href":"https:\/\/doll.shop\/pl\/wp-json\/wp\/v2\/types\/product"}],"replies":[{"embeddable":true,"href":"https:\/\/doll.shop\/pl\/wp-json\/wp\/v2\/comments?post=31330"}],"wp:featuredmedia":[{"embeddable":true,"href":"https:\/\/doll.shop\/pl\/wp-json\/wp\/v2\/media\/31392"}],"wp:attachment":[{"href":"https:\/\/doll.shop\/pl\/wp-json\/wp\/v2\/media?parent=31330"}],"wp:term":[{"taxonomy":"product_brand","embeddable":true,"href":"https:\/\/doll.shop\/pl\/wp-json\/wp\/v2\/product_brand?post=31330"},{"taxonomy":"product_cat","embeddable":true,"href":"https:\/\/doll.shop\/pl\/wp-json\/wp\/v2\/product_cat?post=31330"},{"taxonomy":"product_tag","embeddable":true,"href":"https:\/\/doll.shop\/pl\/wp-json\/wp\/v2\/product_tag?post=31330"}],"curies":[{"name":"wp","href":"https:\/\/api.w.org\/{rel}","templated":true}]}}