{"id":31213,"date":"2022-06-09T10:38:51","date_gmt":"2022-06-09T08:38:51","guid":{"rendered":"https:\/\/doll.shop\/produkt\/lalka-milosci-jessica-157-cm\/"},"modified":"2025-12-05T12:36:24","modified_gmt":"2025-12-05T11:36:24","slug":"lalka-milosci-jessica-157-cm","status":"publish","type":"product","link":"https:\/\/doll.shop\/pl\/produkt\/lalka-milosci-jessica-157-cm\/","title":{"rendered":"Lalka erotyczna Jessica | 157 cm"},"content":{"rendered":"","protected":false},"excerpt":{"rendered":"<p>WM Doll Jessica przyci\u0105ga wzrok. Ta blondynka to prawdziwy anio\u0142. Pozostaje tylko pytanie, jaka jest Jessica w prawdziwym \u017cyciu. Nie czekaj d\u0142u\u017cej i przekonaj si\u0119 szybko! Je\u015bli uwa\u017casz, \u017ce blondynki s\u0105 atrakcyjne, zdecydowanie powiniene\u015b przyjrze\u0107 si\u0119 bli\u017cej tej premium seks lalce. Czy jeste\u015b gotowy\/a na now\u0105 przygod\u0119 w swoim \u017cyciu? W takim razie zajrzyj do Doll.shop ju\u017c teraz!<\/p>\n","protected":false},"featured_media":31258,"comment_status":"open","ping_status":"closed","template":"","meta":[],"product_brand":[],"product_cat":[707,747],"product_tag":[],"class_list":{"0":"post-31213","1":"product","2":"type-product","3":"status-publish","4":"has-post-thumbnail","6":"product_cat-sex-doll","7":"product_cat-wm-doll-pl","8":"pa_brand-wm-doll-pl","10":"first","11":"onbackorder","12":"taxable","13":"shipping-taxable","14":"purchasable","15":"product-type-simple"},"_links":{"self":[{"href":"https:\/\/doll.shop\/pl\/wp-json\/wp\/v2\/product\/31213","targetHints":{"allow":["GET"]}}],"collection":[{"href":"https:\/\/doll.shop\/pl\/wp-json\/wp\/v2\/product"}],"about":[{"href":"https:\/\/doll.shop\/pl\/wp-json\/wp\/v2\/types\/product"}],"replies":[{"embeddable":true,"href":"https:\/\/doll.shop\/pl\/wp-json\/wp\/v2\/comments?post=31213"}],"wp:featuredmedia":[{"embeddable":true,"href":"https:\/\/doll.shop\/pl\/wp-json\/wp\/v2\/media\/31258"}],"wp:attachment":[{"href":"https:\/\/doll.shop\/pl\/wp-json\/wp\/v2\/media?parent=31213"}],"wp:term":[{"taxonomy":"product_brand","embeddable":true,"href":"https:\/\/doll.shop\/pl\/wp-json\/wp\/v2\/product_brand?post=31213"},{"taxonomy":"product_cat","embeddable":true,"href":"https:\/\/doll.shop\/pl\/wp-json\/wp\/v2\/product_cat?post=31213"},{"taxonomy":"product_tag","embeddable":true,"href":"https:\/\/doll.shop\/pl\/wp-json\/wp\/v2\/product_tag?post=31213"}],"curies":[{"name":"wp","href":"https:\/\/api.w.org\/{rel}","templated":true}]}}