{"id":31167,"date":"2022-04-21T14:11:21","date_gmt":"2022-04-21T12:11:21","guid":{"rendered":"https:\/\/doll.shop\/produkt\/wm-doll-chantal-164-cm\/"},"modified":"2026-03-11T04:04:56","modified_gmt":"2026-03-11T03:04:56","slug":"wm-doll-chantal-164-cm","status":"publish","type":"product","link":"https:\/\/doll.shop\/pl\/produkt\/wm-doll-chantal-164-cm\/","title":{"rendered":"WM Doll Chantal | 164 cm"},"content":{"rendered":"","protected":false},"excerpt":{"rendered":"<p>WM Doll Chantal to wymarzona premium Sex Doll. Wiesz, co jest wspania\u0142e: nie musi by\u0107 uwi\u0119ziona w swoich snach! Wybierz lalk\u0119 erotyczn\u0105 Chantal ju\u017c teraz, a mo\u017ce ona pojawi\u0107 si\u0119 w Twoim domu w ci\u0105gu zaledwie tygodnia. Przy wzro\u015bcie 164 cm ta azjatycka kobieta marze\u0144 jest bardzo realistyczna.<\/p>\n","protected":false},"featured_media":31230,"comment_status":"open","ping_status":"closed","template":"","meta":[],"product_brand":[],"product_cat":[747,707],"product_tag":[],"class_list":{"0":"post-31167","1":"product","2":"type-product","3":"status-publish","4":"has-post-thumbnail","6":"product_cat-wm-doll-pl","7":"product_cat-sex-doll","8":"pa_brand-wm-doll-pl","10":"first","11":"onbackorder","12":"taxable","13":"shipping-taxable","14":"purchasable","15":"product-type-simple"},"_links":{"self":[{"href":"https:\/\/doll.shop\/pl\/wp-json\/wp\/v2\/product\/31167","targetHints":{"allow":["GET"]}}],"collection":[{"href":"https:\/\/doll.shop\/pl\/wp-json\/wp\/v2\/product"}],"about":[{"href":"https:\/\/doll.shop\/pl\/wp-json\/wp\/v2\/types\/product"}],"replies":[{"embeddable":true,"href":"https:\/\/doll.shop\/pl\/wp-json\/wp\/v2\/comments?post=31167"}],"wp:featuredmedia":[{"embeddable":true,"href":"https:\/\/doll.shop\/pl\/wp-json\/wp\/v2\/media\/31230"}],"wp:attachment":[{"href":"https:\/\/doll.shop\/pl\/wp-json\/wp\/v2\/media?parent=31167"}],"wp:term":[{"taxonomy":"product_brand","embeddable":true,"href":"https:\/\/doll.shop\/pl\/wp-json\/wp\/v2\/product_brand?post=31167"},{"taxonomy":"product_cat","embeddable":true,"href":"https:\/\/doll.shop\/pl\/wp-json\/wp\/v2\/product_cat?post=31167"},{"taxonomy":"product_tag","embeddable":true,"href":"https:\/\/doll.shop\/pl\/wp-json\/wp\/v2\/product_tag?post=31167"}],"curies":[{"name":"wp","href":"https:\/\/api.w.org\/{rel}","templated":true}]}}