{"id":31137,"date":"2022-04-15T08:34:52","date_gmt":"2022-04-15T06:34:52","guid":{"rendered":"https:\/\/doll.shop\/produkt\/lalka-erotyczna-maeko-157-cm\/"},"modified":"2026-03-11T06:27:29","modified_gmt":"2026-03-11T05:27:29","slug":"lalka-erotyczna-maeko-157-cm","status":"publish","type":"product","link":"https:\/\/doll.shop\/pl\/produkt\/lalka-erotyczna-maeko-157-cm\/","title":{"rendered":"Lalka erotyczna Maeko | 157 cm"},"content":{"rendered":"","protected":false},"excerpt":{"rendered":"<p>RF Doll Maeko jest naprawd\u0119 wyj\u0105tkowa. Ta blondynka wyr\u00f3\u017cnia si\u0119 niezwykle realistyczn\u0105 i pi\u0119kn\u0105 twarz\u0105. Maeko ma r\u00f3wnie\u017c bardzo po\u017c\u0105dane cia\u0142o. Je\u015bli jeste\u015b mi\u0142o\u015bnikiem azjatyckich kobiet, powiniene\u015b przyjrze\u0107 si\u0119 bli\u017cej tej pi\u0119kno\u015bci! Maeko ma realistyczny wzrost 157 cm i wa\u017cy 32 kilogramy.<\/p>\n","protected":false},"featured_media":31198,"comment_status":"open","ping_status":"closed","template":"","meta":[],"product_brand":[],"product_cat":[707,708],"product_tag":[],"class_list":{"0":"post-31137","1":"product","2":"type-product","3":"status-publish","4":"has-post-thumbnail","6":"product_cat-sex-doll","7":"product_cat-rf-doll-pl","8":"pa_brand-rf-doll-pl","10":"first","11":"outofstock","12":"taxable","13":"shipping-taxable","14":"purchasable","15":"product-type-simple"},"_links":{"self":[{"href":"https:\/\/doll.shop\/pl\/wp-json\/wp\/v2\/product\/31137","targetHints":{"allow":["GET"]}}],"collection":[{"href":"https:\/\/doll.shop\/pl\/wp-json\/wp\/v2\/product"}],"about":[{"href":"https:\/\/doll.shop\/pl\/wp-json\/wp\/v2\/types\/product"}],"replies":[{"embeddable":true,"href":"https:\/\/doll.shop\/pl\/wp-json\/wp\/v2\/comments?post=31137"}],"wp:featuredmedia":[{"embeddable":true,"href":"https:\/\/doll.shop\/pl\/wp-json\/wp\/v2\/media\/31198"}],"wp:attachment":[{"href":"https:\/\/doll.shop\/pl\/wp-json\/wp\/v2\/media?parent=31137"}],"wp:term":[{"taxonomy":"product_brand","embeddable":true,"href":"https:\/\/doll.shop\/pl\/wp-json\/wp\/v2\/product_brand?post=31137"},{"taxonomy":"product_cat","embeddable":true,"href":"https:\/\/doll.shop\/pl\/wp-json\/wp\/v2\/product_cat?post=31137"},{"taxonomy":"product_tag","embeddable":true,"href":"https:\/\/doll.shop\/pl\/wp-json\/wp\/v2\/product_tag?post=31137"}],"curies":[{"name":"wp","href":"https:\/\/api.w.org\/{rel}","templated":true}]}}