{"id":31064,"date":"2022-04-22T08:13:49","date_gmt":"2022-04-22T06:13:49","guid":{"rendered":"https:\/\/doll.shop\/produkt\/wm-lalka-jill-172-cm\/"},"modified":"2025-12-05T12:37:01","modified_gmt":"2025-12-05T11:37:01","slug":"wm-lalka-jill-172-cm","status":"publish","type":"product","link":"https:\/\/doll.shop\/pl\/produkt\/wm-lalka-jill-172-cm\/","title":{"rendered":"WM Lalka Jill | 172 cm"},"content":{"rendered":"","protected":false},"excerpt":{"rendered":"<p>WM Doll Jill to czaruj\u0105ca Azjatka, kt\u00f3ra os\u0142odzi ci \u017cycie. Mierz\u0105ca 172 cm wzrostu Jill jest idealna dla ka\u017cdego, kto lubi wy\u017csze kobiety. Jill ma idealn\u0105, szczup\u0142\u0105 sylwetk\u0119 i stosunkowo ma\u0142e piersi. Nie wahaj si\u0119 zbyt d\u0142ugo i poznaj t\u0119 wymarzon\u0105 kobiet\u0119, nie po\u017ca\u0142ujesz! Nale\u017cy pami\u0119ta\u0107, \u017ce ten model jest dostarczany w lekko opalonym kolorze sk\u00f3ry. Jill jest r\u00f3wnie\u017c pokazana na zdj\u0119ciach z wszczepion\u0105 peruk\u0105. Jest on jednak wysy\u0142any ze zdejmowan\u0105 peruk\u0105.<\/p>\n","protected":false},"featured_media":31106,"comment_status":"open","ping_status":"closed","template":"","meta":[],"product_brand":[],"product_cat":[747,707],"product_tag":[],"class_list":{"0":"post-31064","1":"product","2":"type-product","3":"status-publish","4":"has-post-thumbnail","6":"product_cat-wm-doll-pl","7":"product_cat-sex-doll","8":"pa_brand-wm-doll-pl","10":"first","11":"onbackorder","12":"taxable","13":"shipping-taxable","14":"purchasable","15":"product-type-simple"},"_links":{"self":[{"href":"https:\/\/doll.shop\/pl\/wp-json\/wp\/v2\/product\/31064","targetHints":{"allow":["GET"]}}],"collection":[{"href":"https:\/\/doll.shop\/pl\/wp-json\/wp\/v2\/product"}],"about":[{"href":"https:\/\/doll.shop\/pl\/wp-json\/wp\/v2\/types\/product"}],"replies":[{"embeddable":true,"href":"https:\/\/doll.shop\/pl\/wp-json\/wp\/v2\/comments?post=31064"}],"wp:featuredmedia":[{"embeddable":true,"href":"https:\/\/doll.shop\/pl\/wp-json\/wp\/v2\/media\/31106"}],"wp:attachment":[{"href":"https:\/\/doll.shop\/pl\/wp-json\/wp\/v2\/media?parent=31064"}],"wp:term":[{"taxonomy":"product_brand","embeddable":true,"href":"https:\/\/doll.shop\/pl\/wp-json\/wp\/v2\/product_brand?post=31064"},{"taxonomy":"product_cat","embeddable":true,"href":"https:\/\/doll.shop\/pl\/wp-json\/wp\/v2\/product_cat?post=31064"},{"taxonomy":"product_tag","embeddable":true,"href":"https:\/\/doll.shop\/pl\/wp-json\/wp\/v2\/product_tag?post=31064"}],"curies":[{"name":"wp","href":"https:\/\/api.w.org\/{rel}","templated":true}]}}